{"id":127954,"date":"2026-05-07T00:05:20","date_gmt":"2026-05-07T03:05:20","guid":{"rendered":"https:\/\/www.hediyepazar.com\/?product=nostaljik-tasarimli-yagsiz-misir-patlatma-makinesi-2"},"modified":"2026-05-07T00:05:20","modified_gmt":"2026-05-07T03:05:20","slug":"nostaljik-tasarimli-yagsiz-misir-patlatma-makinesi-2","status":"publish","type":"product","link":"https:\/\/www.hediyepazar.com\/?product=nostaljik-tasarimli-yagsiz-misir-patlatma-makinesi-2","title":{"rendered":"Nostaljik Tasar\u0131ml\u0131 Ya\u011fs\u0131z M\u0131s\u0131r Patlatma Makinesi"},"content":{"rendered":"<p>S\u0131cak hava ile \u00e7al\u0131\u015fan popcorn makinesi, ya\u011fs\u0131z ve sa\u011fl\u0131kl\u0131 at\u0131\u015ft\u0131rmal\u0131klar haz\u0131rlamak isteyen kullan\u0131c\u0131lar i\u00e7in geli\u015ftirilmi\u015ftir. Ya\u011f kullan\u0131m\u0131 gerektirmeden m\u0131s\u0131rlar\u0131 patlatarak hafif ve do\u011fal lezzette popcorn elde etmenizi sa\u011flar. Yap\u0131\u015fmaz patlatma y\u00fczeyi, m\u0131s\u0131rlar\u0131n yanmas\u0131n\u0131 \u00f6nler ve dengeli bir patlama s\u00fcreci sunar.Tek seferde fazla miktarda popcorn haz\u0131rlayabilme \u00f6zelli\u011fi sayesinde zamandan tasarruf sa\u011flar. 5 dakika gibi k\u0131sa bir s\u00fcrede taze ve s\u0131cak popcorn haz\u0131rlayarak film keyfinizi kesintiye u\u011fratmaz. E\u011flencelik at\u0131\u015ft\u0131rmal\u0131klar i\u00e7in ideal bir \u00e7\u00f6z\u00fcmd\u00fcr.Nostaljik tasar\u0131m\u0131, hem \u00e7ocuklar hem yeti\u015fkinler i\u00e7in keyifli bir kullan\u0131m sunar. Ailece yap\u0131lan aktivitelerde e\u011flenceli bir deneyim olu\u015fturur. Kolay temizlenebilir yap\u0131s\u0131 ve pratik kullan\u0131m\u0131 ile mutfakta rahatl\u0131k sa\u011flar. Sa\u011fl\u0131kl\u0131, h\u0131zl\u0131 ve lezzetli popcorn deneyimi arayanlar i\u00e7in ideal bir \u00fcr\u00fcnd\u00fcr.<\/p>\n","protected":false},"excerpt":{"rendered":"<p>S\u0131cak hava ile \u00e7al\u0131\u015fan popcorn makinesi, ya\u011fs\u0131z ve sa\u011fl\u0131kl\u0131 at\u0131\u015ft\u0131rmal\u0131klar haz\u0131rlamak isteyen kullan\u0131c\u0131lar i\u00e7in geli\u015ftirilmi\u015ftir. Ya\u011f kullan\u0131m\u0131 gerektirmeden m\u0131s\u0131rlar\u0131 patlatarak hafif ve do\u011fal lezzette popcorn elde etmenizi sa\u011flar. Yap\u0131\u015fmaz patlatma y\u00fczeyi, m\u0131s\u0131rlar\u0131n yanmas\u0131n\u0131 \u00f6nler ve dengeli bir patlama s\u00fcreci sunar.Tek seferde fazla miktarda popcorn haz\u0131rlayabilme \u00f6zelli\u011fi sayesinde zamandan tasarruf sa\u011flar. 5 dakika gibi k\u0131sa bir&#8230;<\/p>\n","protected":false},"featured_media":127953,"comment_status":"open","ping_status":"closed","template":"","meta":{"_kad_post_transparent":"","_kad_post_title":"","_kad_post_layout":"","_kad_post_sidebar_id":"","_kad_post_content_style":"","_kad_post_vertical_padding":"","_kad_post_feature":"","_kad_post_feature_position":"","_kad_post_header":false,"_kad_post_footer":false,"_kad_post_classname":""},"product_brand":[],"product_cat":[15068],"product_tag":[],"class_list":{"0":"post-127954","1":"product","2":"type-product","3":"status-publish","4":"has-post-thumbnail","6":"product_cat-pratik-mutfak-gerecleri-pratik-mutfak-gerecleri-2","8":"first","9":"instock","10":"purchasable","11":"product-type-simple","12":"entry","13":"content-bg","14":"loop-entry"},"_links":{"self":[{"href":"https:\/\/www.hediyepazar.com\/index.php?rest_route=\/wp\/v2\/product\/127954","targetHints":{"allow":["GET"]}}],"collection":[{"href":"https:\/\/www.hediyepazar.com\/index.php?rest_route=\/wp\/v2\/product"}],"about":[{"href":"https:\/\/www.hediyepazar.com\/index.php?rest_route=\/wp\/v2\/types\/product"}],"replies":[{"embeddable":true,"href":"https:\/\/www.hediyepazar.com\/index.php?rest_route=%2Fwp%2Fv2%2Fcomments&post=127954"}],"wp:featuredmedia":[{"embeddable":true,"href":"https:\/\/www.hediyepazar.com\/index.php?rest_route=\/wp\/v2\/media\/127953"}],"wp:attachment":[{"href":"https:\/\/www.hediyepazar.com\/index.php?rest_route=%2Fwp%2Fv2%2Fmedia&parent=127954"}],"wp:term":[{"taxonomy":"product_brand","embeddable":true,"href":"https:\/\/www.hediyepazar.com\/index.php?rest_route=%2Fwp%2Fv2%2Fproduct_brand&post=127954"},{"taxonomy":"product_cat","embeddable":true,"href":"https:\/\/www.hediyepazar.com\/index.php?rest_route=%2Fwp%2Fv2%2Fproduct_cat&post=127954"},{"taxonomy":"product_tag","embeddable":true,"href":"https:\/\/www.hediyepazar.com\/index.php?rest_route=%2Fwp%2Fv2%2Fproduct_tag&post=127954"}],"curies":[{"name":"wp","href":"https:\/\/api.w.org\/{rel}","templated":true}]}}