{"id":127964,"date":"2026-05-07T00:06:19","date_gmt":"2026-05-07T03:06:19","guid":{"rendered":"https:\/\/www.hediyepazar.com\/?product=tekrar-kullanilabilir-silikon-nipple-pad-gun-boyu-sabit"},"modified":"2026-05-07T00:06:19","modified_gmt":"2026-05-07T03:06:19","slug":"tekrar-kullanilabilir-silikon-nipple-pad-gun-boyu-sabit","status":"publish","type":"product","link":"https:\/\/www.hediyepazar.com\/?product=tekrar-kullanilabilir-silikon-nipple-pad-gun-boyu-sabit","title":{"rendered":"Tekrar Kullan\u0131labilir Silikon Nipple Pad G\u00fcn Boyu Sabit"},"content":{"rendered":"<p>Bu silikon nipple pad, g\u00f6r\u00fcnmezlik ve konforu \u00f6n planda tutan kad\u0131nlar i\u00e7in geli\u015ftirilmi\u015ftir. Kendinden yap\u0131\u015fkanl\u0131 y\u00fczeyi sayesinde g\u00fcn boyu g\u00fcvenle kullan\u0131labilir. Kayma yapmadan sabit durur ve do\u011fal bir g\u00f6r\u00fcn\u00fcm sunar.Tekrar kullan\u0131labilir \u00f6zelli\u011fi sayesinde ekonomik ve pratiktir. Elde y\u0131kanarak temizlenebilir ve tekrar kullan\u0131labilir. \u0130nce yap\u0131s\u0131, k\u0131yafet alt\u0131nda iz yapmadan rahat bir kullan\u0131m sa\u011flar.Diki\u015fsiz tasar\u0131m\u0131, hassas ciltler i\u00e7in uygundur. Hafif silikon yap\u0131s\u0131, g\u00fcn boyu serin ve konforlu hissetmenizi sa\u011flar.<\/p>\n","protected":false},"excerpt":{"rendered":"<p>Bu silikon nipple pad, g\u00f6r\u00fcnmezlik ve konforu \u00f6n planda tutan kad\u0131nlar i\u00e7in geli\u015ftirilmi\u015ftir. Kendinden yap\u0131\u015fkanl\u0131 y\u00fczeyi sayesinde g\u00fcn boyu g\u00fcvenle kullan\u0131labilir. Kayma yapmadan sabit durur ve do\u011fal bir g\u00f6r\u00fcn\u00fcm sunar.Tekrar kullan\u0131labilir \u00f6zelli\u011fi sayesinde ekonomik ve pratiktir. Elde y\u0131kanarak temizlenebilir ve tekrar kullan\u0131labilir. \u0130nce yap\u0131s\u0131, k\u0131yafet alt\u0131nda iz yapmadan rahat bir kullan\u0131m sa\u011flar.Diki\u015fsiz tasar\u0131m\u0131, hassas ciltler&#8230;<\/p>\n","protected":false},"featured_media":127963,"comment_status":"open","ping_status":"closed","template":"","meta":{"_kad_post_transparent":"","_kad_post_title":"","_kad_post_layout":"","_kad_post_sidebar_id":"","_kad_post_content_style":"","_kad_post_vertical_padding":"","_kad_post_feature":"","_kad_post_feature_position":"","_kad_post_header":false,"_kad_post_footer":false,"_kad_post_classname":""},"product_brand":[],"product_cat":[14953],"product_tag":[],"class_list":{"0":"post-127964","1":"product","2":"type-product","3":"status-publish","4":"has-post-thumbnail","6":"product_cat-toparlayici-sutyen-sutyen-toparlayici-sutyen","8":"first","9":"instock","10":"purchasable","11":"product-type-simple","12":"entry","13":"content-bg","14":"loop-entry"},"_links":{"self":[{"href":"https:\/\/www.hediyepazar.com\/index.php?rest_route=\/wp\/v2\/product\/127964","targetHints":{"allow":["GET"]}}],"collection":[{"href":"https:\/\/www.hediyepazar.com\/index.php?rest_route=\/wp\/v2\/product"}],"about":[{"href":"https:\/\/www.hediyepazar.com\/index.php?rest_route=\/wp\/v2\/types\/product"}],"replies":[{"embeddable":true,"href":"https:\/\/www.hediyepazar.com\/index.php?rest_route=%2Fwp%2Fv2%2Fcomments&post=127964"}],"wp:featuredmedia":[{"embeddable":true,"href":"https:\/\/www.hediyepazar.com\/index.php?rest_route=\/wp\/v2\/media\/127963"}],"wp:attachment":[{"href":"https:\/\/www.hediyepazar.com\/index.php?rest_route=%2Fwp%2Fv2%2Fmedia&parent=127964"}],"wp:term":[{"taxonomy":"product_brand","embeddable":true,"href":"https:\/\/www.hediyepazar.com\/index.php?rest_route=%2Fwp%2Fv2%2Fproduct_brand&post=127964"},{"taxonomy":"product_cat","embeddable":true,"href":"https:\/\/www.hediyepazar.com\/index.php?rest_route=%2Fwp%2Fv2%2Fproduct_cat&post=127964"},{"taxonomy":"product_tag","embeddable":true,"href":"https:\/\/www.hediyepazar.com\/index.php?rest_route=%2Fwp%2Fv2%2Fproduct_tag&post=127964"}],"curies":[{"name":"wp","href":"https:\/\/api.w.org\/{rel}","templated":true}]}}