{"id":127992,"date":"2026-05-07T00:09:14","date_gmt":"2026-05-07T03:09:14","guid":{"rendered":"https:\/\/www.hediyepazar.com\/?product=3d-zen-heykeli-beyaz-ay-icinde-meditasyon-figuru-dekoratif-obje"},"modified":"2026-05-07T00:09:14","modified_gmt":"2026-05-07T03:09:14","slug":"3d-zen-heykeli-beyaz-ay-icinde-meditasyon-figuru-dekoratif-obje","status":"publish","type":"product","link":"https:\/\/www.hediyepazar.com\/?product=3d-zen-heykeli-beyaz-ay-icinde-meditasyon-figuru-dekoratif-obje","title":{"rendered":"3D Zen Heykeli Beyaz Ay \u0130\u00e7inde Meditasyon Fig\u00fcr\u00fc Dekoratif Obje"},"content":{"rendered":"<p>3D Zen Heykeli, dekorasyona sadece \u015f\u0131kl\u0131k de\u011fil, ayn\u0131 zamanda anlam katar. Meditasyon yapan insan fig\u00fcr\u00fcn\u00fcn ay formu i\u00e7inde s\u00fcz\u00fcl\u00fcyormu\u015f hissi vermesi, \u00fcr\u00fcne soyut ve sanatsal bir karakter kazand\u0131r\u0131r.Minimal ve modern ya\u015fam alanlar\u0131 i\u00e7in ideal olan bu heykel; ev, ofis, st\u00fcdyo ve meditasyon k\u00f6\u015felerinde estetik bir tamamlay\u0131c\u0131 olarak kullan\u0131labilir. Ruh dinginli\u011fini yans\u0131tan \u00f6zel bir tasar\u0131md\u0131r.<\/p>\n","protected":false},"excerpt":{"rendered":"<p>3D Zen Heykeli, dekorasyona sadece \u015f\u0131kl\u0131k de\u011fil, ayn\u0131 zamanda anlam katar. Meditasyon yapan insan fig\u00fcr\u00fcn\u00fcn ay formu i\u00e7inde s\u00fcz\u00fcl\u00fcyormu\u015f hissi vermesi, \u00fcr\u00fcne soyut ve sanatsal bir karakter kazand\u0131r\u0131r.Minimal ve modern ya\u015fam alanlar\u0131 i\u00e7in ideal olan bu heykel; ev, ofis, st\u00fcdyo ve meditasyon k\u00f6\u015felerinde estetik bir tamamlay\u0131c\u0131 olarak kullan\u0131labilir. Ruh dinginli\u011fini yans\u0131tan \u00f6zel bir tasar\u0131md\u0131r.<\/p>\n","protected":false},"featured_media":127991,"comment_status":"open","ping_status":"closed","template":"","meta":{"_kad_post_transparent":"","_kad_post_title":"","_kad_post_layout":"","_kad_post_sidebar_id":"","_kad_post_content_style":"","_kad_post_vertical_padding":"","_kad_post_feature":"","_kad_post_feature_position":"","_kad_post_header":false,"_kad_post_footer":false,"_kad_post_classname":""},"product_brand":[],"product_cat":[14940],"product_tag":[],"class_list":{"0":"post-127992","1":"product","2":"type-product","3":"status-publish","4":"has-post-thumbnail","6":"product_cat-dekoratif-obje-biblo-dekoratif-obje-biblo","8":"first","9":"instock","10":"purchasable","11":"product-type-simple","12":"entry","13":"content-bg","14":"loop-entry"},"_links":{"self":[{"href":"https:\/\/www.hediyepazar.com\/index.php?rest_route=\/wp\/v2\/product\/127992","targetHints":{"allow":["GET"]}}],"collection":[{"href":"https:\/\/www.hediyepazar.com\/index.php?rest_route=\/wp\/v2\/product"}],"about":[{"href":"https:\/\/www.hediyepazar.com\/index.php?rest_route=\/wp\/v2\/types\/product"}],"replies":[{"embeddable":true,"href":"https:\/\/www.hediyepazar.com\/index.php?rest_route=%2Fwp%2Fv2%2Fcomments&post=127992"}],"wp:featuredmedia":[{"embeddable":true,"href":"https:\/\/www.hediyepazar.com\/index.php?rest_route=\/wp\/v2\/media\/127991"}],"wp:attachment":[{"href":"https:\/\/www.hediyepazar.com\/index.php?rest_route=%2Fwp%2Fv2%2Fmedia&parent=127992"}],"wp:term":[{"taxonomy":"product_brand","embeddable":true,"href":"https:\/\/www.hediyepazar.com\/index.php?rest_route=%2Fwp%2Fv2%2Fproduct_brand&post=127992"},{"taxonomy":"product_cat","embeddable":true,"href":"https:\/\/www.hediyepazar.com\/index.php?rest_route=%2Fwp%2Fv2%2Fproduct_cat&post=127992"},{"taxonomy":"product_tag","embeddable":true,"href":"https:\/\/www.hediyepazar.com\/index.php?rest_route=%2Fwp%2Fv2%2Fproduct_tag&post=127992"}],"curies":[{"name":"wp","href":"https:\/\/api.w.org\/{rel}","templated":true}]}}