{"id":127994,"date":"2026-05-07T00:09:19","date_gmt":"2026-05-07T03:09:19","guid":{"rendered":"https:\/\/www.hediyepazar.com\/?product=3d-zen-heykeli-modern-ay-tasarimli-meditasyon-biblosu"},"modified":"2026-05-07T00:09:19","modified_gmt":"2026-05-07T03:09:19","slug":"3d-zen-heykeli-modern-ay-tasarimli-meditasyon-biblosu","status":"publish","type":"product","link":"https:\/\/www.hediyepazar.com\/?product=3d-zen-heykeli-modern-ay-tasarimli-meditasyon-biblosu","title":{"rendered":"3D Zen Heykeli Modern Ay Tasar\u0131ml\u0131 Meditasyon Biblosu"},"content":{"rendered":"<p>Modern sanat ve zen felsefesini bir araya getiren 3D Zen Heykeli, ay formunun zarif kavisleri i\u00e7inde konumlanan meditasyon fig\u00fcr\u00fcyle g\u00fc\u00e7l\u00fc bir g\u00f6rsel etki sunar. Fig\u00fcr\u00fcn dengeli duru\u015fu, sakinlik ve i\u00e7 huzuru temsil eder.Raf, masa, konsol veya vitrin \u00fczerinde tek ba\u015f\u0131na kullan\u0131ld\u0131\u011f\u0131nda bile bulundu\u011fu ortam\u0131n enerjisini de\u011fi\u015ftiren sanatsal bir dekor par\u00e7as\u0131d\u0131r. Sade ama anlam y\u00fckl\u00fc tasar\u0131m\u0131yla dikkat \u00e7eker.<\/p>\n","protected":false},"excerpt":{"rendered":"<p>Modern sanat ve zen felsefesini bir araya getiren 3D Zen Heykeli, ay formunun zarif kavisleri i\u00e7inde konumlanan meditasyon fig\u00fcr\u00fcyle g\u00fc\u00e7l\u00fc bir g\u00f6rsel etki sunar. Fig\u00fcr\u00fcn dengeli duru\u015fu, sakinlik ve i\u00e7 huzuru temsil eder.Raf, masa, konsol veya vitrin \u00fczerinde tek ba\u015f\u0131na kullan\u0131ld\u0131\u011f\u0131nda bile bulundu\u011fu ortam\u0131n enerjisini de\u011fi\u015ftiren sanatsal bir dekor par\u00e7as\u0131d\u0131r. Sade ama anlam y\u00fckl\u00fc tasar\u0131m\u0131yla&#8230;<\/p>\n","protected":false},"featured_media":127993,"comment_status":"open","ping_status":"closed","template":"","meta":{"_kad_post_transparent":"","_kad_post_title":"","_kad_post_layout":"","_kad_post_sidebar_id":"","_kad_post_content_style":"","_kad_post_vertical_padding":"","_kad_post_feature":"","_kad_post_feature_position":"","_kad_post_header":false,"_kad_post_footer":false,"_kad_post_classname":""},"product_brand":[],"product_cat":[14940],"product_tag":[],"class_list":{"0":"post-127994","1":"product","2":"type-product","3":"status-publish","4":"has-post-thumbnail","6":"product_cat-dekoratif-obje-biblo-dekoratif-obje-biblo","8":"first","9":"instock","10":"purchasable","11":"product-type-simple","12":"entry","13":"content-bg","14":"loop-entry"},"_links":{"self":[{"href":"https:\/\/www.hediyepazar.com\/index.php?rest_route=\/wp\/v2\/product\/127994","targetHints":{"allow":["GET"]}}],"collection":[{"href":"https:\/\/www.hediyepazar.com\/index.php?rest_route=\/wp\/v2\/product"}],"about":[{"href":"https:\/\/www.hediyepazar.com\/index.php?rest_route=\/wp\/v2\/types\/product"}],"replies":[{"embeddable":true,"href":"https:\/\/www.hediyepazar.com\/index.php?rest_route=%2Fwp%2Fv2%2Fcomments&post=127994"}],"wp:featuredmedia":[{"embeddable":true,"href":"https:\/\/www.hediyepazar.com\/index.php?rest_route=\/wp\/v2\/media\/127993"}],"wp:attachment":[{"href":"https:\/\/www.hediyepazar.com\/index.php?rest_route=%2Fwp%2Fv2%2Fmedia&parent=127994"}],"wp:term":[{"taxonomy":"product_brand","embeddable":true,"href":"https:\/\/www.hediyepazar.com\/index.php?rest_route=%2Fwp%2Fv2%2Fproduct_brand&post=127994"},{"taxonomy":"product_cat","embeddable":true,"href":"https:\/\/www.hediyepazar.com\/index.php?rest_route=%2Fwp%2Fv2%2Fproduct_cat&post=127994"},{"taxonomy":"product_tag","embeddable":true,"href":"https:\/\/www.hediyepazar.com\/index.php?rest_route=%2Fwp%2Fv2%2Fproduct_tag&post=127994"}],"curies":[{"name":"wp","href":"https:\/\/api.w.org\/{rel}","templated":true}]}}