{"id":127996,"date":"2026-05-07T00:10:01","date_gmt":"2026-05-07T03:10:01","guid":{"rendered":"https:\/\/www.hediyepazar.com\/?product=3d-zen-heykeli-ay-formlu-meditasyon-yapan-insan-figuru-dekor"},"modified":"2026-05-07T00:10:01","modified_gmt":"2026-05-07T03:10:01","slug":"3d-zen-heykeli-ay-formlu-meditasyon-yapan-insan-figuru-dekor","status":"publish","type":"product","link":"https:\/\/www.hediyepazar.com\/?product=3d-zen-heykeli-ay-formlu-meditasyon-yapan-insan-figuru-dekor","title":{"rendered":"3D Zen Heykeli Ay Formlu Meditasyon Yapan \u0130nsan Fig\u00fcr\u00fc Dekor"},"content":{"rendered":"<p>3D Zen Heykeli, ay formu i\u00e7inde meditasyon yapan insan fig\u00fcr\u00fcyle huzur, denge ve i\u00e7sel sakinli\u011fi simgeleyen \u00f6zel bir dekoratif objedir. Ak\u0131\u015fkan ve modern tasar\u0131m\u0131, mek\u00e2na sakinle\u015ftirici bir atmosfer kazand\u0131r\u0131rken ayn\u0131 zamanda estetik bir odak noktas\u0131 olu\u015fturur.Minimal \u00e7izgileri sayesinde salon, \u00e7al\u0131\u015fma odas\u0131, yoga alan\u0131 veya ofis dekorasyonunda rahatl\u0131kla kullan\u0131labilir. Beyaz rengiyle ferah bir g\u00f6r\u00fcn\u00fcm sunar ve modern dekorasyon stilleriyle m\u00fckemmel uyum sa\u011flar.<\/p>\n","protected":false},"excerpt":{"rendered":"<p>3D Zen Heykeli, ay formu i\u00e7inde meditasyon yapan insan fig\u00fcr\u00fcyle huzur, denge ve i\u00e7sel sakinli\u011fi simgeleyen \u00f6zel bir dekoratif objedir. Ak\u0131\u015fkan ve modern tasar\u0131m\u0131, mek\u00e2na sakinle\u015ftirici bir atmosfer kazand\u0131r\u0131rken ayn\u0131 zamanda estetik bir odak noktas\u0131 olu\u015fturur.Minimal \u00e7izgileri sayesinde salon, \u00e7al\u0131\u015fma odas\u0131, yoga alan\u0131 veya ofis dekorasyonunda rahatl\u0131kla kullan\u0131labilir. Beyaz rengiyle ferah bir g\u00f6r\u00fcn\u00fcm sunar ve&#8230;<\/p>\n","protected":false},"featured_media":127995,"comment_status":"open","ping_status":"closed","template":"","meta":{"_kad_post_transparent":"","_kad_post_title":"","_kad_post_layout":"","_kad_post_sidebar_id":"","_kad_post_content_style":"","_kad_post_vertical_padding":"","_kad_post_feature":"","_kad_post_feature_position":"","_kad_post_header":false,"_kad_post_footer":false,"_kad_post_classname":""},"product_brand":[],"product_cat":[14940],"product_tag":[],"class_list":{"0":"post-127996","1":"product","2":"type-product","3":"status-publish","4":"has-post-thumbnail","6":"product_cat-dekoratif-obje-biblo-dekoratif-obje-biblo","8":"first","9":"instock","10":"purchasable","11":"product-type-simple","12":"entry","13":"content-bg","14":"loop-entry"},"_links":{"self":[{"href":"https:\/\/www.hediyepazar.com\/index.php?rest_route=\/wp\/v2\/product\/127996","targetHints":{"allow":["GET"]}}],"collection":[{"href":"https:\/\/www.hediyepazar.com\/index.php?rest_route=\/wp\/v2\/product"}],"about":[{"href":"https:\/\/www.hediyepazar.com\/index.php?rest_route=\/wp\/v2\/types\/product"}],"replies":[{"embeddable":true,"href":"https:\/\/www.hediyepazar.com\/index.php?rest_route=%2Fwp%2Fv2%2Fcomments&post=127996"}],"wp:featuredmedia":[{"embeddable":true,"href":"https:\/\/www.hediyepazar.com\/index.php?rest_route=\/wp\/v2\/media\/127995"}],"wp:attachment":[{"href":"https:\/\/www.hediyepazar.com\/index.php?rest_route=%2Fwp%2Fv2%2Fmedia&parent=127996"}],"wp:term":[{"taxonomy":"product_brand","embeddable":true,"href":"https:\/\/www.hediyepazar.com\/index.php?rest_route=%2Fwp%2Fv2%2Fproduct_brand&post=127996"},{"taxonomy":"product_cat","embeddable":true,"href":"https:\/\/www.hediyepazar.com\/index.php?rest_route=%2Fwp%2Fv2%2Fproduct_cat&post=127996"},{"taxonomy":"product_tag","embeddable":true,"href":"https:\/\/www.hediyepazar.com\/index.php?rest_route=%2Fwp%2Fv2%2Fproduct_tag&post=127996"}],"curies":[{"name":"wp","href":"https:\/\/api.w.org\/{rel}","templated":true}]}}