{"id":128002,"date":"2026-05-07T00:10:20","date_gmt":"2026-05-07T03:10:20","guid":{"rendered":"https:\/\/www.hediyepazar.com\/?product=3d-el-uzerinde-insan-figuru-mor-soyut-tasarim-dekor-biblo"},"modified":"2026-05-07T00:10:20","modified_gmt":"2026-05-07T03:10:20","slug":"3d-el-uzerinde-insan-figuru-mor-soyut-tasarim-dekor-biblo","status":"publish","type":"product","link":"https:\/\/www.hediyepazar.com\/?product=3d-el-uzerinde-insan-figuru-mor-soyut-tasarim-dekor-biblo","title":{"rendered":"3D El \u00dczerinde \u0130nsan Fig\u00fcr\u00fc Mor Soyut Tasar\u0131m Dekor Biblo"},"content":{"rendered":"<p>Sanatsal detaylar\u0131yla \u00f6ne \u00e7\u0131kan 3D El \u00dczerinde \u0130nsan Fig\u00fcr\u00fc Mor, dekorasyona derinlik ve anlam katar. El formu ve insan fig\u00fcr\u00fcn\u00fcn birle\u015fimi, soyut bir anlat\u0131mla estetik bir denge sunar. \u0130nce ip detaylar\u0131 tasar\u0131m\u0131 daha \u00e7arp\u0131c\u0131 hale getirir.12\u00d718 cm \u00f6l\u00e7\u00fcs\u00fc sayesinde yer kaplamadan etkileyici bir g\u00f6r\u00fcn\u00fcm sunar. Modern alanlar\u0131n yan\u0131 s\u0131ra klasik dekorasyonlarda da sanatsal bir kontrast olu\u015fturur. Farkl\u0131 ve \u00f6zg\u00fcn dekoratif objelerden ho\u015flananlar i\u00e7in ideal bir se\u00e7imdir.<\/p>\n","protected":false},"excerpt":{"rendered":"<p>Sanatsal detaylar\u0131yla \u00f6ne \u00e7\u0131kan 3D El \u00dczerinde \u0130nsan Fig\u00fcr\u00fc Mor, dekorasyona derinlik ve anlam katar. El formu ve insan fig\u00fcr\u00fcn\u00fcn birle\u015fimi, soyut bir anlat\u0131mla estetik bir denge sunar. \u0130nce ip detaylar\u0131 tasar\u0131m\u0131 daha \u00e7arp\u0131c\u0131 hale getirir.12\u00d718 cm \u00f6l\u00e7\u00fcs\u00fc sayesinde yer kaplamadan etkileyici bir g\u00f6r\u00fcn\u00fcm sunar. Modern alanlar\u0131n yan\u0131 s\u0131ra klasik dekorasyonlarda da sanatsal bir kontrast&#8230;<\/p>\n","protected":false},"featured_media":128001,"comment_status":"open","ping_status":"closed","template":"","meta":{"_kad_post_transparent":"","_kad_post_title":"","_kad_post_layout":"","_kad_post_sidebar_id":"","_kad_post_content_style":"","_kad_post_vertical_padding":"","_kad_post_feature":"","_kad_post_feature_position":"","_kad_post_header":false,"_kad_post_footer":false,"_kad_post_classname":""},"product_brand":[],"product_cat":[14940],"product_tag":[],"class_list":{"0":"post-128002","1":"product","2":"type-product","3":"status-publish","4":"has-post-thumbnail","6":"product_cat-dekoratif-obje-biblo-dekoratif-obje-biblo","8":"first","9":"instock","10":"purchasable","11":"product-type-simple","12":"entry","13":"content-bg","14":"loop-entry"},"_links":{"self":[{"href":"https:\/\/www.hediyepazar.com\/index.php?rest_route=\/wp\/v2\/product\/128002","targetHints":{"allow":["GET"]}}],"collection":[{"href":"https:\/\/www.hediyepazar.com\/index.php?rest_route=\/wp\/v2\/product"}],"about":[{"href":"https:\/\/www.hediyepazar.com\/index.php?rest_route=\/wp\/v2\/types\/product"}],"replies":[{"embeddable":true,"href":"https:\/\/www.hediyepazar.com\/index.php?rest_route=%2Fwp%2Fv2%2Fcomments&post=128002"}],"wp:featuredmedia":[{"embeddable":true,"href":"https:\/\/www.hediyepazar.com\/index.php?rest_route=\/wp\/v2\/media\/128001"}],"wp:attachment":[{"href":"https:\/\/www.hediyepazar.com\/index.php?rest_route=%2Fwp%2Fv2%2Fmedia&parent=128002"}],"wp:term":[{"taxonomy":"product_brand","embeddable":true,"href":"https:\/\/www.hediyepazar.com\/index.php?rest_route=%2Fwp%2Fv2%2Fproduct_brand&post=128002"},{"taxonomy":"product_cat","embeddable":true,"href":"https:\/\/www.hediyepazar.com\/index.php?rest_route=%2Fwp%2Fv2%2Fproduct_cat&post=128002"},{"taxonomy":"product_tag","embeddable":true,"href":"https:\/\/www.hediyepazar.com\/index.php?rest_route=%2Fwp%2Fv2%2Fproduct_tag&post=128002"}],"curies":[{"name":"wp","href":"https:\/\/api.w.org\/{rel}","templated":true}]}}