{"id":128008,"date":"2026-05-07T00:11:10","date_gmt":"2026-05-07T03:11:10","guid":{"rendered":"https:\/\/www.hediyepazar.com\/?product=3d-el-insan-figuru-gri-modern-ev-ve-ofis-dekoru"},"modified":"2026-05-07T00:11:10","modified_gmt":"2026-05-07T03:11:10","slug":"3d-el-insan-figuru-gri-modern-ev-ve-ofis-dekoru","status":"publish","type":"product","link":"https:\/\/www.hediyepazar.com\/?product=3d-el-insan-figuru-gri-modern-ev-ve-ofis-dekoru","title":{"rendered":"3D El \u0130nsan Fig\u00fcr\u00fc Gri Modern Ev ve Ofis Dekoru"},"content":{"rendered":"<p>Modern sanat anlay\u0131\u015f\u0131n\u0131 yans\u0131tan 3D El Formlu \u0130nsan Fig\u00fcr\u00fc Gri, dekorasyona sofistike bir dokunu\u015f ekler. El formu \u00fczerinde konumlanan insan fig\u00fcr\u00fc, soyut duru\u015fu ile anlaml\u0131 ve estetik bir kompozisyon olu\u015fturur.Gri rengi, mek\u00e2nda sade ama g\u00fc\u00e7l\u00fc bir etki yarat\u0131r. Kitapl\u0131k, raf, konsol veya masa \u00fcst\u00fcnde sergilendi\u011finde bulundu\u011fu alan\u0131n havas\u0131n\u0131 de\u011fi\u015ftirir. Minimal ve modern ev dekorasyonu sevenler i\u00e7in ideal bir dekoratif biblodur.<\/p>\n","protected":false},"excerpt":{"rendered":"<p>Modern sanat anlay\u0131\u015f\u0131n\u0131 yans\u0131tan 3D El Formlu \u0130nsan Fig\u00fcr\u00fc Gri, dekorasyona sofistike bir dokunu\u015f ekler. El formu \u00fczerinde konumlanan insan fig\u00fcr\u00fc, soyut duru\u015fu ile anlaml\u0131 ve estetik bir kompozisyon olu\u015fturur.Gri rengi, mek\u00e2nda sade ama g\u00fc\u00e7l\u00fc bir etki yarat\u0131r. Kitapl\u0131k, raf, konsol veya masa \u00fcst\u00fcnde sergilendi\u011finde bulundu\u011fu alan\u0131n havas\u0131n\u0131 de\u011fi\u015ftirir. Minimal ve modern ev dekorasyonu sevenler&#8230;<\/p>\n","protected":false},"featured_media":128007,"comment_status":"open","ping_status":"closed","template":"","meta":{"_kad_post_transparent":"","_kad_post_title":"","_kad_post_layout":"","_kad_post_sidebar_id":"","_kad_post_content_style":"","_kad_post_vertical_padding":"","_kad_post_feature":"","_kad_post_feature_position":"","_kad_post_header":false,"_kad_post_footer":false,"_kad_post_classname":""},"product_brand":[],"product_cat":[14940],"product_tag":[],"class_list":{"0":"post-128008","1":"product","2":"type-product","3":"status-publish","4":"has-post-thumbnail","6":"product_cat-dekoratif-obje-biblo-dekoratif-obje-biblo","8":"first","9":"instock","10":"purchasable","11":"product-type-simple","12":"entry","13":"content-bg","14":"loop-entry"},"_links":{"self":[{"href":"https:\/\/www.hediyepazar.com\/index.php?rest_route=\/wp\/v2\/product\/128008","targetHints":{"allow":["GET"]}}],"collection":[{"href":"https:\/\/www.hediyepazar.com\/index.php?rest_route=\/wp\/v2\/product"}],"about":[{"href":"https:\/\/www.hediyepazar.com\/index.php?rest_route=\/wp\/v2\/types\/product"}],"replies":[{"embeddable":true,"href":"https:\/\/www.hediyepazar.com\/index.php?rest_route=%2Fwp%2Fv2%2Fcomments&post=128008"}],"wp:featuredmedia":[{"embeddable":true,"href":"https:\/\/www.hediyepazar.com\/index.php?rest_route=\/wp\/v2\/media\/128007"}],"wp:attachment":[{"href":"https:\/\/www.hediyepazar.com\/index.php?rest_route=%2Fwp%2Fv2%2Fmedia&parent=128008"}],"wp:term":[{"taxonomy":"product_brand","embeddable":true,"href":"https:\/\/www.hediyepazar.com\/index.php?rest_route=%2Fwp%2Fv2%2Fproduct_brand&post=128008"},{"taxonomy":"product_cat","embeddable":true,"href":"https:\/\/www.hediyepazar.com\/index.php?rest_route=%2Fwp%2Fv2%2Fproduct_cat&post=128008"},{"taxonomy":"product_tag","embeddable":true,"href":"https:\/\/www.hediyepazar.com\/index.php?rest_route=%2Fwp%2Fv2%2Fproduct_tag&post=128008"}],"curies":[{"name":"wp","href":"https:\/\/api.w.org\/{rel}","templated":true}]}}