{"id":128010,"date":"2026-05-07T00:11:16","date_gmt":"2026-05-07T03:11:16","guid":{"rendered":"https:\/\/www.hediyepazar.com\/?product=3d-el-uzerinde-insan-figuru-gri-minimal-masa-ustu-dekor"},"modified":"2026-05-07T00:11:16","modified_gmt":"2026-05-07T03:11:16","slug":"3d-el-uzerinde-insan-figuru-gri-minimal-masa-ustu-dekor","status":"publish","type":"product","link":"https:\/\/www.hediyepazar.com\/?product=3d-el-uzerinde-insan-figuru-gri-minimal-masa-ustu-dekor","title":{"rendered":"3D El \u00dczerinde \u0130nsan Fig\u00fcr\u00fc Gri Minimal Masa \u00dcst\u00fc Dekor"},"content":{"rendered":"<p>3D El \u0130nsan Fig\u00fcr\u00fc Gri, modern ev ve ofis dekorasyonu i\u00e7in \u00f6zel olarak tasarlanm\u0131\u015f sanatsal bir biblodur. Soyut formu sayesinde mek\u00e2na derinlik ve estetik bir hava katar. Minimal yap\u0131s\u0131, kalabal\u0131k g\u00f6r\u00fcn\u00fcm olu\u015fturmaz.Gri rengi sayesinde hem ayd\u0131nl\u0131k hem de koyu tonlara sahip ortamlarda dengeli bir g\u00f6r\u00fcn\u00fcm sunar. Salon, \u00e7al\u0131\u015fma odas\u0131 ve ofis dekorasyonunda rahatl\u0131kla tercih edilebilir. Modern ve sade dekorasyonu tamamlayan zarif bir objedir.<\/p>\n","protected":false},"excerpt":{"rendered":"<p>3D El \u0130nsan Fig\u00fcr\u00fc Gri, modern ev ve ofis dekorasyonu i\u00e7in \u00f6zel olarak tasarlanm\u0131\u015f sanatsal bir biblodur. Soyut formu sayesinde mek\u00e2na derinlik ve estetik bir hava katar. Minimal yap\u0131s\u0131, kalabal\u0131k g\u00f6r\u00fcn\u00fcm olu\u015fturmaz.Gri rengi sayesinde hem ayd\u0131nl\u0131k hem de koyu tonlara sahip ortamlarda dengeli bir g\u00f6r\u00fcn\u00fcm sunar. Salon, \u00e7al\u0131\u015fma odas\u0131 ve ofis dekorasyonunda rahatl\u0131kla tercih edilebilir&#8230;.<\/p>\n","protected":false},"featured_media":128009,"comment_status":"open","ping_status":"closed","template":"","meta":{"_kad_post_transparent":"","_kad_post_title":"","_kad_post_layout":"","_kad_post_sidebar_id":"","_kad_post_content_style":"","_kad_post_vertical_padding":"","_kad_post_feature":"","_kad_post_feature_position":"","_kad_post_header":false,"_kad_post_footer":false,"_kad_post_classname":""},"product_brand":[],"product_cat":[14940],"product_tag":[],"class_list":{"0":"post-128010","1":"product","2":"type-product","3":"status-publish","4":"has-post-thumbnail","6":"product_cat-dekoratif-obje-biblo-dekoratif-obje-biblo","8":"first","9":"instock","10":"purchasable","11":"product-type-simple","12":"entry","13":"content-bg","14":"loop-entry"},"_links":{"self":[{"href":"https:\/\/www.hediyepazar.com\/index.php?rest_route=\/wp\/v2\/product\/128010","targetHints":{"allow":["GET"]}}],"collection":[{"href":"https:\/\/www.hediyepazar.com\/index.php?rest_route=\/wp\/v2\/product"}],"about":[{"href":"https:\/\/www.hediyepazar.com\/index.php?rest_route=\/wp\/v2\/types\/product"}],"replies":[{"embeddable":true,"href":"https:\/\/www.hediyepazar.com\/index.php?rest_route=%2Fwp%2Fv2%2Fcomments&post=128010"}],"wp:featuredmedia":[{"embeddable":true,"href":"https:\/\/www.hediyepazar.com\/index.php?rest_route=\/wp\/v2\/media\/128009"}],"wp:attachment":[{"href":"https:\/\/www.hediyepazar.com\/index.php?rest_route=%2Fwp%2Fv2%2Fmedia&parent=128010"}],"wp:term":[{"taxonomy":"product_brand","embeddable":true,"href":"https:\/\/www.hediyepazar.com\/index.php?rest_route=%2Fwp%2Fv2%2Fproduct_brand&post=128010"},{"taxonomy":"product_cat","embeddable":true,"href":"https:\/\/www.hediyepazar.com\/index.php?rest_route=%2Fwp%2Fv2%2Fproduct_cat&post=128010"},{"taxonomy":"product_tag","embeddable":true,"href":"https:\/\/www.hediyepazar.com\/index.php?rest_route=%2Fwp%2Fv2%2Fproduct_tag&post=128010"}],"curies":[{"name":"wp","href":"https:\/\/api.w.org\/{rel}","templated":true}]}}