{"id":128026,"date":"2026-05-07T00:13:07","date_gmt":"2026-05-07T03:13:07","guid":{"rendered":"https:\/\/www.hediyepazar.com\/?product=3d-el-uzerinde-insan-figuru-beyaz-minimal-masa-ustu-dekor"},"modified":"2026-05-07T00:13:07","modified_gmt":"2026-05-07T03:13:07","slug":"3d-el-uzerinde-insan-figuru-beyaz-minimal-masa-ustu-dekor","status":"publish","type":"product","link":"https:\/\/www.hediyepazar.com\/?product=3d-el-uzerinde-insan-figuru-beyaz-minimal-masa-ustu-dekor","title":{"rendered":"3D El \u00dczerinde \u0130nsan Fig\u00fcr\u00fc Beyaz Minimal Masa \u00dcst\u00fc Dekor"},"content":{"rendered":"<p>3D El \u00dczerinde \u0130nsan Fig\u00fcr\u00fc Beyaz, modern sanat anlay\u0131\u015f\u0131ndan ilham alan \u00f6zg\u00fcn tasar\u0131m\u0131yla dekorasyona karakter kazand\u0131r\u0131r. \u0130nsan fig\u00fcr\u00fcn\u00fcn el formu \u00fczerinde konumland\u0131r\u0131lmas\u0131, estetik bir denge ve soyut bir anlat\u0131m sunar.Beyaz rengi sayesinde bulundu\u011fu ortamda sade ama dikkat \u00e7ekici bir etki yarat\u0131r. Salon, ofis ve \u00e7al\u0131\u015fma alanlar\u0131nda dekoratif bir odak noktas\u0131 olu\u015fturur. Minimal yap\u0131s\u0131 sayesinde kalabal\u0131k g\u00f6r\u00fcnt\u00fc olu\u015fturmaz, aksine ortam\u0131 dengeler.12\u00d718 cm \u00f6l\u00e7\u00fcs\u00fc ile k\u00fc\u00e7\u00fck alanlarda bile rahatl\u0131kla kullan\u0131labilir. Sanatsal objeleri sevenler ve modern dekorasyona \u00f6nem verenler i\u00e7in \u015f\u0131k bir tamamlay\u0131c\u0131d\u0131r.<\/p>\n","protected":false},"excerpt":{"rendered":"<p>3D El \u00dczerinde \u0130nsan Fig\u00fcr\u00fc Beyaz, modern sanat anlay\u0131\u015f\u0131ndan ilham alan \u00f6zg\u00fcn tasar\u0131m\u0131yla dekorasyona karakter kazand\u0131r\u0131r. \u0130nsan fig\u00fcr\u00fcn\u00fcn el formu \u00fczerinde konumland\u0131r\u0131lmas\u0131, estetik bir denge ve soyut bir anlat\u0131m sunar.Beyaz rengi sayesinde bulundu\u011fu ortamda sade ama dikkat \u00e7ekici bir etki yarat\u0131r. Salon, ofis ve \u00e7al\u0131\u015fma alanlar\u0131nda dekoratif bir odak noktas\u0131 olu\u015fturur. Minimal yap\u0131s\u0131 sayesinde kalabal\u0131k&#8230;<\/p>\n","protected":false},"featured_media":128025,"comment_status":"open","ping_status":"closed","template":"","meta":{"_kad_post_transparent":"","_kad_post_title":"","_kad_post_layout":"","_kad_post_sidebar_id":"","_kad_post_content_style":"","_kad_post_vertical_padding":"","_kad_post_feature":"","_kad_post_feature_position":"","_kad_post_header":false,"_kad_post_footer":false,"_kad_post_classname":""},"product_brand":[],"product_cat":[14940],"product_tag":[],"class_list":{"0":"post-128026","1":"product","2":"type-product","3":"status-publish","4":"has-post-thumbnail","6":"product_cat-dekoratif-obje-biblo-dekoratif-obje-biblo","8":"first","9":"instock","10":"purchasable","11":"product-type-simple","12":"entry","13":"content-bg","14":"loop-entry"},"_links":{"self":[{"href":"https:\/\/www.hediyepazar.com\/index.php?rest_route=\/wp\/v2\/product\/128026","targetHints":{"allow":["GET"]}}],"collection":[{"href":"https:\/\/www.hediyepazar.com\/index.php?rest_route=\/wp\/v2\/product"}],"about":[{"href":"https:\/\/www.hediyepazar.com\/index.php?rest_route=\/wp\/v2\/types\/product"}],"replies":[{"embeddable":true,"href":"https:\/\/www.hediyepazar.com\/index.php?rest_route=%2Fwp%2Fv2%2Fcomments&post=128026"}],"wp:featuredmedia":[{"embeddable":true,"href":"https:\/\/www.hediyepazar.com\/index.php?rest_route=\/wp\/v2\/media\/128025"}],"wp:attachment":[{"href":"https:\/\/www.hediyepazar.com\/index.php?rest_route=%2Fwp%2Fv2%2Fmedia&parent=128026"}],"wp:term":[{"taxonomy":"product_brand","embeddable":true,"href":"https:\/\/www.hediyepazar.com\/index.php?rest_route=%2Fwp%2Fv2%2Fproduct_brand&post=128026"},{"taxonomy":"product_cat","embeddable":true,"href":"https:\/\/www.hediyepazar.com\/index.php?rest_route=%2Fwp%2Fv2%2Fproduct_cat&post=128026"},{"taxonomy":"product_tag","embeddable":true,"href":"https:\/\/www.hediyepazar.com\/index.php?rest_route=%2Fwp%2Fv2%2Fproduct_tag&post=128026"}],"curies":[{"name":"wp","href":"https:\/\/api.w.org\/{rel}","templated":true}]}}