{"id":128028,"date":"2026-05-07T00:13:14","date_gmt":"2026-05-07T03:13:14","guid":{"rendered":"https:\/\/www.hediyepazar.com\/?product=3d-el-insan-figuru-beyaz-modern-sanatsal-dekoratif-biblo"},"modified":"2026-05-07T00:13:14","modified_gmt":"2026-05-07T03:13:14","slug":"3d-el-insan-figuru-beyaz-modern-sanatsal-dekoratif-biblo","status":"publish","type":"product","link":"https:\/\/www.hediyepazar.com\/?product=3d-el-insan-figuru-beyaz-modern-sanatsal-dekoratif-biblo","title":{"rendered":"3D El \u0130nsan Fig\u00fcr\u00fc Beyaz Modern Sanatsal Dekoratif Biblo"},"content":{"rendered":"<p>Modern dekorasyon anlay\u0131\u015f\u0131n\u0131 yans\u0131tan 3D El \u0130nsan Fig\u00fcr\u00fc Beyaz, soyut tasar\u0131m\u0131yla mekanlara sanatsal bir dokunu\u015f ekler. El formu ve insan fig\u00fcr\u00fcn\u00fcn birle\u015fimi, estetik ve anlam\u0131 bir arada sunarak dekorasyonda fark yarat\u0131r.Beyaz renkli y\u00fczeyi sayesinde sade, \u015f\u0131k ve zamans\u0131z bir g\u00f6r\u00fcn\u00fcm sa\u011flar. Minimal, \u0130skandinav, modern ve loft tarz\u0131 dekorasyonlarla uyumlu yap\u0131s\u0131 sayesinde farkl\u0131 ya\u015fam alanlar\u0131nda rahatl\u0131kla kullan\u0131labilir. Tek ba\u015f\u0131na sergilendi\u011finde bile dekorasyonu tamamlayan g\u00fc\u00e7l\u00fc bir obje olarak \u00f6ne \u00e7\u0131kar.Kompakt \u00f6l\u00e7\u00fcleri sayesinde masa \u00fcst\u00fc, raf veya konsol \u00fczerinde dengeli ve zarif bir g\u00f6r\u00fcn\u00fcm sunar. Evinde sanatsal detaylara yer vermek isteyenler i\u00e7in ideal bir dekoratif \u00fcr\u00fcnd\u00fcr.<\/p>\n","protected":false},"excerpt":{"rendered":"<p>Modern dekorasyon anlay\u0131\u015f\u0131n\u0131 yans\u0131tan 3D El \u0130nsan Fig\u00fcr\u00fc Beyaz, soyut tasar\u0131m\u0131yla mekanlara sanatsal bir dokunu\u015f ekler. El formu ve insan fig\u00fcr\u00fcn\u00fcn birle\u015fimi, estetik ve anlam\u0131 bir arada sunarak dekorasyonda fark yarat\u0131r.Beyaz renkli y\u00fczeyi sayesinde sade, \u015f\u0131k ve zamans\u0131z bir g\u00f6r\u00fcn\u00fcm sa\u011flar. Minimal, \u0130skandinav, modern ve loft tarz\u0131 dekorasyonlarla uyumlu yap\u0131s\u0131 sayesinde farkl\u0131 ya\u015fam alanlar\u0131nda rahatl\u0131kla&#8230;<\/p>\n","protected":false},"featured_media":128027,"comment_status":"open","ping_status":"closed","template":"","meta":{"_kad_post_transparent":"","_kad_post_title":"","_kad_post_layout":"","_kad_post_sidebar_id":"","_kad_post_content_style":"","_kad_post_vertical_padding":"","_kad_post_feature":"","_kad_post_feature_position":"","_kad_post_header":false,"_kad_post_footer":false,"_kad_post_classname":""},"product_brand":[],"product_cat":[14940],"product_tag":[],"class_list":{"0":"post-128028","1":"product","2":"type-product","3":"status-publish","4":"has-post-thumbnail","6":"product_cat-dekoratif-obje-biblo-dekoratif-obje-biblo","8":"first","9":"instock","10":"purchasable","11":"product-type-simple","12":"entry","13":"content-bg","14":"loop-entry"},"_links":{"self":[{"href":"https:\/\/www.hediyepazar.com\/index.php?rest_route=\/wp\/v2\/product\/128028","targetHints":{"allow":["GET"]}}],"collection":[{"href":"https:\/\/www.hediyepazar.com\/index.php?rest_route=\/wp\/v2\/product"}],"about":[{"href":"https:\/\/www.hediyepazar.com\/index.php?rest_route=\/wp\/v2\/types\/product"}],"replies":[{"embeddable":true,"href":"https:\/\/www.hediyepazar.com\/index.php?rest_route=%2Fwp%2Fv2%2Fcomments&post=128028"}],"wp:featuredmedia":[{"embeddable":true,"href":"https:\/\/www.hediyepazar.com\/index.php?rest_route=\/wp\/v2\/media\/128027"}],"wp:attachment":[{"href":"https:\/\/www.hediyepazar.com\/index.php?rest_route=%2Fwp%2Fv2%2Fmedia&parent=128028"}],"wp:term":[{"taxonomy":"product_brand","embeddable":true,"href":"https:\/\/www.hediyepazar.com\/index.php?rest_route=%2Fwp%2Fv2%2Fproduct_brand&post=128028"},{"taxonomy":"product_cat","embeddable":true,"href":"https:\/\/www.hediyepazar.com\/index.php?rest_route=%2Fwp%2Fv2%2Fproduct_cat&post=128028"},{"taxonomy":"product_tag","embeddable":true,"href":"https:\/\/www.hediyepazar.com\/index.php?rest_route=%2Fwp%2Fv2%2Fproduct_tag&post=128028"}],"curies":[{"name":"wp","href":"https:\/\/api.w.org\/{rel}","templated":true}]}}