{"id":128030,"date":"2026-05-07T00:13:20","date_gmt":"2026-05-07T03:13:20","guid":{"rendered":"https:\/\/www.hediyepazar.com\/?product=kendiliginden-sarjli-el-feneri-pilsiz-manuel-sarjli-guclu-isik"},"modified":"2026-05-07T00:13:20","modified_gmt":"2026-05-07T03:13:20","slug":"kendiliginden-sarjli-el-feneri-pilsiz-manuel-sarjli-guclu-isik","status":"publish","type":"product","link":"https:\/\/www.hediyepazar.com\/?product=kendiliginden-sarjli-el-feneri-pilsiz-manuel-sarjli-guclu-isik","title":{"rendered":"Kendili\u011finden \u015earjl\u0131 El Feneri Pilsiz Manuel \u015earjl\u0131 G\u00fc\u00e7l\u00fc I\u015f\u0131k"},"content":{"rendered":"<p>Elektrik veya pil gerektirmeyen kendili\u011finden \u015farjl\u0131 el feneri, manuel \u015farj \u00f6zelli\u011fi ile her ortamda kullan\u0131labilir. 25\u201330 basma hareketi ile olu\u015fan enerji, fenerin \u00e7al\u0131\u015fmas\u0131n\u0131 sa\u011flar ve kesintisiz ayd\u0131nlatma sunar.3 LED\u2019li yap\u0131s\u0131, \u0131\u015f\u0131\u011f\u0131n dengeli ve net \u015fekilde yay\u0131lmas\u0131n\u0131 sa\u011flar. K\u00fc\u00e7\u00fck boyutu sayesinde \u00e7anta, \u00e7ekmece veya ara\u00e7 i\u00e7inde rahatl\u0131kla saklanabilir. \u00d6zellikle deprem ve do\u011fal afet durumlar\u0131nda b\u00fcy\u00fck avantaj sa\u011flar.Dayan\u0131kl\u0131 ve kullan\u0131m\u0131 kolay bir acil durum feneridir.<\/p>\n","protected":false},"excerpt":{"rendered":"<p>Elektrik veya pil gerektirmeyen kendili\u011finden \u015farjl\u0131 el feneri, manuel \u015farj \u00f6zelli\u011fi ile her ortamda kullan\u0131labilir. 25\u201330 basma hareketi ile olu\u015fan enerji, fenerin \u00e7al\u0131\u015fmas\u0131n\u0131 sa\u011flar ve kesintisiz ayd\u0131nlatma sunar.3 LED\u2019li yap\u0131s\u0131, \u0131\u015f\u0131\u011f\u0131n dengeli ve net \u015fekilde yay\u0131lmas\u0131n\u0131 sa\u011flar. K\u00fc\u00e7\u00fck boyutu sayesinde \u00e7anta, \u00e7ekmece veya ara\u00e7 i\u00e7inde rahatl\u0131kla saklanabilir. \u00d6zellikle deprem ve do\u011fal afet durumlar\u0131nda b\u00fcy\u00fck avantaj&#8230;<\/p>\n","protected":false},"featured_media":128029,"comment_status":"open","ping_status":"closed","template":"","meta":{"_kad_post_transparent":"","_kad_post_title":"","_kad_post_layout":"","_kad_post_sidebar_id":"","_kad_post_content_style":"","_kad_post_vertical_padding":"","_kad_post_feature":"","_kad_post_feature_position":"","_kad_post_header":false,"_kad_post_footer":false,"_kad_post_classname":""},"product_brand":[],"product_cat":[14977],"product_tag":[],"class_list":{"0":"post-128030","1":"product","2":"type-product","3":"status-publish","4":"has-post-thumbnail","6":"product_cat-kamp-lambasi-kamp-lambasi","8":"first","9":"instock","10":"purchasable","11":"product-type-simple","12":"entry","13":"content-bg","14":"loop-entry"},"_links":{"self":[{"href":"https:\/\/www.hediyepazar.com\/index.php?rest_route=\/wp\/v2\/product\/128030","targetHints":{"allow":["GET"]}}],"collection":[{"href":"https:\/\/www.hediyepazar.com\/index.php?rest_route=\/wp\/v2\/product"}],"about":[{"href":"https:\/\/www.hediyepazar.com\/index.php?rest_route=\/wp\/v2\/types\/product"}],"replies":[{"embeddable":true,"href":"https:\/\/www.hediyepazar.com\/index.php?rest_route=%2Fwp%2Fv2%2Fcomments&post=128030"}],"wp:featuredmedia":[{"embeddable":true,"href":"https:\/\/www.hediyepazar.com\/index.php?rest_route=\/wp\/v2\/media\/128029"}],"wp:attachment":[{"href":"https:\/\/www.hediyepazar.com\/index.php?rest_route=%2Fwp%2Fv2%2Fmedia&parent=128030"}],"wp:term":[{"taxonomy":"product_brand","embeddable":true,"href":"https:\/\/www.hediyepazar.com\/index.php?rest_route=%2Fwp%2Fv2%2Fproduct_brand&post=128030"},{"taxonomy":"product_cat","embeddable":true,"href":"https:\/\/www.hediyepazar.com\/index.php?rest_route=%2Fwp%2Fv2%2Fproduct_cat&post=128030"},{"taxonomy":"product_tag","embeddable":true,"href":"https:\/\/www.hediyepazar.com\/index.php?rest_route=%2Fwp%2Fv2%2Fproduct_tag&post=128030"}],"curies":[{"name":"wp","href":"https:\/\/api.w.org\/{rel}","templated":true}]}}