{"id":128036,"date":"2026-05-07T00:15:10","date_gmt":"2026-05-07T03:15:10","guid":{"rendered":"https:\/\/www.hediyepazar.com\/?product=kendiliginden-sarjli-el-feneri-pilsiz-dinamolu-3-led-tasinabilir"},"modified":"2026-05-07T00:15:10","modified_gmt":"2026-05-07T03:15:10","slug":"kendiliginden-sarjli-el-feneri-pilsiz-dinamolu-3-led-tasinabilir","status":"publish","type":"product","link":"https:\/\/www.hediyepazar.com\/?product=kendiliginden-sarjli-el-feneri-pilsiz-dinamolu-3-led-tasinabilir","title":{"rendered":"Kendili\u011finden \u015earjl\u0131 El Feneri Pilsiz Dinamolu 3 LED Ta\u015f\u0131nabilir"},"content":{"rendered":"<p>Enerjiye ba\u011f\u0131ml\u0131 kalmadan ayd\u0131nlatma sunan kendili\u011finden \u015farjl\u0131 el feneri, manuel basma sistemi ile \u00e7al\u0131\u015f\u0131r. Pilsiz yap\u0131s\u0131 sayesinde hem ekonomik hem de \u00e7evre dostudur. \u00d6zellikle deprem ve do\u011fal afet anlar\u0131nda h\u0131zl\u0131ca \u0131\u015f\u0131k elde etmenizi sa\u011flar.Fenerin yan y\u00fczeyine uygulanan 25\u201330 basma hareketi, gerekli enerjiyi \u00fcretir ve bu enerji cihaz i\u00e7inde muhafaza edilir. 3 LED\u2019li yap\u0131s\u0131 sayesinde karanl\u0131k ortamlarda net g\u00f6r\u00fc\u015f sa\u011flar. K\u00fc\u00e7\u00fck boyutu ile kolay ta\u015f\u0131nabilir ve her ortamda rahatl\u0131kla kullan\u0131labilir.Acil durumlar, kamp aktiviteleri veya g\u00fcnl\u00fck kullan\u0131m i\u00e7in pratik bir ayd\u0131nlatma \u00e7\u00f6z\u00fcm\u00fcd\u00fcr.<\/p>\n","protected":false},"excerpt":{"rendered":"<p>Enerjiye ba\u011f\u0131ml\u0131 kalmadan ayd\u0131nlatma sunan kendili\u011finden \u015farjl\u0131 el feneri, manuel basma sistemi ile \u00e7al\u0131\u015f\u0131r. Pilsiz yap\u0131s\u0131 sayesinde hem ekonomik hem de \u00e7evre dostudur. \u00d6zellikle deprem ve do\u011fal afet anlar\u0131nda h\u0131zl\u0131ca \u0131\u015f\u0131k elde etmenizi sa\u011flar.Fenerin yan y\u00fczeyine uygulanan 25\u201330 basma hareketi, gerekli enerjiyi \u00fcretir ve bu enerji cihaz i\u00e7inde muhafaza edilir. 3 LED\u2019li yap\u0131s\u0131 sayesinde karanl\u0131k&#8230;<\/p>\n","protected":false},"featured_media":128035,"comment_status":"open","ping_status":"closed","template":"","meta":{"_kad_post_transparent":"","_kad_post_title":"","_kad_post_layout":"","_kad_post_sidebar_id":"","_kad_post_content_style":"","_kad_post_vertical_padding":"","_kad_post_feature":"","_kad_post_feature_position":"","_kad_post_header":false,"_kad_post_footer":false,"_kad_post_classname":""},"product_brand":[],"product_cat":[14977],"product_tag":[],"class_list":{"0":"post-128036","1":"product","2":"type-product","3":"status-publish","4":"has-post-thumbnail","6":"product_cat-kamp-lambasi-kamp-lambasi","8":"first","9":"instock","10":"purchasable","11":"product-type-simple","12":"entry","13":"content-bg","14":"loop-entry"},"_links":{"self":[{"href":"https:\/\/www.hediyepazar.com\/index.php?rest_route=\/wp\/v2\/product\/128036","targetHints":{"allow":["GET"]}}],"collection":[{"href":"https:\/\/www.hediyepazar.com\/index.php?rest_route=\/wp\/v2\/product"}],"about":[{"href":"https:\/\/www.hediyepazar.com\/index.php?rest_route=\/wp\/v2\/types\/product"}],"replies":[{"embeddable":true,"href":"https:\/\/www.hediyepazar.com\/index.php?rest_route=%2Fwp%2Fv2%2Fcomments&post=128036"}],"wp:featuredmedia":[{"embeddable":true,"href":"https:\/\/www.hediyepazar.com\/index.php?rest_route=\/wp\/v2\/media\/128035"}],"wp:attachment":[{"href":"https:\/\/www.hediyepazar.com\/index.php?rest_route=%2Fwp%2Fv2%2Fmedia&parent=128036"}],"wp:term":[{"taxonomy":"product_brand","embeddable":true,"href":"https:\/\/www.hediyepazar.com\/index.php?rest_route=%2Fwp%2Fv2%2Fproduct_brand&post=128036"},{"taxonomy":"product_cat","embeddable":true,"href":"https:\/\/www.hediyepazar.com\/index.php?rest_route=%2Fwp%2Fv2%2Fproduct_cat&post=128036"},{"taxonomy":"product_tag","embeddable":true,"href":"https:\/\/www.hediyepazar.com\/index.php?rest_route=%2Fwp%2Fv2%2Fproduct_tag&post=128036"}],"curies":[{"name":"wp","href":"https:\/\/api.w.org\/{rel}","templated":true}]}}