{"id":128050,"date":"2026-05-07T00:16:59","date_gmt":"2026-05-07T03:16:59","guid":{"rendered":"https:\/\/www.hediyepazar.com\/?product=ev-ici-ramazan-led-aydinlatma-sacagi-3-metre-sik-tasarim"},"modified":"2026-05-07T00:16:59","modified_gmt":"2026-05-07T03:16:59","slug":"ev-ici-ramazan-led-aydinlatma-sacagi-3-metre-sik-tasarim","status":"publish","type":"product","link":"https:\/\/www.hediyepazar.com\/?product=ev-ici-ramazan-led-aydinlatma-sacagi-3-metre-sik-tasarim","title":{"rendered":"Ev \u0130\u00e7i Ramazan LED Ayd\u0131nlatma Sa\u00e7a\u011f\u0131 3 Metre \u015e\u0131k Tasar\u0131m"},"content":{"rendered":"<p>Bu Ramazan LED \u0131\u015f\u0131k, dekorasyona \u00f6nem verenler i\u00e7in \u015f\u0131k ve kullan\u0131\u015fl\u0131 bir \u00fcr\u00fcnd\u00fcr. 3 metre sa\u00e7ak uzunlu\u011fu sayesinde tek par\u00e7a ile geni\u015f bir alan\u0131 s\u00fcsleme imk\u00e2n\u0131 sunar. A++ s\u0131n\u0131f\u0131 LED teknolojisi d\u00fc\u015f\u00fck enerji t\u00fcketimi sa\u011flarken uzun \u00f6m\u00fcrl\u00fc kullan\u0131m avantaj\u0131 sunar. Ev i\u00e7i kullan\u0131m i\u00e7in uygun olan \u00fcr\u00fcn, salon, pencere \u00f6n\u00fc, duvar ve balkon korkuluklar\u0131nda rahatl\u0131kla kullan\u0131labilir. Ramazan ay\u0131na \u00f6zel s\u0131cak \u0131\u015f\u0131k tonu ile iftar ve sahur saatlerinde huzurlu bir ortam olu\u015fturur. Estetik tasar\u0131m\u0131 sayesinde Ramazan dekorasyonunu tamamlayan zarif bir ayd\u0131nlatmad\u0131r.<\/p>\n","protected":false},"excerpt":{"rendered":"<p>Bu Ramazan LED \u0131\u015f\u0131k, dekorasyona \u00f6nem verenler i\u00e7in \u015f\u0131k ve kullan\u0131\u015fl\u0131 bir \u00fcr\u00fcnd\u00fcr. 3 metre sa\u00e7ak uzunlu\u011fu sayesinde tek par\u00e7a ile geni\u015f bir alan\u0131 s\u00fcsleme imk\u00e2n\u0131 sunar. A++ s\u0131n\u0131f\u0131 LED teknolojisi d\u00fc\u015f\u00fck enerji t\u00fcketimi sa\u011flarken uzun \u00f6m\u00fcrl\u00fc kullan\u0131m avantaj\u0131 sunar. Ev i\u00e7i kullan\u0131m i\u00e7in uygun olan \u00fcr\u00fcn, salon, pencere \u00f6n\u00fc, duvar ve balkon korkuluklar\u0131nda rahatl\u0131kla&#8230;<\/p>\n","protected":false},"featured_media":128049,"comment_status":"open","ping_status":"closed","template":"","meta":{"_kad_post_transparent":"","_kad_post_title":"","_kad_post_layout":"","_kad_post_sidebar_id":"","_kad_post_content_style":"","_kad_post_vertical_padding":"","_kad_post_feature":"","_kad_post_feature_position":"","_kad_post_header":false,"_kad_post_footer":false,"_kad_post_classname":""},"product_brand":[],"product_cat":[14933],"product_tag":[],"class_list":{"0":"post-128050","1":"product","2":"type-product","3":"status-publish","4":"has-post-thumbnail","6":"product_cat-led-isik-led-isik","8":"first","9":"instock","10":"purchasable","11":"product-type-simple","12":"entry","13":"content-bg","14":"loop-entry"},"_links":{"self":[{"href":"https:\/\/www.hediyepazar.com\/index.php?rest_route=\/wp\/v2\/product\/128050","targetHints":{"allow":["GET"]}}],"collection":[{"href":"https:\/\/www.hediyepazar.com\/index.php?rest_route=\/wp\/v2\/product"}],"about":[{"href":"https:\/\/www.hediyepazar.com\/index.php?rest_route=\/wp\/v2\/types\/product"}],"replies":[{"embeddable":true,"href":"https:\/\/www.hediyepazar.com\/index.php?rest_route=%2Fwp%2Fv2%2Fcomments&post=128050"}],"wp:featuredmedia":[{"embeddable":true,"href":"https:\/\/www.hediyepazar.com\/index.php?rest_route=\/wp\/v2\/media\/128049"}],"wp:attachment":[{"href":"https:\/\/www.hediyepazar.com\/index.php?rest_route=%2Fwp%2Fv2%2Fmedia&parent=128050"}],"wp:term":[{"taxonomy":"product_brand","embeddable":true,"href":"https:\/\/www.hediyepazar.com\/index.php?rest_route=%2Fwp%2Fv2%2Fproduct_brand&post=128050"},{"taxonomy":"product_cat","embeddable":true,"href":"https:\/\/www.hediyepazar.com\/index.php?rest_route=%2Fwp%2Fv2%2Fproduct_cat&post=128050"},{"taxonomy":"product_tag","embeddable":true,"href":"https:\/\/www.hediyepazar.com\/index.php?rest_route=%2Fwp%2Fv2%2Fproduct_tag&post=128050"}],"curies":[{"name":"wp","href":"https:\/\/api.w.org\/{rel}","templated":true}]}}