{"id":128054,"date":"2026-05-07T00:17:12","date_gmt":"2026-05-07T03:17:12","guid":{"rendered":"https:\/\/www.hediyepazar.com\/?product=a-tasarruflu-ramazan-sus-isigi-pencere-perde-balkon-uyumlu"},"modified":"2026-05-07T00:17:12","modified_gmt":"2026-05-07T03:17:12","slug":"a-tasarruflu-ramazan-sus-isigi-pencere-perde-balkon-uyumlu","status":"publish","type":"product","link":"https:\/\/www.hediyepazar.com\/?product=a-tasarruflu-ramazan-sus-isigi-pencere-perde-balkon-uyumlu","title":{"rendered":"A++ Tasarruflu Ramazan S\u00fcs I\u015f\u0131\u011f\u0131 Pencere Perde Balkon Uyumlu"},"content":{"rendered":"<p>Ramazan ay\u0131na \u00f6zel tasarlanan bu LED \u0131\u015f\u0131k, ev dekorasyonunda s\u0131cak ve davetk\u00e2r bir atmosfer olu\u015fturur. 3 metrelik sa\u00e7ak uzunlu\u011fu sayesinde duvar, perde ve pencere gibi alanlarda dengeli bir ayd\u0131nlatma sa\u011flar. A++ enerji s\u0131n\u0131f\u0131 LED yap\u0131s\u0131 ile uzun s\u00fcreli kullan\u0131mda bile d\u00fc\u015f\u00fck enerji t\u00fcketimi sunar. \u0130ftar ve sahur saatlerinde ortam\u0131n ambiyans\u0131n\u0131 g\u00fc\u00e7lendirerek daha huzurlu bir alan olu\u015fturur. Ev i\u00e7i kullan\u0131ma uygun tasar\u0131m\u0131 sayesinde g\u00fcvenle tercih edilebilir. \u015e\u0131k ve estetik g\u00f6r\u00fcn\u00fcm\u00fcyle Ramazan dekorasyonunu tamamlayan zarif bir detayd\u0131r. Minimal yap\u0131s\u0131 sayesinde farkl\u0131 dekorasyon stilleriyle kolayca uyum sa\u011flar.<\/p>\n","protected":false},"excerpt":{"rendered":"<p>Ramazan ay\u0131na \u00f6zel tasarlanan bu LED \u0131\u015f\u0131k, ev dekorasyonunda s\u0131cak ve davetk\u00e2r bir atmosfer olu\u015fturur. 3 metrelik sa\u00e7ak uzunlu\u011fu sayesinde duvar, perde ve pencere gibi alanlarda dengeli bir ayd\u0131nlatma sa\u011flar. A++ enerji s\u0131n\u0131f\u0131 LED yap\u0131s\u0131 ile uzun s\u00fcreli kullan\u0131mda bile d\u00fc\u015f\u00fck enerji t\u00fcketimi sunar. \u0130ftar ve sahur saatlerinde ortam\u0131n ambiyans\u0131n\u0131 g\u00fc\u00e7lendirerek daha huzurlu bir alan&#8230;<\/p>\n","protected":false},"featured_media":128053,"comment_status":"open","ping_status":"closed","template":"","meta":{"_kad_post_transparent":"","_kad_post_title":"","_kad_post_layout":"","_kad_post_sidebar_id":"","_kad_post_content_style":"","_kad_post_vertical_padding":"","_kad_post_feature":"","_kad_post_feature_position":"","_kad_post_header":false,"_kad_post_footer":false,"_kad_post_classname":""},"product_brand":[],"product_cat":[14933],"product_tag":[],"class_list":{"0":"post-128054","1":"product","2":"type-product","3":"status-publish","4":"has-post-thumbnail","6":"product_cat-led-isik-led-isik","8":"first","9":"instock","10":"purchasable","11":"product-type-simple","12":"entry","13":"content-bg","14":"loop-entry"},"_links":{"self":[{"href":"https:\/\/www.hediyepazar.com\/index.php?rest_route=\/wp\/v2\/product\/128054","targetHints":{"allow":["GET"]}}],"collection":[{"href":"https:\/\/www.hediyepazar.com\/index.php?rest_route=\/wp\/v2\/product"}],"about":[{"href":"https:\/\/www.hediyepazar.com\/index.php?rest_route=\/wp\/v2\/types\/product"}],"replies":[{"embeddable":true,"href":"https:\/\/www.hediyepazar.com\/index.php?rest_route=%2Fwp%2Fv2%2Fcomments&post=128054"}],"wp:featuredmedia":[{"embeddable":true,"href":"https:\/\/www.hediyepazar.com\/index.php?rest_route=\/wp\/v2\/media\/128053"}],"wp:attachment":[{"href":"https:\/\/www.hediyepazar.com\/index.php?rest_route=%2Fwp%2Fv2%2Fmedia&parent=128054"}],"wp:term":[{"taxonomy":"product_brand","embeddable":true,"href":"https:\/\/www.hediyepazar.com\/index.php?rest_route=%2Fwp%2Fv2%2Fproduct_brand&post=128054"},{"taxonomy":"product_cat","embeddable":true,"href":"https:\/\/www.hediyepazar.com\/index.php?rest_route=%2Fwp%2Fv2%2Fproduct_cat&post=128054"},{"taxonomy":"product_tag","embeddable":true,"href":"https:\/\/www.hediyepazar.com\/index.php?rest_route=%2Fwp%2Fv2%2Fproduct_tag&post=128054"}],"curies":[{"name":"wp","href":"https:\/\/api.w.org\/{rel}","templated":true}]}}