{"id":128056,"date":"2026-05-07T00:17:17","date_gmt":"2026-05-07T03:17:17","guid":{"rendered":"https:\/\/www.hediyepazar.com\/?product=3-metre-ramazan-led-sacak-isik-ev-ici-dekoratif-aydinlatma"},"modified":"2026-05-07T00:17:17","modified_gmt":"2026-05-07T03:17:17","slug":"3-metre-ramazan-led-sacak-isik-ev-ici-dekoratif-aydinlatma","status":"publish","type":"product","link":"https:\/\/www.hediyepazar.com\/?product=3-metre-ramazan-led-sacak-isik-ev-ici-dekoratif-aydinlatma","title":{"rendered":"3 Metre Ramazan LED Sa\u00e7ak I\u015f\u0131k Ev \u0130\u00e7i Dekoratif Ayd\u0131nlatma"},"content":{"rendered":"<p>3 metre uzunlu\u011fa sahip Ramazan LED \u0131\u015f\u0131k, geni\u015f alanlar\u0131 kolayca s\u00fcsleyebilmeniz i\u00e7in \u00f6zel olarak tasarlanm\u0131\u015ft\u0131r. A++ s\u0131n\u0131f\u0131 LED teknolojisi sayesinde y\u00fcksek \u0131\u015f\u0131k verimi sa\u011flarken minimum enerji t\u00fcketir. Pencere ve perde \u00f6nlerinde kullan\u0131ld\u0131\u011f\u0131nda mek\u00e2na derinlik kazand\u0131r\u0131r, balkon korkuluklar\u0131nda ise d\u0131\u015far\u0131dan bak\u0131ld\u0131\u011f\u0131nda etkileyici bir Ramazan g\u00f6r\u00fcn\u00fcm\u00fc olu\u015fturur. Ev i\u00e7i kullan\u0131m i\u00e7in uygun olan bu \u00fcr\u00fcn, iftar sofralar\u0131na ve sahur haz\u0131rl\u0131klar\u0131na e\u015flik eden huzurlu bir ayd\u0131nlatma sunar. Hilal ve y\u0131ld\u0131z fig\u00fcrleriyle Ramazan ruhunu yans\u0131t\u0131rken, sade \u0131\u015f\u0131k tonu sayesinde g\u00f6z yormaz. Dekoratif oldu\u011fu kadar fonksiyonel yap\u0131s\u0131 ile Ramazan s\u00fcslemelerinde pratik ve \u015f\u0131k bir \u00e7\u00f6z\u00fcmd\u00fcr.<\/p>\n","protected":false},"excerpt":{"rendered":"<p>3 metre uzunlu\u011fa sahip Ramazan LED \u0131\u015f\u0131k, geni\u015f alanlar\u0131 kolayca s\u00fcsleyebilmeniz i\u00e7in \u00f6zel olarak tasarlanm\u0131\u015ft\u0131r. A++ s\u0131n\u0131f\u0131 LED teknolojisi sayesinde y\u00fcksek \u0131\u015f\u0131k verimi sa\u011flarken minimum enerji t\u00fcketir. Pencere ve perde \u00f6nlerinde kullan\u0131ld\u0131\u011f\u0131nda mek\u00e2na derinlik kazand\u0131r\u0131r, balkon korkuluklar\u0131nda ise d\u0131\u015far\u0131dan bak\u0131ld\u0131\u011f\u0131nda etkileyici bir Ramazan g\u00f6r\u00fcn\u00fcm\u00fc olu\u015fturur. Ev i\u00e7i kullan\u0131m i\u00e7in uygun olan bu \u00fcr\u00fcn, iftar sofralar\u0131na&#8230;<\/p>\n","protected":false},"featured_media":128055,"comment_status":"open","ping_status":"closed","template":"","meta":{"_kad_post_transparent":"","_kad_post_title":"","_kad_post_layout":"","_kad_post_sidebar_id":"","_kad_post_content_style":"","_kad_post_vertical_padding":"","_kad_post_feature":"","_kad_post_feature_position":"","_kad_post_header":false,"_kad_post_footer":false,"_kad_post_classname":""},"product_brand":[],"product_cat":[14933],"product_tag":[],"class_list":{"0":"post-128056","1":"product","2":"type-product","3":"status-publish","4":"has-post-thumbnail","6":"product_cat-led-isik-led-isik","8":"first","9":"instock","10":"purchasable","11":"product-type-simple","12":"entry","13":"content-bg","14":"loop-entry"},"_links":{"self":[{"href":"https:\/\/www.hediyepazar.com\/index.php?rest_route=\/wp\/v2\/product\/128056","targetHints":{"allow":["GET"]}}],"collection":[{"href":"https:\/\/www.hediyepazar.com\/index.php?rest_route=\/wp\/v2\/product"}],"about":[{"href":"https:\/\/www.hediyepazar.com\/index.php?rest_route=\/wp\/v2\/types\/product"}],"replies":[{"embeddable":true,"href":"https:\/\/www.hediyepazar.com\/index.php?rest_route=%2Fwp%2Fv2%2Fcomments&post=128056"}],"wp:featuredmedia":[{"embeddable":true,"href":"https:\/\/www.hediyepazar.com\/index.php?rest_route=\/wp\/v2\/media\/128055"}],"wp:attachment":[{"href":"https:\/\/www.hediyepazar.com\/index.php?rest_route=%2Fwp%2Fv2%2Fmedia&parent=128056"}],"wp:term":[{"taxonomy":"product_brand","embeddable":true,"href":"https:\/\/www.hediyepazar.com\/index.php?rest_route=%2Fwp%2Fv2%2Fproduct_brand&post=128056"},{"taxonomy":"product_cat","embeddable":true,"href":"https:\/\/www.hediyepazar.com\/index.php?rest_route=%2Fwp%2Fv2%2Fproduct_cat&post=128056"},{"taxonomy":"product_tag","embeddable":true,"href":"https:\/\/www.hediyepazar.com\/index.php?rest_route=%2Fwp%2Fv2%2Fproduct_tag&post=128056"}],"curies":[{"name":"wp","href":"https:\/\/api.w.org\/{rel}","templated":true}]}}