{"id":128070,"date":"2026-05-07T00:19:12","date_gmt":"2026-05-07T03:19:12","guid":{"rendered":"https:\/\/www.hediyepazar.com\/?product=zaman-ayarli-fisli-yildiz-projektor-ortam-lambasi"},"modified":"2026-05-07T00:19:12","modified_gmt":"2026-05-07T03:19:12","slug":"zaman-ayarli-fisli-yildiz-projektor-ortam-lambasi","status":"publish","type":"product","link":"https:\/\/www.hediyepazar.com\/?product=zaman-ayarli-fisli-yildiz-projektor-ortam-lambasi","title":{"rendered":"Zaman Ayarl\u0131 Fi\u015fli Y\u0131ld\u0131z Projekt\u00f6r Ortam Lambas\u0131"},"content":{"rendered":"<p>Fi\u015fe tak\u0131larak \u00e7al\u0131\u015fan y\u0131ld\u0131z projekt\u00f6r gece lambas\u0131, pratik ve g\u00fcvenli kullan\u0131m avantaj\u0131 sunar. Y\u0131ld\u0131z yans\u0131malar\u0131, \u00f6zellikle \u00e7ocuklar\u0131n uykuya ge\u00e7i\u015f s\u00fcrecini kolayla\u015ft\u0131r\u0131r ve rahatlat\u0131c\u0131 bir ortam olu\u015fturur.Ayarlanabilir \u0131\u015f\u0131k se\u00e7enekleri ve m\u00fczik hoparl\u00f6r\u00fc sayesinde \u00e7ok y\u00f6nl\u00fc kullan\u0131m imk\u00e2n\u0131 sa\u011flar. 30 dakikal\u0131k otomatik kapanma fonksiyonu, gece kullan\u0131m\u0131nda ekstra konfor sunar.<\/p>\n","protected":false},"excerpt":{"rendered":"<p>Fi\u015fe tak\u0131larak \u00e7al\u0131\u015fan y\u0131ld\u0131z projekt\u00f6r gece lambas\u0131, pratik ve g\u00fcvenli kullan\u0131m avantaj\u0131 sunar. Y\u0131ld\u0131z yans\u0131malar\u0131, \u00f6zellikle \u00e7ocuklar\u0131n uykuya ge\u00e7i\u015f s\u00fcrecini kolayla\u015ft\u0131r\u0131r ve rahatlat\u0131c\u0131 bir ortam olu\u015fturur.Ayarlanabilir \u0131\u015f\u0131k se\u00e7enekleri ve m\u00fczik hoparl\u00f6r\u00fc sayesinde \u00e7ok y\u00f6nl\u00fc kullan\u0131m imk\u00e2n\u0131 sa\u011flar. 30 dakikal\u0131k otomatik kapanma fonksiyonu, gece kullan\u0131m\u0131nda ekstra konfor sunar.<\/p>\n","protected":false},"featured_media":128069,"comment_status":"open","ping_status":"closed","template":"","meta":{"_kad_post_transparent":"","_kad_post_title":"","_kad_post_layout":"","_kad_post_sidebar_id":"","_kad_post_content_style":"","_kad_post_vertical_padding":"","_kad_post_feature":"","_kad_post_feature_position":"","_kad_post_header":false,"_kad_post_footer":false,"_kad_post_classname":""},"product_brand":[],"product_cat":[14967],"product_tag":[],"class_list":{"0":"post-128070","1":"product","2":"type-product","3":"status-publish","4":"has-post-thumbnail","6":"product_cat-gece-lambasi-gece-lambasi","8":"first","9":"instock","10":"purchasable","11":"product-type-simple","12":"entry","13":"content-bg","14":"loop-entry"},"_links":{"self":[{"href":"https:\/\/www.hediyepazar.com\/index.php?rest_route=\/wp\/v2\/product\/128070","targetHints":{"allow":["GET"]}}],"collection":[{"href":"https:\/\/www.hediyepazar.com\/index.php?rest_route=\/wp\/v2\/product"}],"about":[{"href":"https:\/\/www.hediyepazar.com\/index.php?rest_route=\/wp\/v2\/types\/product"}],"replies":[{"embeddable":true,"href":"https:\/\/www.hediyepazar.com\/index.php?rest_route=%2Fwp%2Fv2%2Fcomments&post=128070"}],"wp:featuredmedia":[{"embeddable":true,"href":"https:\/\/www.hediyepazar.com\/index.php?rest_route=\/wp\/v2\/media\/128069"}],"wp:attachment":[{"href":"https:\/\/www.hediyepazar.com\/index.php?rest_route=%2Fwp%2Fv2%2Fmedia&parent=128070"}],"wp:term":[{"taxonomy":"product_brand","embeddable":true,"href":"https:\/\/www.hediyepazar.com\/index.php?rest_route=%2Fwp%2Fv2%2Fproduct_brand&post=128070"},{"taxonomy":"product_cat","embeddable":true,"href":"https:\/\/www.hediyepazar.com\/index.php?rest_route=%2Fwp%2Fv2%2Fproduct_cat&post=128070"},{"taxonomy":"product_tag","embeddable":true,"href":"https:\/\/www.hediyepazar.com\/index.php?rest_route=%2Fwp%2Fv2%2Fproduct_tag&post=128070"}],"curies":[{"name":"wp","href":"https:\/\/api.w.org\/{rel}","templated":true}]}}