{"id":128074,"date":"2026-05-07T00:20:00","date_gmt":"2026-05-07T03:20:00","guid":{"rendered":"https:\/\/www.hediyepazar.com\/?product=muzikli-yildiz-yansitmali-dekoratif-gece-lambasi"},"modified":"2026-05-07T00:20:00","modified_gmt":"2026-05-07T03:20:00","slug":"muzikli-yildiz-yansitmali-dekoratif-gece-lambasi","status":"publish","type":"product","link":"https:\/\/www.hediyepazar.com\/?product=muzikli-yildiz-yansitmali-dekoratif-gece-lambasi","title":{"rendered":"M\u00fczikli Y\u0131ld\u0131z Yans\u0131tmal\u0131 Dekoratif Gece Lambas\u0131"},"content":{"rendered":"<p>Fi\u015fli y\u0131ld\u0131z projekt\u00f6r, g\u00f6ky\u00fcz\u00fc temal\u0131 ayd\u0131nlatmay\u0131 ev ortam\u0131na ta\u015f\u0131yan \u00e7ok ama\u00e7l\u0131 bir gece lambas\u0131d\u0131r. Prizden ald\u0131\u011f\u0131 enerji sayesinde sabit \u0131\u015f\u0131k g\u00fcc\u00fc sunar ve performans kayb\u0131 ya\u015fanmaz.Y\u0131ld\u0131z yans\u0131malar\u0131 tavan ve duvarlara net \u015fekilde da\u011f\u0131l\u0131r. Dahili hoparl\u00f6r \u00f6zelli\u011fi sayesinde m\u00fczik e\u015fli\u011finde kullan\u0131labilir. I\u015f\u0131klar\u0131n sese tepki vermesi, \u00fcr\u00fcn\u00fc e\u011flenceli ve dikkat \u00e7ekici hale getirir.Zaman ayarl\u0131 kapanma \u00f6zelli\u011fi, hem enerji tasarrufu hem de kullan\u0131m rahatl\u0131\u011f\u0131 sa\u011flar. \u00c7ocuklar i\u00e7in g\u00fcvenli bir gece lambas\u0131 olarak da tercih edilebilir.<\/p>\n","protected":false},"excerpt":{"rendered":"<p>Fi\u015fli y\u0131ld\u0131z projekt\u00f6r, g\u00f6ky\u00fcz\u00fc temal\u0131 ayd\u0131nlatmay\u0131 ev ortam\u0131na ta\u015f\u0131yan \u00e7ok ama\u00e7l\u0131 bir gece lambas\u0131d\u0131r. Prizden ald\u0131\u011f\u0131 enerji sayesinde sabit \u0131\u015f\u0131k g\u00fcc\u00fc sunar ve performans kayb\u0131 ya\u015fanmaz.Y\u0131ld\u0131z yans\u0131malar\u0131 tavan ve duvarlara net \u015fekilde da\u011f\u0131l\u0131r. Dahili hoparl\u00f6r \u00f6zelli\u011fi sayesinde m\u00fczik e\u015fli\u011finde kullan\u0131labilir. I\u015f\u0131klar\u0131n sese tepki vermesi, \u00fcr\u00fcn\u00fc e\u011flenceli ve dikkat \u00e7ekici hale getirir.Zaman ayarl\u0131 kapanma \u00f6zelli\u011fi, hem&#8230;<\/p>\n","protected":false},"featured_media":128073,"comment_status":"open","ping_status":"closed","template":"","meta":{"_kad_post_transparent":"","_kad_post_title":"","_kad_post_layout":"","_kad_post_sidebar_id":"","_kad_post_content_style":"","_kad_post_vertical_padding":"","_kad_post_feature":"","_kad_post_feature_position":"","_kad_post_header":false,"_kad_post_footer":false,"_kad_post_classname":""},"product_brand":[],"product_cat":[14967],"product_tag":[],"class_list":{"0":"post-128074","1":"product","2":"type-product","3":"status-publish","4":"has-post-thumbnail","6":"product_cat-gece-lambasi-gece-lambasi","8":"first","9":"instock","10":"purchasable","11":"product-type-simple","12":"entry","13":"content-bg","14":"loop-entry"},"_links":{"self":[{"href":"https:\/\/www.hediyepazar.com\/index.php?rest_route=\/wp\/v2\/product\/128074","targetHints":{"allow":["GET"]}}],"collection":[{"href":"https:\/\/www.hediyepazar.com\/index.php?rest_route=\/wp\/v2\/product"}],"about":[{"href":"https:\/\/www.hediyepazar.com\/index.php?rest_route=\/wp\/v2\/types\/product"}],"replies":[{"embeddable":true,"href":"https:\/\/www.hediyepazar.com\/index.php?rest_route=%2Fwp%2Fv2%2Fcomments&post=128074"}],"wp:featuredmedia":[{"embeddable":true,"href":"https:\/\/www.hediyepazar.com\/index.php?rest_route=\/wp\/v2\/media\/128073"}],"wp:attachment":[{"href":"https:\/\/www.hediyepazar.com\/index.php?rest_route=%2Fwp%2Fv2%2Fmedia&parent=128074"}],"wp:term":[{"taxonomy":"product_brand","embeddable":true,"href":"https:\/\/www.hediyepazar.com\/index.php?rest_route=%2Fwp%2Fv2%2Fproduct_brand&post=128074"},{"taxonomy":"product_cat","embeddable":true,"href":"https:\/\/www.hediyepazar.com\/index.php?rest_route=%2Fwp%2Fv2%2Fproduct_cat&post=128074"},{"taxonomy":"product_tag","embeddable":true,"href":"https:\/\/www.hediyepazar.com\/index.php?rest_route=%2Fwp%2Fv2%2Fproduct_tag&post=128074"}],"curies":[{"name":"wp","href":"https:\/\/api.w.org\/{rel}","templated":true}]}}