{"id":128078,"date":"2026-05-07T00:20:14","date_gmt":"2026-05-07T03:20:14","guid":{"rendered":"https:\/\/www.hediyepazar.com\/?product=fisli-yildiz-projektor-lamba-hoparlorlu-gece-isigi"},"modified":"2026-05-07T00:20:14","modified_gmt":"2026-05-07T03:20:14","slug":"fisli-yildiz-projektor-lamba-hoparlorlu-gece-isigi","status":"publish","type":"product","link":"https:\/\/www.hediyepazar.com\/?product=fisli-yildiz-projektor-lamba-hoparlorlu-gece-isigi","title":{"rendered":"Fi\u015fli Y\u0131ld\u0131z Projekt\u00f6r Lamba Hoparl\u00f6rl\u00fc Gece I\u015f\u0131\u011f\u0131"},"content":{"rendered":"<p>Fi\u015fli y\u0131ld\u0131z projekt\u00f6r lamba, bulundu\u011fu ortam\u0131 k\u0131sa s\u00fcrede etkileyici ve huzur verici bir atmosfere d\u00f6n\u00fc\u015ft\u00fcrmek i\u00e7in tasarlanm\u0131\u015ft\u0131r. Elektrik prizine ba\u011flanarak \u00e7al\u0131\u015fan yap\u0131s\u0131 sayesinde kesintisiz ve stabil ayd\u0131nlatma sunar. Pil veya \u015farj gerektirmemesi, \u00fcr\u00fcn\u00fc \u00f6zellikle gece boyunca g\u00fcvenle kullan\u0131labilir hale getirir.Y\u0131ld\u0131z yans\u0131tma \u00f6zelli\u011fi ile tavan ve duvarlarda g\u00f6ky\u00fcz\u00fc hissi olu\u015fturur. Ayarlanabilir parlakl\u0131k ve yans\u0131tma h\u0131z\u0131 sayesinde hem sakin hem de dinamik ortamlar yarat\u0131labilir. Bu \u00f6zellik, \u00fcr\u00fcn\u00fc yaln\u0131zca bir gece lambas\u0131 de\u011fil ayn\u0131 zamanda dekoratif bir ayd\u0131nlatma \u00e7\u00f6z\u00fcm\u00fc haline getirir.Dahili m\u00fczik hoparl\u00f6r\u00fc, USB bellek arac\u0131l\u0131\u011f\u0131yla m\u00fczik veya uyku sesleri \u00e7alman\u0131za olanak tan\u0131r. Sesle tepki veren \u0131\u015f\u0131k modu sayesinde y\u0131ld\u0131z desenleri m\u00fczi\u011fin ritmine uyum sa\u011flayarak hareket eder. \u00d6zellikle \u00e7ocuk odalar\u0131nda ve dinlenme alanlar\u0131nda rahatlat\u0131c\u0131 bir etki olu\u015fturur.30 dakikal\u0131k zamanlay\u0131c\u0131 \u00f6zelli\u011fi, kullan\u0131m konforunu art\u0131r\u0131r. \u00d6nceden ayarlanan s\u00fcre sonunda lamba otomatik olarak kapan\u0131r. Yatak odas\u0131, \u00e7ocuk odas\u0131, salon ve \u00f6zel g\u00fcn dekorasyonlar\u0131 i\u00e7in ideal bir \u00fcr\u00fcnd\u00fcr.<\/p>\n","protected":false},"excerpt":{"rendered":"<p>Fi\u015fli y\u0131ld\u0131z projekt\u00f6r lamba, bulundu\u011fu ortam\u0131 k\u0131sa s\u00fcrede etkileyici ve huzur verici bir atmosfere d\u00f6n\u00fc\u015ft\u00fcrmek i\u00e7in tasarlanm\u0131\u015ft\u0131r. Elektrik prizine ba\u011flanarak \u00e7al\u0131\u015fan yap\u0131s\u0131 sayesinde kesintisiz ve stabil ayd\u0131nlatma sunar. Pil veya \u015farj gerektirmemesi, \u00fcr\u00fcn\u00fc \u00f6zellikle gece boyunca g\u00fcvenle kullan\u0131labilir hale getirir.Y\u0131ld\u0131z yans\u0131tma \u00f6zelli\u011fi ile tavan ve duvarlarda g\u00f6ky\u00fcz\u00fc hissi olu\u015fturur. Ayarlanabilir parlakl\u0131k ve yans\u0131tma h\u0131z\u0131 sayesinde&#8230;<\/p>\n","protected":false},"featured_media":128077,"comment_status":"open","ping_status":"closed","template":"","meta":{"_kad_post_transparent":"","_kad_post_title":"","_kad_post_layout":"","_kad_post_sidebar_id":"","_kad_post_content_style":"","_kad_post_vertical_padding":"","_kad_post_feature":"","_kad_post_feature_position":"","_kad_post_header":false,"_kad_post_footer":false,"_kad_post_classname":""},"product_brand":[],"product_cat":[14967],"product_tag":[],"class_list":{"0":"post-128078","1":"product","2":"type-product","3":"status-publish","4":"has-post-thumbnail","6":"product_cat-gece-lambasi-gece-lambasi","8":"first","9":"instock","10":"purchasable","11":"product-type-simple","12":"entry","13":"content-bg","14":"loop-entry"},"_links":{"self":[{"href":"https:\/\/www.hediyepazar.com\/index.php?rest_route=\/wp\/v2\/product\/128078","targetHints":{"allow":["GET"]}}],"collection":[{"href":"https:\/\/www.hediyepazar.com\/index.php?rest_route=\/wp\/v2\/product"}],"about":[{"href":"https:\/\/www.hediyepazar.com\/index.php?rest_route=\/wp\/v2\/types\/product"}],"replies":[{"embeddable":true,"href":"https:\/\/www.hediyepazar.com\/index.php?rest_route=%2Fwp%2Fv2%2Fcomments&post=128078"}],"wp:featuredmedia":[{"embeddable":true,"href":"https:\/\/www.hediyepazar.com\/index.php?rest_route=\/wp\/v2\/media\/128077"}],"wp:attachment":[{"href":"https:\/\/www.hediyepazar.com\/index.php?rest_route=%2Fwp%2Fv2%2Fmedia&parent=128078"}],"wp:term":[{"taxonomy":"product_brand","embeddable":true,"href":"https:\/\/www.hediyepazar.com\/index.php?rest_route=%2Fwp%2Fv2%2Fproduct_brand&post=128078"},{"taxonomy":"product_cat","embeddable":true,"href":"https:\/\/www.hediyepazar.com\/index.php?rest_route=%2Fwp%2Fv2%2Fproduct_cat&post=128078"},{"taxonomy":"product_tag","embeddable":true,"href":"https:\/\/www.hediyepazar.com\/index.php?rest_route=%2Fwp%2Fv2%2Fproduct_tag&post=128078"}],"curies":[{"name":"wp","href":"https:\/\/api.w.org\/{rel}","templated":true}]}}