{"id":128082,"date":"2026-05-07T00:21:59","date_gmt":"2026-05-07T03:21:59","guid":{"rendered":"https:\/\/www.hediyepazar.com\/?product=cocuk-odasi-icin-fisli-yildiz-gece-lambasi"},"modified":"2026-05-07T00:21:59","modified_gmt":"2026-05-07T03:21:59","slug":"cocuk-odasi-icin-fisli-yildiz-gece-lambasi","status":"publish","type":"product","link":"https:\/\/www.hediyepazar.com\/?product=cocuk-odasi-icin-fisli-yildiz-gece-lambasi","title":{"rendered":"\u00c7ocuk Odas\u0131 \u0130\u00e7in Fi\u015fli Y\u0131ld\u0131z Gece Lambas\u0131"},"content":{"rendered":"<p>Bu y\u0131ld\u0131z projekt\u00f6r lamba, fi\u015fli \u00e7al\u0131\u015fma sistemi sayesinde g\u00fcvenli ve sabit performans sunar. Y\u0131ld\u0131z desenli yans\u0131malar, \u00f6zellikle gece saatlerinde ortam\u0131n havas\u0131n\u0131 de\u011fi\u015ftirir. Yumu\u015fak \u0131\u015f\u0131k ge\u00e7i\u015fleri sayesinde g\u00f6z yormaz.M\u00fczik hoparl\u00f6r\u00fc ile desteklenen yap\u0131s\u0131, rahatlat\u0131c\u0131 bir atmosfer olu\u015fturur. Sesle tepki veren \u0131\u015f\u0131k modu, e\u011flenceli ve dinamik bir kullan\u0131m sa\u011flar. Zaman ayarl\u0131 \u00e7al\u0131\u015fma \u00f6zelli\u011fi, enerji tasarrufu ve kullan\u0131m kolayl\u0131\u011f\u0131 sunar.<\/p>\n","protected":false},"excerpt":{"rendered":"<p>Bu y\u0131ld\u0131z projekt\u00f6r lamba, fi\u015fli \u00e7al\u0131\u015fma sistemi sayesinde g\u00fcvenli ve sabit performans sunar. Y\u0131ld\u0131z desenli yans\u0131malar, \u00f6zellikle gece saatlerinde ortam\u0131n havas\u0131n\u0131 de\u011fi\u015ftirir. Yumu\u015fak \u0131\u015f\u0131k ge\u00e7i\u015fleri sayesinde g\u00f6z yormaz.M\u00fczik hoparl\u00f6r\u00fc ile desteklenen yap\u0131s\u0131, rahatlat\u0131c\u0131 bir atmosfer olu\u015fturur. Sesle tepki veren \u0131\u015f\u0131k modu, e\u011flenceli ve dinamik bir kullan\u0131m sa\u011flar. Zaman ayarl\u0131 \u00e7al\u0131\u015fma \u00f6zelli\u011fi, enerji tasarrufu ve kullan\u0131m&#8230;<\/p>\n","protected":false},"featured_media":128081,"comment_status":"open","ping_status":"closed","template":"","meta":{"_kad_post_transparent":"","_kad_post_title":"","_kad_post_layout":"","_kad_post_sidebar_id":"","_kad_post_content_style":"","_kad_post_vertical_padding":"","_kad_post_feature":"","_kad_post_feature_position":"","_kad_post_header":false,"_kad_post_footer":false,"_kad_post_classname":""},"product_brand":[],"product_cat":[14967],"product_tag":[],"class_list":{"0":"post-128082","1":"product","2":"type-product","3":"status-publish","4":"has-post-thumbnail","6":"product_cat-gece-lambasi-gece-lambasi","8":"first","9":"instock","10":"purchasable","11":"product-type-simple","12":"entry","13":"content-bg","14":"loop-entry"},"_links":{"self":[{"href":"https:\/\/www.hediyepazar.com\/index.php?rest_route=\/wp\/v2\/product\/128082","targetHints":{"allow":["GET"]}}],"collection":[{"href":"https:\/\/www.hediyepazar.com\/index.php?rest_route=\/wp\/v2\/product"}],"about":[{"href":"https:\/\/www.hediyepazar.com\/index.php?rest_route=\/wp\/v2\/types\/product"}],"replies":[{"embeddable":true,"href":"https:\/\/www.hediyepazar.com\/index.php?rest_route=%2Fwp%2Fv2%2Fcomments&post=128082"}],"wp:featuredmedia":[{"embeddable":true,"href":"https:\/\/www.hediyepazar.com\/index.php?rest_route=\/wp\/v2\/media\/128081"}],"wp:attachment":[{"href":"https:\/\/www.hediyepazar.com\/index.php?rest_route=%2Fwp%2Fv2%2Fmedia&parent=128082"}],"wp:term":[{"taxonomy":"product_brand","embeddable":true,"href":"https:\/\/www.hediyepazar.com\/index.php?rest_route=%2Fwp%2Fv2%2Fproduct_brand&post=128082"},{"taxonomy":"product_cat","embeddable":true,"href":"https:\/\/www.hediyepazar.com\/index.php?rest_route=%2Fwp%2Fv2%2Fproduct_cat&post=128082"},{"taxonomy":"product_tag","embeddable":true,"href":"https:\/\/www.hediyepazar.com\/index.php?rest_route=%2Fwp%2Fv2%2Fproduct_tag&post=128082"}],"curies":[{"name":"wp","href":"https:\/\/api.w.org\/{rel}","templated":true}]}}