{"id":128084,"date":"2026-05-07T00:22:09","date_gmt":"2026-05-07T03:22:09","guid":{"rendered":"https:\/\/www.hediyepazar.com\/?product=hoparlorlu-yildiz-projektor-oda-lambasi"},"modified":"2026-05-07T00:22:09","modified_gmt":"2026-05-07T03:22:09","slug":"hoparlorlu-yildiz-projektor-oda-lambasi","status":"publish","type":"product","link":"https:\/\/www.hediyepazar.com\/?product=hoparlorlu-yildiz-projektor-oda-lambasi","title":{"rendered":"Hoparl\u00f6rl\u00fc Y\u0131ld\u0131z Projekt\u00f6r Oda Lambas\u0131"},"content":{"rendered":"<p>Fi\u015fli y\u0131ld\u0131z projekt\u00f6r lamba, dekoratif ayd\u0131nlatma ve gece lambas\u0131 i\u015flevlerini bir arada sunar. Prizden g\u00fc\u00e7 alarak \u00e7al\u0131\u015ft\u0131\u011f\u0131 i\u00e7in kesintisiz ve g\u00fcvenli kullan\u0131m sa\u011flar. Y\u0131ld\u0131z yans\u0131tma efekti, ortam\u0131 k\u0131sa s\u00fcrede huzurlu bir atmosfere d\u00f6n\u00fc\u015ft\u00fcr\u00fcr.Dahili hoparl\u00f6r \u00f6zelli\u011fi ile m\u00fczik \u00e7alabilir, sesle senkronize modda \u0131\u015f\u0131klar\u0131n ritme g\u00f6re hareket etmesini izleyebilirsiniz. Zamanlay\u0131c\u0131 fonksiyonu, belirlenen s\u00fcrenin sonunda lamban\u0131n otomatik olarak kapanmas\u0131n\u0131 sa\u011flar.\u00c7ocuklar\u0131n uykuya ge\u00e7i\u015fini kolayla\u015ft\u0131r\u0131rken yeti\u015fkinler i\u00e7in de dinlendirici bir ortam olu\u015fturur. G\u00fcnl\u00fck kullan\u0131m ve \u00f6zel g\u00fcnler i\u00e7in uygundur.<\/p>\n","protected":false},"excerpt":{"rendered":"<p>Fi\u015fli y\u0131ld\u0131z projekt\u00f6r lamba, dekoratif ayd\u0131nlatma ve gece lambas\u0131 i\u015flevlerini bir arada sunar. Prizden g\u00fc\u00e7 alarak \u00e7al\u0131\u015ft\u0131\u011f\u0131 i\u00e7in kesintisiz ve g\u00fcvenli kullan\u0131m sa\u011flar. Y\u0131ld\u0131z yans\u0131tma efekti, ortam\u0131 k\u0131sa s\u00fcrede huzurlu bir atmosfere d\u00f6n\u00fc\u015ft\u00fcr\u00fcr.Dahili hoparl\u00f6r \u00f6zelli\u011fi ile m\u00fczik \u00e7alabilir, sesle senkronize modda \u0131\u015f\u0131klar\u0131n ritme g\u00f6re hareket etmesini izleyebilirsiniz. Zamanlay\u0131c\u0131 fonksiyonu, belirlenen s\u00fcrenin sonunda lamban\u0131n otomatik olarak&#8230;<\/p>\n","protected":false},"featured_media":128083,"comment_status":"open","ping_status":"closed","template":"","meta":{"_kad_post_transparent":"","_kad_post_title":"","_kad_post_layout":"","_kad_post_sidebar_id":"","_kad_post_content_style":"","_kad_post_vertical_padding":"","_kad_post_feature":"","_kad_post_feature_position":"","_kad_post_header":false,"_kad_post_footer":false,"_kad_post_classname":""},"product_brand":[],"product_cat":[14967],"product_tag":[],"class_list":{"0":"post-128084","1":"product","2":"type-product","3":"status-publish","4":"has-post-thumbnail","6":"product_cat-gece-lambasi-gece-lambasi","8":"first","9":"instock","10":"purchasable","11":"product-type-simple","12":"entry","13":"content-bg","14":"loop-entry"},"_links":{"self":[{"href":"https:\/\/www.hediyepazar.com\/index.php?rest_route=\/wp\/v2\/product\/128084","targetHints":{"allow":["GET"]}}],"collection":[{"href":"https:\/\/www.hediyepazar.com\/index.php?rest_route=\/wp\/v2\/product"}],"about":[{"href":"https:\/\/www.hediyepazar.com\/index.php?rest_route=\/wp\/v2\/types\/product"}],"replies":[{"embeddable":true,"href":"https:\/\/www.hediyepazar.com\/index.php?rest_route=%2Fwp%2Fv2%2Fcomments&post=128084"}],"wp:featuredmedia":[{"embeddable":true,"href":"https:\/\/www.hediyepazar.com\/index.php?rest_route=\/wp\/v2\/media\/128083"}],"wp:attachment":[{"href":"https:\/\/www.hediyepazar.com\/index.php?rest_route=%2Fwp%2Fv2%2Fmedia&parent=128084"}],"wp:term":[{"taxonomy":"product_brand","embeddable":true,"href":"https:\/\/www.hediyepazar.com\/index.php?rest_route=%2Fwp%2Fv2%2Fproduct_brand&post=128084"},{"taxonomy":"product_cat","embeddable":true,"href":"https:\/\/www.hediyepazar.com\/index.php?rest_route=%2Fwp%2Fv2%2Fproduct_cat&post=128084"},{"taxonomy":"product_tag","embeddable":true,"href":"https:\/\/www.hediyepazar.com\/index.php?rest_route=%2Fwp%2Fv2%2Fproduct_tag&post=128084"}],"curies":[{"name":"wp","href":"https:\/\/api.w.org\/{rel}","templated":true}]}}