{"id":128086,"date":"2026-05-07T00:22:19","date_gmt":"2026-05-07T03:22:19","guid":{"rendered":"https:\/\/www.hediyepazar.com\/?product=sesle-tepki-veren-yildiz-projektor-gece-isigi"},"modified":"2026-05-07T00:22:19","modified_gmt":"2026-05-07T03:22:19","slug":"sesle-tepki-veren-yildiz-projektor-gece-isigi","status":"publish","type":"product","link":"https:\/\/www.hediyepazar.com\/?product=sesle-tepki-veren-yildiz-projektor-gece-isigi","title":{"rendered":"Sesle Tepki Veren Y\u0131ld\u0131z Projekt\u00f6r Gece I\u015f\u0131\u011f\u0131"},"content":{"rendered":"<p>Y\u0131ld\u0131z projekt\u00f6r gece lambas\u0131, fi\u015fe tak\u0131larak \u00e7al\u0131\u015fan yap\u0131s\u0131yla g\u00fcvenli ve s\u00fcrekli kullan\u0131m sunar. Elektrik ba\u011flant\u0131s\u0131 sayesinde \u0131\u015f\u0131k g\u00fcc\u00fc sabit kal\u0131r ve uzun s\u00fcreli kullan\u0131mlarda performans kayb\u0131 ya\u015fanmaz. \u00d6zellikle \u00e7ocuk odalar\u0131nda gece lambas\u0131 olarak tercih edilebilir.Tavan ve duvarlara yans\u0131yan y\u0131ld\u0131z desenleri, ortama sakinle\u015ftirici bir hava katar. Parlakl\u0131k ve h\u0131z ayarlar\u0131 sayesinde istenilen atmosfer kolayca olu\u015fturulabilir. Dahili hoparl\u00f6r\u00fc sayesinde m\u00fczik veya rahatlat\u0131c\u0131 sesler e\u015fli\u011finde kullan\u0131labilir.Sesle tepki veren \u0131\u015f\u0131k modu, m\u00fczi\u011fin temposuna uyum sa\u011flayarak g\u00f6rsel bir \u015f\u00f6len olu\u015fturur. 30 dakikal\u0131k otomatik kapanma \u00f6zelli\u011fi ise gece kullan\u0131m\u0131nda pratiklik sa\u011flar. \u015e\u0131k ve kompakt tasar\u0131m\u0131 sayesinde her ortama uyum sa\u011flar.<\/p>\n","protected":false},"excerpt":{"rendered":"<p>Y\u0131ld\u0131z projekt\u00f6r gece lambas\u0131, fi\u015fe tak\u0131larak \u00e7al\u0131\u015fan yap\u0131s\u0131yla g\u00fcvenli ve s\u00fcrekli kullan\u0131m sunar. Elektrik ba\u011flant\u0131s\u0131 sayesinde \u0131\u015f\u0131k g\u00fcc\u00fc sabit kal\u0131r ve uzun s\u00fcreli kullan\u0131mlarda performans kayb\u0131 ya\u015fanmaz. \u00d6zellikle \u00e7ocuk odalar\u0131nda gece lambas\u0131 olarak tercih edilebilir.Tavan ve duvarlara yans\u0131yan y\u0131ld\u0131z desenleri, ortama sakinle\u015ftirici bir hava katar. Parlakl\u0131k ve h\u0131z ayarlar\u0131 sayesinde istenilen atmosfer kolayca olu\u015fturulabilir. Dahili&#8230;<\/p>\n","protected":false},"featured_media":128085,"comment_status":"open","ping_status":"closed","template":"","meta":{"_kad_post_transparent":"","_kad_post_title":"","_kad_post_layout":"","_kad_post_sidebar_id":"","_kad_post_content_style":"","_kad_post_vertical_padding":"","_kad_post_feature":"","_kad_post_feature_position":"","_kad_post_header":false,"_kad_post_footer":false,"_kad_post_classname":""},"product_brand":[],"product_cat":[14967],"product_tag":[],"class_list":{"0":"post-128086","1":"product","2":"type-product","3":"status-publish","4":"has-post-thumbnail","6":"product_cat-gece-lambasi-gece-lambasi","8":"first","9":"instock","10":"purchasable","11":"product-type-simple","12":"entry","13":"content-bg","14":"loop-entry"},"_links":{"self":[{"href":"https:\/\/www.hediyepazar.com\/index.php?rest_route=\/wp\/v2\/product\/128086","targetHints":{"allow":["GET"]}}],"collection":[{"href":"https:\/\/www.hediyepazar.com\/index.php?rest_route=\/wp\/v2\/product"}],"about":[{"href":"https:\/\/www.hediyepazar.com\/index.php?rest_route=\/wp\/v2\/types\/product"}],"replies":[{"embeddable":true,"href":"https:\/\/www.hediyepazar.com\/index.php?rest_route=%2Fwp%2Fv2%2Fcomments&post=128086"}],"wp:featuredmedia":[{"embeddable":true,"href":"https:\/\/www.hediyepazar.com\/index.php?rest_route=\/wp\/v2\/media\/128085"}],"wp:attachment":[{"href":"https:\/\/www.hediyepazar.com\/index.php?rest_route=%2Fwp%2Fv2%2Fmedia&parent=128086"}],"wp:term":[{"taxonomy":"product_brand","embeddable":true,"href":"https:\/\/www.hediyepazar.com\/index.php?rest_route=%2Fwp%2Fv2%2Fproduct_brand&post=128086"},{"taxonomy":"product_cat","embeddable":true,"href":"https:\/\/www.hediyepazar.com\/index.php?rest_route=%2Fwp%2Fv2%2Fproduct_cat&post=128086"},{"taxonomy":"product_tag","embeddable":true,"href":"https:\/\/www.hediyepazar.com\/index.php?rest_route=%2Fwp%2Fv2%2Fproduct_tag&post=128086"}],"curies":[{"name":"wp","href":"https:\/\/api.w.org\/{rel}","templated":true}]}}