{"id":128088,"date":"2026-05-07T00:22:36","date_gmt":"2026-05-07T03:22:36","guid":{"rendered":"https:\/\/www.hediyepazar.com\/?product=fisli-yildiz-projektor-gece-lambasi-muzikli"},"modified":"2026-05-07T00:22:36","modified_gmt":"2026-05-07T03:22:36","slug":"fisli-yildiz-projektor-gece-lambasi-muzikli","status":"publish","type":"product","link":"https:\/\/www.hediyepazar.com\/?product=fisli-yildiz-projektor-gece-lambasi-muzikli","title":{"rendered":"Fi\u015fli Y\u0131ld\u0131z Projekt\u00f6r Gece Lambas\u0131 M\u00fczikli"},"content":{"rendered":"<p>Fi\u015fli y\u0131ld\u0131z projekt\u00f6r lamba, bulundu\u011fu ortama huzurlu ve etkileyici bir atmosfer kazand\u0131rmak i\u00e7in tasarlanm\u0131\u015f dekoratif bir gece lambas\u0131d\u0131r. Elektrik prizine tak\u0131larak \u00e7al\u0131\u015fan yap\u0131s\u0131 sayesinde kesintisiz ve stabil bir kullan\u0131m sunar. Batarya veya \u015farj derdi olmadan uzun s\u00fcreli kullan\u0131m imk\u00e2n\u0131 sa\u011flar ve \u00f6zellikle gece boyunca \u0131\u015f\u0131\u011f\u0131n s\u00fcrekli a\u00e7\u0131k kalmas\u0131 gereken alanlar i\u00e7in idealdir.Y\u0131ld\u0131z yans\u0131tma \u00f6zelli\u011fi sayesinde tavan ve duvarlara g\u00f6ky\u00fcz\u00fc efekti yans\u0131t\u0131r. Ortam\u0131n ambiyans\u0131na g\u00f6re ayarlanabilen parlakl\u0131k ve yans\u0131tma h\u0131z\u0131, kullan\u0131c\u0131ya ki\u015fisel bir deneyim sunar. Yumu\u015fak \u0131\u015f\u0131k ge\u00e7i\u015fleri, g\u00f6z yormayan bir ayd\u0131nlatma sa\u011flar ve dinlendirici bir ortam olu\u015fturur.Dahili m\u00fczik hoparl\u00f6r\u00fc ile dikkat \u00e7eken bu y\u0131ld\u0131z projekt\u00f6r, USB bellek arac\u0131l\u0131\u011f\u0131yla m\u00fczik veya uyku sesleri \u00e7alman\u0131za olanak tan\u0131r. Sesle tepki veren modda \u0131\u015f\u0131klar, m\u00fczi\u011fin ritmine g\u00f6re hareket eder ve desen de\u011fi\u015ftirir. Bu \u00f6zellik hem \u00e7ocuklar hem de yeti\u015fkinler i\u00e7in keyifli bir deneyim sunar.30 dakikal\u0131k zamanlay\u0131c\u0131 fonksiyonu, \u00f6zellikle gece kullan\u0131m\u0131nda b\u00fcy\u00fck kolayl\u0131k sa\u011flar. \u00d6nceden ayarlanan s\u00fcrenin sonunda lamba otomatik olarak kapan\u0131r. Bu sayede enerji tasarrufu sa\u011flan\u0131r ve kullan\u0131c\u0131ya konfor sunulur.\u00c7ocuk odalar\u0131, yatak odalar\u0131, salonlar, partiler ve \u00f6zel g\u00fcnler i\u00e7in ideal bir dekoratif ayd\u0131nlatma \u00e7\u00f6z\u00fcm\u00fcd\u00fcr. Hem g\u00f6rsel hem i\u015fitsel \u00f6zellikleriyle ortam\u0131n havas\u0131n\u0131 tamamen de\u011fi\u015ftirir.<\/p>\n","protected":false},"excerpt":{"rendered":"<p>Fi\u015fli y\u0131ld\u0131z projekt\u00f6r lamba, bulundu\u011fu ortama huzurlu ve etkileyici bir atmosfer kazand\u0131rmak i\u00e7in tasarlanm\u0131\u015f dekoratif bir gece lambas\u0131d\u0131r. Elektrik prizine tak\u0131larak \u00e7al\u0131\u015fan yap\u0131s\u0131 sayesinde kesintisiz ve stabil bir kullan\u0131m sunar. Batarya veya \u015farj derdi olmadan uzun s\u00fcreli kullan\u0131m imk\u00e2n\u0131 sa\u011flar ve \u00f6zellikle gece boyunca \u0131\u015f\u0131\u011f\u0131n s\u00fcrekli a\u00e7\u0131k kalmas\u0131 gereken alanlar i\u00e7in idealdir.Y\u0131ld\u0131z yans\u0131tma \u00f6zelli\u011fi sayesinde&#8230;<\/p>\n","protected":false},"featured_media":128087,"comment_status":"open","ping_status":"closed","template":"","meta":{"_kad_post_transparent":"","_kad_post_title":"","_kad_post_layout":"","_kad_post_sidebar_id":"","_kad_post_content_style":"","_kad_post_vertical_padding":"","_kad_post_feature":"","_kad_post_feature_position":"","_kad_post_header":false,"_kad_post_footer":false,"_kad_post_classname":""},"product_brand":[],"product_cat":[14967],"product_tag":[],"class_list":{"0":"post-128088","1":"product","2":"type-product","3":"status-publish","4":"has-post-thumbnail","6":"product_cat-gece-lambasi-gece-lambasi","8":"first","9":"instock","10":"purchasable","11":"product-type-simple","12":"entry","13":"content-bg","14":"loop-entry"},"_links":{"self":[{"href":"https:\/\/www.hediyepazar.com\/index.php?rest_route=\/wp\/v2\/product\/128088","targetHints":{"allow":["GET"]}}],"collection":[{"href":"https:\/\/www.hediyepazar.com\/index.php?rest_route=\/wp\/v2\/product"}],"about":[{"href":"https:\/\/www.hediyepazar.com\/index.php?rest_route=\/wp\/v2\/types\/product"}],"replies":[{"embeddable":true,"href":"https:\/\/www.hediyepazar.com\/index.php?rest_route=%2Fwp%2Fv2%2Fcomments&post=128088"}],"wp:featuredmedia":[{"embeddable":true,"href":"https:\/\/www.hediyepazar.com\/index.php?rest_route=\/wp\/v2\/media\/128087"}],"wp:attachment":[{"href":"https:\/\/www.hediyepazar.com\/index.php?rest_route=%2Fwp%2Fv2%2Fmedia&parent=128088"}],"wp:term":[{"taxonomy":"product_brand","embeddable":true,"href":"https:\/\/www.hediyepazar.com\/index.php?rest_route=%2Fwp%2Fv2%2Fproduct_brand&post=128088"},{"taxonomy":"product_cat","embeddable":true,"href":"https:\/\/www.hediyepazar.com\/index.php?rest_route=%2Fwp%2Fv2%2Fproduct_cat&post=128088"},{"taxonomy":"product_tag","embeddable":true,"href":"https:\/\/www.hediyepazar.com\/index.php?rest_route=%2Fwp%2Fv2%2Fproduct_tag&post=128088"}],"curies":[{"name":"wp","href":"https:\/\/api.w.org\/{rel}","templated":true}]}}