{"id":128090,"date":"2026-05-07T00:22:43","date_gmt":"2026-05-07T03:22:43","guid":{"rendered":"https:\/\/www.hediyepazar.com\/?product=kompakt-katlanabilir-paslanmaz-celik-mutfak-rendesi"},"modified":"2026-05-07T00:22:43","modified_gmt":"2026-05-07T03:22:43","slug":"kompakt-katlanabilir-paslanmaz-celik-mutfak-rendesi","status":"publish","type":"product","link":"https:\/\/www.hediyepazar.com\/?product=kompakt-katlanabilir-paslanmaz-celik-mutfak-rendesi","title":{"rendered":"Kompakt Katlanabilir Paslanmaz \u00c7elik Mutfak Rendesi"},"content":{"rendered":"<p>Bu el rendesi, paslanmaz \u00e7elik b\u0131\u00e7aklar\u0131 ve sa\u011flam g\u00f6vdesiyle mutfakta g\u00fcvenli kullan\u0131m sunar. Kolay temizlenebilir y\u00fczeyi, pratiklik sa\u011flar. \u00dcst aparat\u0131 sayesinde malzemeler k\u0131sa s\u00fcrede istenilen k\u0131vama gelir.Kompakt ve katlanabilir tasar\u0131m\u0131, dar alanlarda bile rahat saklama imk\u00e2n\u0131 sunar. G\u00fcvenli yap\u0131s\u0131, g\u00fcnl\u00fck kullan\u0131m i\u00e7in idealdir. F\u0131r\u00e7a ve hazne deste\u011fi ile temizlik ve d\u00fczen bir arada sunulur.<\/p>\n","protected":false},"excerpt":{"rendered":"<p>Bu el rendesi, paslanmaz \u00e7elik b\u0131\u00e7aklar\u0131 ve sa\u011flam g\u00f6vdesiyle mutfakta g\u00fcvenli kullan\u0131m sunar. Kolay temizlenebilir y\u00fczeyi, pratiklik sa\u011flar. \u00dcst aparat\u0131 sayesinde malzemeler k\u0131sa s\u00fcrede istenilen k\u0131vama gelir.Kompakt ve katlanabilir tasar\u0131m\u0131, dar alanlarda bile rahat saklama imk\u00e2n\u0131 sunar. G\u00fcvenli yap\u0131s\u0131, g\u00fcnl\u00fck kullan\u0131m i\u00e7in idealdir. F\u0131r\u00e7a ve hazne deste\u011fi ile temizlik ve d\u00fczen bir arada sunulur.<\/p>\n","protected":false},"featured_media":128089,"comment_status":"open","ping_status":"closed","template":"","meta":{"_kad_post_transparent":"","_kad_post_title":"","_kad_post_layout":"","_kad_post_sidebar_id":"","_kad_post_content_style":"","_kad_post_vertical_padding":"","_kad_post_feature":"","_kad_post_feature_position":"","_kad_post_header":false,"_kad_post_footer":false,"_kad_post_classname":""},"product_brand":[],"product_cat":[15057],"product_tag":[],"class_list":{"0":"post-128090","1":"product","2":"type-product","3":"status-publish","4":"has-post-thumbnail","6":"product_cat-dograyici-ve-rondo-dograyici-ve-rondo","8":"first","9":"instock","10":"purchasable","11":"product-type-simple","12":"entry","13":"content-bg","14":"loop-entry"},"_links":{"self":[{"href":"https:\/\/www.hediyepazar.com\/index.php?rest_route=\/wp\/v2\/product\/128090","targetHints":{"allow":["GET"]}}],"collection":[{"href":"https:\/\/www.hediyepazar.com\/index.php?rest_route=\/wp\/v2\/product"}],"about":[{"href":"https:\/\/www.hediyepazar.com\/index.php?rest_route=\/wp\/v2\/types\/product"}],"replies":[{"embeddable":true,"href":"https:\/\/www.hediyepazar.com\/index.php?rest_route=%2Fwp%2Fv2%2Fcomments&post=128090"}],"wp:featuredmedia":[{"embeddable":true,"href":"https:\/\/www.hediyepazar.com\/index.php?rest_route=\/wp\/v2\/media\/128089"}],"wp:attachment":[{"href":"https:\/\/www.hediyepazar.com\/index.php?rest_route=%2Fwp%2Fv2%2Fmedia&parent=128090"}],"wp:term":[{"taxonomy":"product_brand","embeddable":true,"href":"https:\/\/www.hediyepazar.com\/index.php?rest_route=%2Fwp%2Fv2%2Fproduct_brand&post=128090"},{"taxonomy":"product_cat","embeddable":true,"href":"https:\/\/www.hediyepazar.com\/index.php?rest_route=%2Fwp%2Fv2%2Fproduct_cat&post=128090"},{"taxonomy":"product_tag","embeddable":true,"href":"https:\/\/www.hediyepazar.com\/index.php?rest_route=%2Fwp%2Fv2%2Fproduct_tag&post=128090"}],"curies":[{"name":"wp","href":"https:\/\/api.w.org\/{rel}","templated":true}]}}