{"id":128092,"date":"2026-05-07T00:22:50","date_gmt":"2026-05-07T03:22:50","guid":{"rendered":"https:\/\/www.hediyepazar.com\/?product=modern-tasarimli-celik-el-rendesi-ve-dograyici"},"modified":"2026-05-07T00:22:50","modified_gmt":"2026-05-07T03:22:50","slug":"modern-tasarimli-celik-el-rendesi-ve-dograyici","status":"publish","type":"product","link":"https:\/\/www.hediyepazar.com\/?product=modern-tasarimli-celik-el-rendesi-ve-dograyici","title":{"rendered":"Modern Tasar\u0131ml\u0131 \u00c7elik El Rendesi ve Do\u011fray\u0131c\u0131"},"content":{"rendered":"<p>Modern mutfaklar i\u00e7in tasarlanm\u0131\u015f paslanmaz \u00e7elik el rendesi, fonksiyonel \u00f6zellikleriyle dikkat \u00e7eker. Dayan\u0131kl\u0131 \u00e7elik yap\u0131s\u0131, sa\u011flaml\u0131k ve uzun s\u00fcreli kullan\u0131m imk\u00e2n\u0131 sunar. Keskin b\u0131\u00e7aklar\u0131 sayesinde zahmetsiz do\u011frama ve dilimleme yap\u0131labilir.\u00dcst bast\u0131rma aparat\u0131, g\u00fcvenli ve dengeli kullan\u0131m sa\u011flar. Ellerin b\u0131\u00e7aklara temas etmesini \u00f6nleyen tasar\u0131m, \u00fcr\u00fcn\u00fc en g\u00fcvenli se\u00e7eneklerden biri haline getirir. Katlanabilir yap\u0131s\u0131 ile saklamas\u0131 son derece kolayd\u0131r.Yiyecek toplama kab\u0131 tezg\u00e2h\u0131n temiz kalmas\u0131na yard\u0131mc\u0131 olurken, temizlik f\u0131r\u00e7as\u0131 b\u0131\u00e7ak bak\u0131m\u0131n\u0131 pratik hale getirir. Estetik g\u00f6r\u00fcn\u00fcm\u00fcyle mutfa\u011f\u0131n\u0131za modern bir hava katar.<\/p>\n","protected":false},"excerpt":{"rendered":"<p>Modern mutfaklar i\u00e7in tasarlanm\u0131\u015f paslanmaz \u00e7elik el rendesi, fonksiyonel \u00f6zellikleriyle dikkat \u00e7eker. Dayan\u0131kl\u0131 \u00e7elik yap\u0131s\u0131, sa\u011flaml\u0131k ve uzun s\u00fcreli kullan\u0131m imk\u00e2n\u0131 sunar. Keskin b\u0131\u00e7aklar\u0131 sayesinde zahmetsiz do\u011frama ve dilimleme yap\u0131labilir.\u00dcst bast\u0131rma aparat\u0131, g\u00fcvenli ve dengeli kullan\u0131m sa\u011flar. Ellerin b\u0131\u00e7aklara temas etmesini \u00f6nleyen tasar\u0131m, \u00fcr\u00fcn\u00fc en g\u00fcvenli se\u00e7eneklerden biri haline getirir. Katlanabilir yap\u0131s\u0131 ile saklamas\u0131 son&#8230;<\/p>\n","protected":false},"featured_media":128091,"comment_status":"open","ping_status":"closed","template":"","meta":{"_kad_post_transparent":"","_kad_post_title":"","_kad_post_layout":"","_kad_post_sidebar_id":"","_kad_post_content_style":"","_kad_post_vertical_padding":"","_kad_post_feature":"","_kad_post_feature_position":"","_kad_post_header":false,"_kad_post_footer":false,"_kad_post_classname":""},"product_brand":[],"product_cat":[15057],"product_tag":[],"class_list":{"0":"post-128092","1":"product","2":"type-product","3":"status-publish","4":"has-post-thumbnail","6":"product_cat-dograyici-ve-rondo-dograyici-ve-rondo","8":"first","9":"instock","10":"purchasable","11":"product-type-simple","12":"entry","13":"content-bg","14":"loop-entry"},"_links":{"self":[{"href":"https:\/\/www.hediyepazar.com\/index.php?rest_route=\/wp\/v2\/product\/128092","targetHints":{"allow":["GET"]}}],"collection":[{"href":"https:\/\/www.hediyepazar.com\/index.php?rest_route=\/wp\/v2\/product"}],"about":[{"href":"https:\/\/www.hediyepazar.com\/index.php?rest_route=\/wp\/v2\/types\/product"}],"replies":[{"embeddable":true,"href":"https:\/\/www.hediyepazar.com\/index.php?rest_route=%2Fwp%2Fv2%2Fcomments&post=128092"}],"wp:featuredmedia":[{"embeddable":true,"href":"https:\/\/www.hediyepazar.com\/index.php?rest_route=\/wp\/v2\/media\/128091"}],"wp:attachment":[{"href":"https:\/\/www.hediyepazar.com\/index.php?rest_route=%2Fwp%2Fv2%2Fmedia&parent=128092"}],"wp:term":[{"taxonomy":"product_brand","embeddable":true,"href":"https:\/\/www.hediyepazar.com\/index.php?rest_route=%2Fwp%2Fv2%2Fproduct_brand&post=128092"},{"taxonomy":"product_cat","embeddable":true,"href":"https:\/\/www.hediyepazar.com\/index.php?rest_route=%2Fwp%2Fv2%2Fproduct_cat&post=128092"},{"taxonomy":"product_tag","embeddable":true,"href":"https:\/\/www.hediyepazar.com\/index.php?rest_route=%2Fwp%2Fv2%2Fproduct_tag&post=128092"}],"curies":[{"name":"wp","href":"https:\/\/api.w.org\/{rel}","templated":true}]}}