{"id":128094,"date":"2026-05-07T00:23:03","date_gmt":"2026-05-07T03:23:03","guid":{"rendered":"https:\/\/www.hediyepazar.com\/?product=guvenli-kullanimli-paslanmaz-celik-sebze-rendesi"},"modified":"2026-05-07T00:23:03","modified_gmt":"2026-05-07T03:23:03","slug":"guvenli-kullanimli-paslanmaz-celik-sebze-rendesi","status":"publish","type":"product","link":"https:\/\/www.hediyepazar.com\/?product=guvenli-kullanimli-paslanmaz-celik-sebze-rendesi","title":{"rendered":"G\u00fcvenli Kullan\u0131ml\u0131 Paslanmaz \u00c7elik Sebze Rendesi"},"content":{"rendered":"<p>Y\u00fcksek kaliteli \u00e7elikten \u00fcretilmi\u015f el rendesi, sa\u011flam yap\u0131s\u0131 sayesinde uzun \u00f6m\u00fcrl\u00fc kullan\u0131m sunar. Paslanmaz do\u011frama b\u0131\u00e7aklar\u0131, sebze ve meyveleri k\u0131sa s\u00fcrede ve e\u015fit \u015fekilde dilimlemenize olanak tan\u0131r. G\u00fcnl\u00fck mutfak i\u015flerinde pratiklik arayan kullan\u0131c\u0131lar i\u00e7in ideal bir yard\u0131mc\u0131d\u0131r.\u00dcst aparat\u0131 sayesinde birka\u00e7 basit hareketle \u00fcr\u00fcnleri istedi\u011finiz k\u0131vama getirebilirsiniz. G\u00fcvenli\u011fi \u00f6n planda tutan tasar\u0131m\u0131, ellerinizin b\u0131\u00e7aklara yakla\u015fmas\u0131n\u0131 engeller. Bu \u00f6zellik, \u00f6zellikle yo\u011fun mutfak kullan\u0131m\u0131nda b\u00fcy\u00fck avantaj sa\u011flar.Katlanabilir g\u00f6vde yap\u0131s\u0131, yer tasarrufu sa\u011flar. F\u0131r\u00e7a ve hazne deste\u011fi sayesinde hem temizlik hem de d\u00fczen kolayla\u015f\u0131r. Kolay temizlenebilir y\u00fczeyi, hijyenik kullan\u0131m sunar.<\/p>\n","protected":false},"excerpt":{"rendered":"<p>Y\u00fcksek kaliteli \u00e7elikten \u00fcretilmi\u015f el rendesi, sa\u011flam yap\u0131s\u0131 sayesinde uzun \u00f6m\u00fcrl\u00fc kullan\u0131m sunar. Paslanmaz do\u011frama b\u0131\u00e7aklar\u0131, sebze ve meyveleri k\u0131sa s\u00fcrede ve e\u015fit \u015fekilde dilimlemenize olanak tan\u0131r. G\u00fcnl\u00fck mutfak i\u015flerinde pratiklik arayan kullan\u0131c\u0131lar i\u00e7in ideal bir yard\u0131mc\u0131d\u0131r.\u00dcst aparat\u0131 sayesinde birka\u00e7 basit hareketle \u00fcr\u00fcnleri istedi\u011finiz k\u0131vama getirebilirsiniz. G\u00fcvenli\u011fi \u00f6n planda tutan tasar\u0131m\u0131, ellerinizin b\u0131\u00e7aklara yakla\u015fmas\u0131n\u0131 engeller&#8230;.<\/p>\n","protected":false},"featured_media":128093,"comment_status":"open","ping_status":"closed","template":"","meta":{"_kad_post_transparent":"","_kad_post_title":"","_kad_post_layout":"","_kad_post_sidebar_id":"","_kad_post_content_style":"","_kad_post_vertical_padding":"","_kad_post_feature":"","_kad_post_feature_position":"","_kad_post_header":false,"_kad_post_footer":false,"_kad_post_classname":""},"product_brand":[],"product_cat":[15057],"product_tag":[],"class_list":{"0":"post-128094","1":"product","2":"type-product","3":"status-publish","4":"has-post-thumbnail","6":"product_cat-dograyici-ve-rondo-dograyici-ve-rondo","8":"first","9":"instock","10":"purchasable","11":"product-type-simple","12":"entry","13":"content-bg","14":"loop-entry"},"_links":{"self":[{"href":"https:\/\/www.hediyepazar.com\/index.php?rest_route=\/wp\/v2\/product\/128094","targetHints":{"allow":["GET"]}}],"collection":[{"href":"https:\/\/www.hediyepazar.com\/index.php?rest_route=\/wp\/v2\/product"}],"about":[{"href":"https:\/\/www.hediyepazar.com\/index.php?rest_route=\/wp\/v2\/types\/product"}],"replies":[{"embeddable":true,"href":"https:\/\/www.hediyepazar.com\/index.php?rest_route=%2Fwp%2Fv2%2Fcomments&post=128094"}],"wp:featuredmedia":[{"embeddable":true,"href":"https:\/\/www.hediyepazar.com\/index.php?rest_route=\/wp\/v2\/media\/128093"}],"wp:attachment":[{"href":"https:\/\/www.hediyepazar.com\/index.php?rest_route=%2Fwp%2Fv2%2Fmedia&parent=128094"}],"wp:term":[{"taxonomy":"product_brand","embeddable":true,"href":"https:\/\/www.hediyepazar.com\/index.php?rest_route=%2Fwp%2Fv2%2Fproduct_brand&post=128094"},{"taxonomy":"product_cat","embeddable":true,"href":"https:\/\/www.hediyepazar.com\/index.php?rest_route=%2Fwp%2Fv2%2Fproduct_cat&post=128094"},{"taxonomy":"product_tag","embeddable":true,"href":"https:\/\/www.hediyepazar.com\/index.php?rest_route=%2Fwp%2Fv2%2Fproduct_tag&post=128094"}],"curies":[{"name":"wp","href":"https:\/\/api.w.org\/{rel}","templated":true}]}}