{"id":128100,"date":"2026-05-07T00:24:07","date_gmt":"2026-05-07T03:24:07","guid":{"rendered":"https:\/\/www.hediyepazar.com\/?product=mini-mutfak-robotu-sarimsak-ve-sebze-dograyici"},"modified":"2026-05-07T00:24:07","modified_gmt":"2026-05-07T03:24:07","slug":"mini-mutfak-robotu-sarimsak-ve-sebze-dograyici","status":"publish","type":"product","link":"https:\/\/www.hediyepazar.com\/?product=mini-mutfak-robotu-sarimsak-ve-sebze-dograyici","title":{"rendered":"Mini Mutfak Robotu Sar\u0131msak ve Sebze Do\u011fray\u0131c\u0131"},"content":{"rendered":"<p>\u015earjl\u0131 mini rondo, mutfakta pratik \u00e7\u00f6z\u00fcmler sunmak isteyenler i\u00e7in idealdir. K\u00fc\u00e7\u00fck boyutlar\u0131 ile yer kaplamaz. USB \u015farjl\u0131 bataryas\u0131 sayesinde her ortamda kullan\u0131labilir.Paslanmaz \u00e7elik b\u0131\u00e7ak sistemi, etkili performans sunar. Tek tu\u015fla \u00e7al\u0131\u015f\u0131r ve k\u0131sa s\u00fcrede do\u011frama yapar. 250 ml haznesi g\u00fcnl\u00fck kullan\u0131m i\u00e7in yeterlidir.G\u00fcvenlik kapa\u011f\u0131 ile motor korunur. Temizli\u011fi kolayd\u0131r ve hijyenik kullan\u0131m sunar. Kompakt yap\u0131s\u0131 ile mutfakta vazge\u00e7ilmez bir yard\u0131mc\u0131d\u0131r.<\/p>\n","protected":false},"excerpt":{"rendered":"<p>\u015earjl\u0131 mini rondo, mutfakta pratik \u00e7\u00f6z\u00fcmler sunmak isteyenler i\u00e7in idealdir. K\u00fc\u00e7\u00fck boyutlar\u0131 ile yer kaplamaz. USB \u015farjl\u0131 bataryas\u0131 sayesinde her ortamda kullan\u0131labilir.Paslanmaz \u00e7elik b\u0131\u00e7ak sistemi, etkili performans sunar. Tek tu\u015fla \u00e7al\u0131\u015f\u0131r ve k\u0131sa s\u00fcrede do\u011frama yapar. 250 ml haznesi g\u00fcnl\u00fck kullan\u0131m i\u00e7in yeterlidir.G\u00fcvenlik kapa\u011f\u0131 ile motor korunur. Temizli\u011fi kolayd\u0131r ve hijyenik kullan\u0131m sunar. Kompakt yap\u0131s\u0131&#8230;<\/p>\n","protected":false},"featured_media":128099,"comment_status":"open","ping_status":"closed","template":"","meta":{"_kad_post_transparent":"","_kad_post_title":"","_kad_post_layout":"","_kad_post_sidebar_id":"","_kad_post_content_style":"","_kad_post_vertical_padding":"","_kad_post_feature":"","_kad_post_feature_position":"","_kad_post_header":false,"_kad_post_footer":false,"_kad_post_classname":""},"product_brand":[],"product_cat":[15057],"product_tag":[],"class_list":{"0":"post-128100","1":"product","2":"type-product","3":"status-publish","4":"has-post-thumbnail","6":"product_cat-dograyici-ve-rondo-dograyici-ve-rondo","8":"first","9":"instock","10":"purchasable","11":"product-type-simple","12":"entry","13":"content-bg","14":"loop-entry"},"_links":{"self":[{"href":"https:\/\/www.hediyepazar.com\/index.php?rest_route=\/wp\/v2\/product\/128100","targetHints":{"allow":["GET"]}}],"collection":[{"href":"https:\/\/www.hediyepazar.com\/index.php?rest_route=\/wp\/v2\/product"}],"about":[{"href":"https:\/\/www.hediyepazar.com\/index.php?rest_route=\/wp\/v2\/types\/product"}],"replies":[{"embeddable":true,"href":"https:\/\/www.hediyepazar.com\/index.php?rest_route=%2Fwp%2Fv2%2Fcomments&post=128100"}],"wp:featuredmedia":[{"embeddable":true,"href":"https:\/\/www.hediyepazar.com\/index.php?rest_route=\/wp\/v2\/media\/128099"}],"wp:attachment":[{"href":"https:\/\/www.hediyepazar.com\/index.php?rest_route=%2Fwp%2Fv2%2Fmedia&parent=128100"}],"wp:term":[{"taxonomy":"product_brand","embeddable":true,"href":"https:\/\/www.hediyepazar.com\/index.php?rest_route=%2Fwp%2Fv2%2Fproduct_brand&post=128100"},{"taxonomy":"product_cat","embeddable":true,"href":"https:\/\/www.hediyepazar.com\/index.php?rest_route=%2Fwp%2Fv2%2Fproduct_cat&post=128100"},{"taxonomy":"product_tag","embeddable":true,"href":"https:\/\/www.hediyepazar.com\/index.php?rest_route=%2Fwp%2Fv2%2Fproduct_tag&post=128100"}],"curies":[{"name":"wp","href":"https:\/\/api.w.org\/{rel}","templated":true}]}}