{"id":128104,"date":"2026-05-07T00:25:04","date_gmt":"2026-05-07T03:25:04","guid":{"rendered":"https:\/\/www.hediyepazar.com\/?product=usb-sarjli-mini-rondo-sarimsak-sogan-zencefil"},"modified":"2026-05-07T00:25:04","modified_gmt":"2026-05-07T03:25:04","slug":"usb-sarjli-mini-rondo-sarimsak-sogan-zencefil","status":"publish","type":"product","link":"https:\/\/www.hediyepazar.com\/?product=usb-sarjli-mini-rondo-sarimsak-sogan-zencefil","title":{"rendered":"USB \u015earjl\u0131 Mini Rondo Sar\u0131msak So\u011fan Zencefil"},"content":{"rendered":"<p>\u015earjl\u0131 sar\u0131msak do\u011fray\u0131c\u0131, mutfakta h\u0131z ve konforu bir arada sunan kompakt bir \u00fcr\u00fcnd\u00fcr. K\u00fc\u00e7\u00fck yap\u0131s\u0131 sayesinde her mutfa\u011fa kolayca uyum sa\u011flar ve saklama konusunda kullan\u0131c\u0131ya b\u00fcy\u00fck avantaj sunar. Hafifli\u011fi sayesinde uzun s\u00fcreli kullan\u0131mlarda bile yorgunluk olu\u015fturmaz.1300 mAh batarya kapasitesi, USB \u015farj deste\u011fi ile birle\u015ferek pratik bir kullan\u0131m sunar. Ortalama 3\u20134 saatlik \u015farj s\u00fcresi sonunda cihaz kullan\u0131ma haz\u0131r hale gelir. Kablosuz yap\u0131s\u0131 sayesinde mutfa\u011f\u0131n her alan\u0131nda rahatl\u0131kla kullan\u0131labilir ve priz ba\u011f\u0131ml\u0131l\u0131\u011f\u0131 ortadan kalkar.Tek tu\u015fla \u00e7al\u0131\u015fan sistem, kullan\u0131m kolayl\u0131\u011f\u0131 sa\u011flar. Sar\u0131msak, so\u011fan, zencefil ve f\u0131nd\u0131k gibi \u00fcr\u00fcnler hazneye eklenir ve k\u0131sa s\u00fcrede do\u011fran\u0131r. Paslanmaz \u00e7elik b\u0131\u00e7ak, g\u00fc\u00e7l\u00fc ve keskin yap\u0131s\u0131 sayesinde etkili performans sunar.250 ml hazne kapasitesi, g\u00fcnl\u00fck yemek haz\u0131rl\u0131klar\u0131 i\u00e7in yeterlidir. G\u00fcvenlik kapa\u011f\u0131, motor ile hazne aras\u0131nda koruma sa\u011flar. Temizli\u011fi kolay ve hijyeniktir. Pratik kullan\u0131m\u0131 ile mutfakta zaman kazand\u0131r\u0131r.<\/p>\n","protected":false},"excerpt":{"rendered":"<p>\u015earjl\u0131 sar\u0131msak do\u011fray\u0131c\u0131, mutfakta h\u0131z ve konforu bir arada sunan kompakt bir \u00fcr\u00fcnd\u00fcr. K\u00fc\u00e7\u00fck yap\u0131s\u0131 sayesinde her mutfa\u011fa kolayca uyum sa\u011flar ve saklama konusunda kullan\u0131c\u0131ya b\u00fcy\u00fck avantaj sunar. Hafifli\u011fi sayesinde uzun s\u00fcreli kullan\u0131mlarda bile yorgunluk olu\u015fturmaz.1300 mAh batarya kapasitesi, USB \u015farj deste\u011fi ile birle\u015ferek pratik bir kullan\u0131m sunar. Ortalama 3\u20134 saatlik \u015farj s\u00fcresi sonunda cihaz&#8230;<\/p>\n","protected":false},"featured_media":128103,"comment_status":"open","ping_status":"closed","template":"","meta":{"_kad_post_transparent":"","_kad_post_title":"","_kad_post_layout":"","_kad_post_sidebar_id":"","_kad_post_content_style":"","_kad_post_vertical_padding":"","_kad_post_feature":"","_kad_post_feature_position":"","_kad_post_header":false,"_kad_post_footer":false,"_kad_post_classname":""},"product_brand":[],"product_cat":[15057],"product_tag":[],"class_list":{"0":"post-128104","1":"product","2":"type-product","3":"status-publish","4":"has-post-thumbnail","6":"product_cat-dograyici-ve-rondo-dograyici-ve-rondo","8":"first","9":"instock","10":"purchasable","11":"product-type-simple","12":"entry","13":"content-bg","14":"loop-entry"},"_links":{"self":[{"href":"https:\/\/www.hediyepazar.com\/index.php?rest_route=\/wp\/v2\/product\/128104","targetHints":{"allow":["GET"]}}],"collection":[{"href":"https:\/\/www.hediyepazar.com\/index.php?rest_route=\/wp\/v2\/product"}],"about":[{"href":"https:\/\/www.hediyepazar.com\/index.php?rest_route=\/wp\/v2\/types\/product"}],"replies":[{"embeddable":true,"href":"https:\/\/www.hediyepazar.com\/index.php?rest_route=%2Fwp%2Fv2%2Fcomments&post=128104"}],"wp:featuredmedia":[{"embeddable":true,"href":"https:\/\/www.hediyepazar.com\/index.php?rest_route=\/wp\/v2\/media\/128103"}],"wp:attachment":[{"href":"https:\/\/www.hediyepazar.com\/index.php?rest_route=%2Fwp%2Fv2%2Fmedia&parent=128104"}],"wp:term":[{"taxonomy":"product_brand","embeddable":true,"href":"https:\/\/www.hediyepazar.com\/index.php?rest_route=%2Fwp%2Fv2%2Fproduct_brand&post=128104"},{"taxonomy":"product_cat","embeddable":true,"href":"https:\/\/www.hediyepazar.com\/index.php?rest_route=%2Fwp%2Fv2%2Fproduct_cat&post=128104"},{"taxonomy":"product_tag","embeddable":true,"href":"https:\/\/www.hediyepazar.com\/index.php?rest_route=%2Fwp%2Fv2%2Fproduct_tag&post=128104"}],"curies":[{"name":"wp","href":"https:\/\/api.w.org\/{rel}","templated":true}]}}