{"id":128112,"date":"2026-05-07T00:27:09","date_gmt":"2026-05-07T03:27:09","guid":{"rendered":"https:\/\/www.hediyepazar.com\/?product=mini-el-supurgesi-ev-arac-ofis-cok-amacli"},"modified":"2026-05-07T00:27:09","modified_gmt":"2026-05-07T03:27:09","slug":"mini-el-supurgesi-ev-arac-ofis-cok-amacli","status":"publish","type":"product","link":"https:\/\/www.hediyepazar.com\/?product=mini-el-supurgesi-ev-arac-ofis-cok-amacli","title":{"rendered":"Mini El S\u00fcp\u00fcrgesi Ev Ara\u00e7 Ofis \u00c7ok Ama\u00e7l\u0131"},"content":{"rendered":"<p>Mini el s\u00fcp\u00fcrgesi, ev, ara\u00e7 ve ofis kullan\u0131m\u0131na uygun kompakt bir temizlik \u00e7\u00f6z\u00fcm\u00fcd\u00fcr. G\u00fc\u00e7l\u00fc emi\u015f kapasitesi sayesinde detayl\u0131 temizlik sa\u011flar. Kablosuz yap\u0131s\u0131 hareket \u00f6zg\u00fcrl\u00fc\u011f\u00fc sunar.6000mAh batarya, g\u00fcnl\u00fck kullan\u0131mlar i\u00e7in yeterlidir. Type-C \u015farj ile pratik kullan\u0131m sa\u011flar. \u00dcfleme \u00f6zelli\u011fi ve \u00e7oklu ba\u015fl\u0131klar sayesinde farkl\u0131 temizlik ihtiya\u00e7lar\u0131na cevap verir.<\/p>\n","protected":false},"excerpt":{"rendered":"<p>Mini el s\u00fcp\u00fcrgesi, ev, ara\u00e7 ve ofis kullan\u0131m\u0131na uygun kompakt bir temizlik \u00e7\u00f6z\u00fcm\u00fcd\u00fcr. G\u00fc\u00e7l\u00fc emi\u015f kapasitesi sayesinde detayl\u0131 temizlik sa\u011flar. Kablosuz yap\u0131s\u0131 hareket \u00f6zg\u00fcrl\u00fc\u011f\u00fc sunar.6000mAh batarya, g\u00fcnl\u00fck kullan\u0131mlar i\u00e7in yeterlidir. Type-C \u015farj ile pratik kullan\u0131m sa\u011flar. \u00dcfleme \u00f6zelli\u011fi ve \u00e7oklu ba\u015fl\u0131klar sayesinde farkl\u0131 temizlik ihtiya\u00e7lar\u0131na cevap verir.<\/p>\n","protected":false},"featured_media":128111,"comment_status":"open","ping_status":"closed","template":"","meta":{"_kad_post_transparent":"","_kad_post_title":"","_kad_post_layout":"","_kad_post_sidebar_id":"","_kad_post_content_style":"","_kad_post_vertical_padding":"","_kad_post_feature":"","_kad_post_feature_position":"","_kad_post_header":false,"_kad_post_footer":false,"_kad_post_classname":""},"product_brand":[],"product_cat":[14998],"product_tag":[],"class_list":{"0":"post-128112","1":"product","2":"type-product","3":"status-publish","4":"has-post-thumbnail","6":"product_cat-arac-ici-supurge-arac-ici-supurge","8":"first","9":"instock","10":"purchasable","11":"product-type-simple","12":"entry","13":"content-bg","14":"loop-entry"},"_links":{"self":[{"href":"https:\/\/www.hediyepazar.com\/index.php?rest_route=\/wp\/v2\/product\/128112","targetHints":{"allow":["GET"]}}],"collection":[{"href":"https:\/\/www.hediyepazar.com\/index.php?rest_route=\/wp\/v2\/product"}],"about":[{"href":"https:\/\/www.hediyepazar.com\/index.php?rest_route=\/wp\/v2\/types\/product"}],"replies":[{"embeddable":true,"href":"https:\/\/www.hediyepazar.com\/index.php?rest_route=%2Fwp%2Fv2%2Fcomments&post=128112"}],"wp:featuredmedia":[{"embeddable":true,"href":"https:\/\/www.hediyepazar.com\/index.php?rest_route=\/wp\/v2\/media\/128111"}],"wp:attachment":[{"href":"https:\/\/www.hediyepazar.com\/index.php?rest_route=%2Fwp%2Fv2%2Fmedia&parent=128112"}],"wp:term":[{"taxonomy":"product_brand","embeddable":true,"href":"https:\/\/www.hediyepazar.com\/index.php?rest_route=%2Fwp%2Fv2%2Fproduct_brand&post=128112"},{"taxonomy":"product_cat","embeddable":true,"href":"https:\/\/www.hediyepazar.com\/index.php?rest_route=%2Fwp%2Fv2%2Fproduct_cat&post=128112"},{"taxonomy":"product_tag","embeddable":true,"href":"https:\/\/www.hediyepazar.com\/index.php?rest_route=%2Fwp%2Fv2%2Fproduct_tag&post=128112"}],"curies":[{"name":"wp","href":"https:\/\/api.w.org\/{rel}","templated":true}]}}