{"id":128114,"date":"2026-05-07T00:27:13","date_gmt":"2026-05-07T03:27:13","guid":{"rendered":"https:\/\/www.hediyepazar.com\/?product=kablosuz-vakum-supurge-3-kademeli-guc-ayari"},"modified":"2026-05-07T00:27:13","modified_gmt":"2026-05-07T03:27:13","slug":"kablosuz-vakum-supurge-3-kademeli-guc-ayari","status":"publish","type":"product","link":"https:\/\/www.hediyepazar.com\/?product=kablosuz-vakum-supurge-3-kademeli-guc-ayari","title":{"rendered":"Kablosuz Vakum S\u00fcp\u00fcrge 3 Kademeli G\u00fc\u00e7 Ayar\u0131"},"content":{"rendered":"<p>Kablosuz vakum s\u00fcp\u00fcrge, g\u00fcnl\u00fck temizlikte pratiklik arayan kullan\u0131c\u0131lar i\u00e7in ideal bir \u00e7\u00f6z\u00fcmd\u00fcr. G\u00fc\u00e7l\u00fc emi\u015f sistemi sayesinde toz, sa\u00e7, k\u0131r\u0131nt\u0131 ve evcil hayvan t\u00fcylerini k\u0131sa s\u00fcrede toplar. Hafif yap\u0131s\u0131 sayesinde tek elle rahat kullan\u0131m sunar.6000mAh batarya kapasitesi uzun kullan\u0131m s\u00fcresi sa\u011flar. 3 farkl\u0131 \u00e7eki\u015f seviyesi ile her y\u00fczeye uygun temizlik yap\u0131labilir. \u00dcfleme fonksiyonu, ula\u015f\u0131lmas\u0131 zor alanlarda tozu d\u0131\u015far\u0131 atmak i\u00e7in idealdir.Vakum paketleme deste\u011fi, saklama torbalar\u0131 i\u00e7in ekstra avantaj sa\u011flar. 9 ba\u015fl\u0131k ile farkl\u0131 kullan\u0131m alanlar\u0131na uyum sa\u011flar. F\u0131r\u00e7as\u0131z motor sayesinde istikrarl\u0131 performans sunar.<\/p>\n","protected":false},"excerpt":{"rendered":"<p>Kablosuz vakum s\u00fcp\u00fcrge, g\u00fcnl\u00fck temizlikte pratiklik arayan kullan\u0131c\u0131lar i\u00e7in ideal bir \u00e7\u00f6z\u00fcmd\u00fcr. G\u00fc\u00e7l\u00fc emi\u015f sistemi sayesinde toz, sa\u00e7, k\u0131r\u0131nt\u0131 ve evcil hayvan t\u00fcylerini k\u0131sa s\u00fcrede toplar. Hafif yap\u0131s\u0131 sayesinde tek elle rahat kullan\u0131m sunar.6000mAh batarya kapasitesi uzun kullan\u0131m s\u00fcresi sa\u011flar. 3 farkl\u0131 \u00e7eki\u015f seviyesi ile her y\u00fczeye uygun temizlik yap\u0131labilir. \u00dcfleme fonksiyonu, ula\u015f\u0131lmas\u0131 zor alanlarda&#8230;<\/p>\n","protected":false},"featured_media":128113,"comment_status":"open","ping_status":"closed","template":"","meta":{"_kad_post_transparent":"","_kad_post_title":"","_kad_post_layout":"","_kad_post_sidebar_id":"","_kad_post_content_style":"","_kad_post_vertical_padding":"","_kad_post_feature":"","_kad_post_feature_position":"","_kad_post_header":false,"_kad_post_footer":false,"_kad_post_classname":""},"product_brand":[],"product_cat":[14998],"product_tag":[],"class_list":{"0":"post-128114","1":"product","2":"type-product","3":"status-publish","4":"has-post-thumbnail","6":"product_cat-arac-ici-supurge-arac-ici-supurge","8":"first","9":"instock","10":"purchasable","11":"product-type-simple","12":"entry","13":"content-bg","14":"loop-entry"},"_links":{"self":[{"href":"https:\/\/www.hediyepazar.com\/index.php?rest_route=\/wp\/v2\/product\/128114","targetHints":{"allow":["GET"]}}],"collection":[{"href":"https:\/\/www.hediyepazar.com\/index.php?rest_route=\/wp\/v2\/product"}],"about":[{"href":"https:\/\/www.hediyepazar.com\/index.php?rest_route=\/wp\/v2\/types\/product"}],"replies":[{"embeddable":true,"href":"https:\/\/www.hediyepazar.com\/index.php?rest_route=%2Fwp%2Fv2%2Fcomments&post=128114"}],"wp:featuredmedia":[{"embeddable":true,"href":"https:\/\/www.hediyepazar.com\/index.php?rest_route=\/wp\/v2\/media\/128113"}],"wp:attachment":[{"href":"https:\/\/www.hediyepazar.com\/index.php?rest_route=%2Fwp%2Fv2%2Fmedia&parent=128114"}],"wp:term":[{"taxonomy":"product_brand","embeddable":true,"href":"https:\/\/www.hediyepazar.com\/index.php?rest_route=%2Fwp%2Fv2%2Fproduct_brand&post=128114"},{"taxonomy":"product_cat","embeddable":true,"href":"https:\/\/www.hediyepazar.com\/index.php?rest_route=%2Fwp%2Fv2%2Fproduct_cat&post=128114"},{"taxonomy":"product_tag","embeddable":true,"href":"https:\/\/www.hediyepazar.com\/index.php?rest_route=%2Fwp%2Fv2%2Fproduct_tag&post=128114"}],"curies":[{"name":"wp","href":"https:\/\/api.w.org\/{rel}","templated":true}]}}