{"id":128126,"date":"2026-05-07T00:29:25","date_gmt":"2026-05-07T03:29:25","guid":{"rendered":"https:\/\/www.hediyepazar.com\/?product=sarjli-elektrikli-sakal-tiras-makinesi-led-ekranli-islak-kuru-kullanim"},"modified":"2026-05-07T00:29:25","modified_gmt":"2026-05-07T03:29:25","slug":"sarjli-elektrikli-sakal-tiras-makinesi-led-ekranli-islak-kuru-kullanim","status":"publish","type":"product","link":"https:\/\/www.hediyepazar.com\/?product=sarjli-elektrikli-sakal-tiras-makinesi-led-ekranli-islak-kuru-kullanim","title":{"rendered":"\u015earjl\u0131 Elektrikli Sakal T\u0131ra\u015f Makinesi LED Ekranl\u0131 Islak Kuru Kullan\u0131m"},"content":{"rendered":"<p>Elektrikli t\u0131ra\u015f makinesi, modern erkek bak\u0131m rutinleri i\u00e7in geli\u015ftirilmi\u015f pratik ve etkili bir ki\u015fisel bak\u0131m cihaz\u0131d\u0131r. \u00dc\u00e7 ba\u015fl\u0131kl\u0131 d\u00f6ner kesim sistemi sayesinde y\u00fcz\u00fcn farkl\u0131 b\u00f6lgelerinde kolay hareket ederek sakallar\u0131n daha k\u0131sa s\u00fcrede kesilmesine yard\u0131mc\u0131 olur.Ergonomik tasar\u0131m\u0131 sayesinde elde rahat bir tutu\u015f sa\u011flar. Bu sayede \u00e7ene alt\u0131, yanak ve boyun gibi zor b\u00f6lgelerde bile rahat kullan\u0131m sunar. Hassas kesim teknolojisi sayesinde daha p\u00fcr\u00fczs\u00fcz bir g\u00f6r\u00fcn\u00fcm elde edilmesine yard\u0131mc\u0131 olur.Cihaz\u0131n suya dayan\u0131kl\u0131 yap\u0131s\u0131, kullan\u0131m sonras\u0131 temizli\u011fi olduk\u00e7a kolay hale getirir. Ba\u015fl\u0131klar su alt\u0131nda y\u0131kanarak hijyenik \u015fekilde temizlenebilir. Bu \u00f6zellik cihaz\u0131n bak\u0131m\u0131n\u0131 pratik hale getirir.\u015earj edilebilir batarya sistemi sayesinde kablosuz kullan\u0131m imkan\u0131 sunar. G\u00fcnl\u00fck kullan\u0131m i\u00e7in ideal olan bu cihaz, h\u0131zl\u0131 ve pratik t\u0131ra\u015f deneyimi sunar.<\/p>\n","protected":false},"excerpt":{"rendered":"<p>Elektrikli t\u0131ra\u015f makinesi, modern erkek bak\u0131m rutinleri i\u00e7in geli\u015ftirilmi\u015f pratik ve etkili bir ki\u015fisel bak\u0131m cihaz\u0131d\u0131r. \u00dc\u00e7 ba\u015fl\u0131kl\u0131 d\u00f6ner kesim sistemi sayesinde y\u00fcz\u00fcn farkl\u0131 b\u00f6lgelerinde kolay hareket ederek sakallar\u0131n daha k\u0131sa s\u00fcrede kesilmesine yard\u0131mc\u0131 olur.Ergonomik tasar\u0131m\u0131 sayesinde elde rahat bir tutu\u015f sa\u011flar. Bu sayede \u00e7ene alt\u0131, yanak ve boyun gibi zor b\u00f6lgelerde bile rahat kullan\u0131m&#8230;<\/p>\n","protected":false},"featured_media":128125,"comment_status":"open","ping_status":"closed","template":"","meta":{"_kad_post_transparent":"","_kad_post_title":"","_kad_post_layout":"","_kad_post_sidebar_id":"","_kad_post_content_style":"","_kad_post_vertical_padding":"","_kad_post_feature":"","_kad_post_feature_position":"","_kad_post_header":false,"_kad_post_footer":false,"_kad_post_classname":""},"product_brand":[],"product_cat":[14925],"product_tag":[],"class_list":{"0":"post-128126","1":"product","2":"type-product","3":"status-publish","4":"has-post-thumbnail","6":"product_cat-tiras-makinesi-tiras-makinesi","8":"first","9":"instock","10":"purchasable","11":"product-type-simple","12":"entry","13":"content-bg","14":"loop-entry"},"_links":{"self":[{"href":"https:\/\/www.hediyepazar.com\/index.php?rest_route=\/wp\/v2\/product\/128126","targetHints":{"allow":["GET"]}}],"collection":[{"href":"https:\/\/www.hediyepazar.com\/index.php?rest_route=\/wp\/v2\/product"}],"about":[{"href":"https:\/\/www.hediyepazar.com\/index.php?rest_route=\/wp\/v2\/types\/product"}],"replies":[{"embeddable":true,"href":"https:\/\/www.hediyepazar.com\/index.php?rest_route=%2Fwp%2Fv2%2Fcomments&post=128126"}],"wp:featuredmedia":[{"embeddable":true,"href":"https:\/\/www.hediyepazar.com\/index.php?rest_route=\/wp\/v2\/media\/128125"}],"wp:attachment":[{"href":"https:\/\/www.hediyepazar.com\/index.php?rest_route=%2Fwp%2Fv2%2Fmedia&parent=128126"}],"wp:term":[{"taxonomy":"product_brand","embeddable":true,"href":"https:\/\/www.hediyepazar.com\/index.php?rest_route=%2Fwp%2Fv2%2Fproduct_brand&post=128126"},{"taxonomy":"product_cat","embeddable":true,"href":"https:\/\/www.hediyepazar.com\/index.php?rest_route=%2Fwp%2Fv2%2Fproduct_cat&post=128126"},{"taxonomy":"product_tag","embeddable":true,"href":"https:\/\/www.hediyepazar.com\/index.php?rest_route=%2Fwp%2Fv2%2Fproduct_tag&post=128126"}],"curies":[{"name":"wp","href":"https:\/\/api.w.org\/{rel}","templated":true}]}}