{"id":128128,"date":"2026-05-07T00:29:31","date_gmt":"2026-05-07T03:29:31","guid":{"rendered":"https:\/\/www.hediyepazar.com\/?product=profesyonel-elektrikli-tiras-makinesi-3d-doner-baslik-erkek-bakim-cihazi"},"modified":"2026-05-07T00:29:31","modified_gmt":"2026-05-07T03:29:31","slug":"profesyonel-elektrikli-tiras-makinesi-3d-doner-baslik-erkek-bakim-cihazi","status":"publish","type":"product","link":"https:\/\/www.hediyepazar.com\/?product=profesyonel-elektrikli-tiras-makinesi-3d-doner-baslik-erkek-bakim-cihazi","title":{"rendered":"Profesyonel Elektrikli T\u0131ra\u015f Makinesi 3D D\u00f6ner Ba\u015fl\u0131k Erkek Bak\u0131m Cihaz\u0131"},"content":{"rendered":"<p>Geli\u015fmi\u015f kesim teknolojisine sahip elektrikli t\u0131ra\u015f makinesi, sakal bak\u0131m\u0131n\u0131 daha h\u0131zl\u0131 ve etkili hale getiren pratik bir bak\u0131m \u00e7\u00f6z\u00fcm\u00fcd\u00fcr. \u00dc\u00e7l\u00fc d\u00f6ner ba\u015fl\u0131k sistemi y\u00fcz hatlar\u0131na uyum sa\u011flayarak \u00e7ene, yanak ve boyun b\u00f6lgesinde rahat bir t\u0131ra\u015f imkan\u0131 sunar.Y\u00fcksek performansl\u0131 motor yap\u0131s\u0131 sayesinde sakallar\u0131 \u00e7ekmeden kesmeye yard\u0131mc\u0131 olur. Bu sayede daha konforlu bir kullan\u0131m sa\u011flar ve cilt \u00fczerinde tahri\u015f olu\u015fma riskini azalt\u0131r. G\u00fcnl\u00fck kullan\u0131m i\u00e7in ideal bir bak\u0131m cihaz\u0131d\u0131r.Suya dayan\u0131kl\u0131 g\u00f6vde yap\u0131s\u0131 sayesinde cihaz kolayca temizlenebilir. T\u0131ra\u015f sonras\u0131 ba\u015fl\u0131klar su alt\u0131nda y\u0131kanarak hijyenik kullan\u0131m sa\u011flanabilir. Islak ve kuru kullan\u0131m \u00f6zelli\u011fi farkl\u0131 t\u0131ra\u015f al\u0131\u015fkanl\u0131klar\u0131na uyum sa\u011flar.\u015earjl\u0131 kullan\u0131m \u00f6zelli\u011fi sayesinde kablo karma\u015fas\u0131 olmadan rahat bir kullan\u0131m sunar. Kompakt tasar\u0131m\u0131 sayesinde evde, ofiste veya seyahatlerde kolayca ta\u015f\u0131nabilir.<\/p>\n","protected":false},"excerpt":{"rendered":"<p>Geli\u015fmi\u015f kesim teknolojisine sahip elektrikli t\u0131ra\u015f makinesi, sakal bak\u0131m\u0131n\u0131 daha h\u0131zl\u0131 ve etkili hale getiren pratik bir bak\u0131m \u00e7\u00f6z\u00fcm\u00fcd\u00fcr. \u00dc\u00e7l\u00fc d\u00f6ner ba\u015fl\u0131k sistemi y\u00fcz hatlar\u0131na uyum sa\u011flayarak \u00e7ene, yanak ve boyun b\u00f6lgesinde rahat bir t\u0131ra\u015f imkan\u0131 sunar.Y\u00fcksek performansl\u0131 motor yap\u0131s\u0131 sayesinde sakallar\u0131 \u00e7ekmeden kesmeye yard\u0131mc\u0131 olur. Bu sayede daha konforlu bir kullan\u0131m sa\u011flar ve cilt&#8230;<\/p>\n","protected":false},"featured_media":128127,"comment_status":"open","ping_status":"closed","template":"","meta":{"_kad_post_transparent":"","_kad_post_title":"","_kad_post_layout":"","_kad_post_sidebar_id":"","_kad_post_content_style":"","_kad_post_vertical_padding":"","_kad_post_feature":"","_kad_post_feature_position":"","_kad_post_header":false,"_kad_post_footer":false,"_kad_post_classname":""},"product_brand":[],"product_cat":[14925],"product_tag":[],"class_list":{"0":"post-128128","1":"product","2":"type-product","3":"status-publish","4":"has-post-thumbnail","6":"product_cat-tiras-makinesi-tiras-makinesi","8":"first","9":"instock","10":"purchasable","11":"product-type-simple","12":"entry","13":"content-bg","14":"loop-entry"},"_links":{"self":[{"href":"https:\/\/www.hediyepazar.com\/index.php?rest_route=\/wp\/v2\/product\/128128","targetHints":{"allow":["GET"]}}],"collection":[{"href":"https:\/\/www.hediyepazar.com\/index.php?rest_route=\/wp\/v2\/product"}],"about":[{"href":"https:\/\/www.hediyepazar.com\/index.php?rest_route=\/wp\/v2\/types\/product"}],"replies":[{"embeddable":true,"href":"https:\/\/www.hediyepazar.com\/index.php?rest_route=%2Fwp%2Fv2%2Fcomments&post=128128"}],"wp:featuredmedia":[{"embeddable":true,"href":"https:\/\/www.hediyepazar.com\/index.php?rest_route=\/wp\/v2\/media\/128127"}],"wp:attachment":[{"href":"https:\/\/www.hediyepazar.com\/index.php?rest_route=%2Fwp%2Fv2%2Fmedia&parent=128128"}],"wp:term":[{"taxonomy":"product_brand","embeddable":true,"href":"https:\/\/www.hediyepazar.com\/index.php?rest_route=%2Fwp%2Fv2%2Fproduct_brand&post=128128"},{"taxonomy":"product_cat","embeddable":true,"href":"https:\/\/www.hediyepazar.com\/index.php?rest_route=%2Fwp%2Fv2%2Fproduct_cat&post=128128"},{"taxonomy":"product_tag","embeddable":true,"href":"https:\/\/www.hediyepazar.com\/index.php?rest_route=%2Fwp%2Fv2%2Fproduct_tag&post=128128"}],"curies":[{"name":"wp","href":"https:\/\/api.w.org\/{rel}","templated":true}]}}