{"id":128140,"date":"2026-05-07T00:31:17","date_gmt":"2026-05-07T03:31:17","guid":{"rendered":"https:\/\/www.hediyepazar.com\/?product=dekoratif-melek-insan-figurlu-3d-heykel-biblo-modern-ev-dekoru"},"modified":"2026-05-07T00:31:17","modified_gmt":"2026-05-07T03:31:17","slug":"dekoratif-melek-insan-figurlu-3d-heykel-biblo-modern-ev-dekoru","status":"publish","type":"product","link":"https:\/\/www.hediyepazar.com\/?product=dekoratif-melek-insan-figurlu-3d-heykel-biblo-modern-ev-dekoru","title":{"rendered":"Dekoratif Melek \u0130nsan Fig\u00fcrl\u00fc 3D Heykel Biblo Modern Ev Dekoru"},"content":{"rendered":"<p>Dekoratif melek insan fig\u00fcrl\u00fc 3D heykel biblo, zarif tasar\u0131m\u0131 ve estetik g\u00f6r\u00fcn\u00fcm\u00fc ile ya\u015fam alanlar\u0131nda dikkat \u00e7eken dekoratif objelerden biridir. Kanatlar\u0131n\u0131 a\u00e7m\u0131\u015f melek fig\u00fcr\u00fc, huzur, koruma ve zarafet gibi anlamlar\u0131 temsil eden g\u00fc\u00e7l\u00fc bir sembold\u00fcr. Bu nedenle melek fig\u00fcrl\u00fc dekoratif heykeller ev dekorasyonunda olduk\u00e7a pop\u00fcler ve anlaml\u0131 dekoratif \u00fcr\u00fcnler aras\u0131nda yer al\u0131r.3D bask\u0131 teknolojisi kullan\u0131larak \u00fcretilen bu dekoratif biblo, detayl\u0131 kanat yap\u0131s\u0131 ve zarif kad\u0131n fig\u00fcr\u00fc ile olduk\u00e7a estetik bir g\u00f6r\u00fcn\u00fcm sunar. Fig\u00fcr\u00fcn ak\u0131c\u0131 elbise formu ve geni\u015f kanat yap\u0131s\u0131 \u00fcr\u00fcne sanatsal bir karakter kazand\u0131r\u0131rken ayn\u0131 zamanda bulundu\u011fu ortamda dikkat \u00e7ekici bir dekoratif obje olarak \u00f6ne \u00e7\u0131kmas\u0131n\u0131 sa\u011flar.Dekoratif melek heykeli \u00f6zellikle salon, oturma odas\u0131, \u00e7al\u0131\u015fma odas\u0131 veya giri\u015f alanlar\u0131nda kullan\u0131labilecek \u015f\u0131k bir dekoratif aksesuard\u0131r. Konsol \u00fczerinde, \u015f\u00f6mine raf\u0131nda, kitapl\u0131k raf\u0131nda veya sehpa \u00fczerinde kullan\u0131ld\u0131\u011f\u0131nda bulundu\u011fu ortama zarif ve huzurlu bir atmosfer kazand\u0131r\u0131r.Minimalist dekorasyon, modern dekorasyon ve klasik dekorasyon stilleri ile uyum sa\u011flayabilecek bir tasar\u0131ma sahiptir. Beyaz renkli sade tasar\u0131m\u0131 sayesinde bir\u00e7ok farkl\u0131 dekorasyon konseptine kolayl\u0131kla uyum sa\u011flar.Dekoratif melek fig\u00fcrl\u00fc biblo ayn\u0131 zamanda anlaml\u0131 bir hediye alternatifi olarak da tercih edilebilir. Ev hediyesi, yeni ev hediyesi, do\u011fum g\u00fcn\u00fc hediyesi veya \u00f6zel g\u00fcn hediyesi olarak verilebilecek zarif bir dekoratif objedir.Estetik tasar\u0131m\u0131, detayl\u0131 fig\u00fcr yap\u0131s\u0131 ve modern g\u00f6r\u00fcn\u00fcm\u00fc sayesinde melek fig\u00fcrl\u00fc 3D dekoratif heykel biblo ya\u015fam alanlar\u0131nda \u015f\u0131k ve dikkat \u00e7ekici bir dekoratif aksesuar olarak \u00f6ne \u00e7\u0131kar.<\/p>\n","protected":false},"excerpt":{"rendered":"<p>Dekoratif melek insan fig\u00fcrl\u00fc 3D heykel biblo, zarif tasar\u0131m\u0131 ve estetik g\u00f6r\u00fcn\u00fcm\u00fc ile ya\u015fam alanlar\u0131nda dikkat \u00e7eken dekoratif objelerden biridir. Kanatlar\u0131n\u0131 a\u00e7m\u0131\u015f melek fig\u00fcr\u00fc, huzur, koruma ve zarafet gibi anlamlar\u0131 temsil eden g\u00fc\u00e7l\u00fc bir sembold\u00fcr. Bu nedenle melek fig\u00fcrl\u00fc dekoratif heykeller ev dekorasyonunda olduk\u00e7a pop\u00fcler ve anlaml\u0131 dekoratif \u00fcr\u00fcnler aras\u0131nda yer al\u0131r.3D bask\u0131 teknolojisi kullan\u0131larak&#8230;<\/p>\n","protected":false},"featured_media":128139,"comment_status":"open","ping_status":"closed","template":"","meta":{"_kad_post_transparent":"","_kad_post_title":"","_kad_post_layout":"","_kad_post_sidebar_id":"","_kad_post_content_style":"","_kad_post_vertical_padding":"","_kad_post_feature":"","_kad_post_feature_position":"","_kad_post_header":false,"_kad_post_footer":false,"_kad_post_classname":""},"product_brand":[],"product_cat":[14940],"product_tag":[],"class_list":{"0":"post-128140","1":"product","2":"type-product","3":"status-publish","4":"has-post-thumbnail","6":"product_cat-dekoratif-obje-biblo-dekoratif-obje-biblo","8":"first","9":"instock","10":"purchasable","11":"product-type-simple","12":"entry","13":"content-bg","14":"loop-entry"},"_links":{"self":[{"href":"https:\/\/www.hediyepazar.com\/index.php?rest_route=\/wp\/v2\/product\/128140","targetHints":{"allow":["GET"]}}],"collection":[{"href":"https:\/\/www.hediyepazar.com\/index.php?rest_route=\/wp\/v2\/product"}],"about":[{"href":"https:\/\/www.hediyepazar.com\/index.php?rest_route=\/wp\/v2\/types\/product"}],"replies":[{"embeddable":true,"href":"https:\/\/www.hediyepazar.com\/index.php?rest_route=%2Fwp%2Fv2%2Fcomments&post=128140"}],"wp:featuredmedia":[{"embeddable":true,"href":"https:\/\/www.hediyepazar.com\/index.php?rest_route=\/wp\/v2\/media\/128139"}],"wp:attachment":[{"href":"https:\/\/www.hediyepazar.com\/index.php?rest_route=%2Fwp%2Fv2%2Fmedia&parent=128140"}],"wp:term":[{"taxonomy":"product_brand","embeddable":true,"href":"https:\/\/www.hediyepazar.com\/index.php?rest_route=%2Fwp%2Fv2%2Fproduct_brand&post=128140"},{"taxonomy":"product_cat","embeddable":true,"href":"https:\/\/www.hediyepazar.com\/index.php?rest_route=%2Fwp%2Fv2%2Fproduct_cat&post=128140"},{"taxonomy":"product_tag","embeddable":true,"href":"https:\/\/www.hediyepazar.com\/index.php?rest_route=%2Fwp%2Fv2%2Fproduct_tag&post=128140"}],"curies":[{"name":"wp","href":"https:\/\/api.w.org\/{rel}","templated":true}]}}