{"id":128258,"date":"2026-05-07T00:56:14","date_gmt":"2026-05-07T03:56:14","guid":{"rendered":"https:\/\/www.hediyepazar.com\/?product=profesyonel-telefon-video-sabitleyici-gimbal-stabilizer-vlog-aparati"},"modified":"2026-05-07T00:56:14","modified_gmt":"2026-05-07T03:56:14","slug":"profesyonel-telefon-video-sabitleyici-gimbal-stabilizer-vlog-aparati","status":"publish","type":"product","link":"https:\/\/www.hediyepazar.com\/?product=profesyonel-telefon-video-sabitleyici-gimbal-stabilizer-vlog-aparati","title":{"rendered":"Profesyonel Telefon Video Sabitleyici Gimbal Stabilizer Vlog Aparat\u0131"},"content":{"rendered":"<p>Mobil video \u00e7ekimlerinde profesyonel g\u00f6r\u00fcnt\u00fc kalitesi elde etmek isteyen kullan\u0131c\u0131lar i\u00e7in tasarlanan telefon gimbal stabilizer, geli\u015fmi\u015f stabilizasyon teknolojisi sayesinde sars\u0131nt\u0131lar\u0131 azaltarak daha net g\u00f6r\u00fcnt\u00fcler elde edilmesini sa\u011flar.3 eksenli stabilizasyon sistemi sayesinde \u00e7ekim s\u0131ras\u0131nda olu\u015fan titre\u015fimleri minimuma indirir.Kompakt ve ta\u015f\u0131nabilir yap\u0131s\u0131 sayesinde her ortamda kolay kullan\u0131m sa\u011flar.<\/p>\n","protected":false},"excerpt":{"rendered":"<p>Mobil video \u00e7ekimlerinde profesyonel g\u00f6r\u00fcnt\u00fc kalitesi elde etmek isteyen kullan\u0131c\u0131lar i\u00e7in tasarlanan telefon gimbal stabilizer, geli\u015fmi\u015f stabilizasyon teknolojisi sayesinde sars\u0131nt\u0131lar\u0131 azaltarak daha net g\u00f6r\u00fcnt\u00fcler elde edilmesini sa\u011flar.3 eksenli stabilizasyon sistemi sayesinde \u00e7ekim s\u0131ras\u0131nda olu\u015fan titre\u015fimleri minimuma indirir.Kompakt ve ta\u015f\u0131nabilir yap\u0131s\u0131 sayesinde her ortamda kolay kullan\u0131m sa\u011flar.<\/p>\n","protected":false},"featured_media":128257,"comment_status":"open","ping_status":"closed","template":"","meta":{"_kad_post_transparent":"","_kad_post_title":"","_kad_post_layout":"","_kad_post_sidebar_id":"","_kad_post_content_style":"","_kad_post_vertical_padding":"","_kad_post_feature":"","_kad_post_feature_position":"","_kad_post_header":false,"_kad_post_footer":false,"_kad_post_classname":""},"product_brand":[],"product_cat":[15025],"product_tag":[],"class_list":{"0":"post-128258","1":"product","2":"type-product","3":"status-publish","4":"has-post-thumbnail","6":"product_cat-foto-ve-kamera-aksesuari-foto-ve-kamera-aksesuari","8":"first","9":"instock","10":"purchasable","11":"product-type-simple","12":"entry","13":"content-bg","14":"loop-entry"},"_links":{"self":[{"href":"https:\/\/www.hediyepazar.com\/index.php?rest_route=\/wp\/v2\/product\/128258","targetHints":{"allow":["GET"]}}],"collection":[{"href":"https:\/\/www.hediyepazar.com\/index.php?rest_route=\/wp\/v2\/product"}],"about":[{"href":"https:\/\/www.hediyepazar.com\/index.php?rest_route=\/wp\/v2\/types\/product"}],"replies":[{"embeddable":true,"href":"https:\/\/www.hediyepazar.com\/index.php?rest_route=%2Fwp%2Fv2%2Fcomments&post=128258"}],"wp:featuredmedia":[{"embeddable":true,"href":"https:\/\/www.hediyepazar.com\/index.php?rest_route=\/wp\/v2\/media\/128257"}],"wp:attachment":[{"href":"https:\/\/www.hediyepazar.com\/index.php?rest_route=%2Fwp%2Fv2%2Fmedia&parent=128258"}],"wp:term":[{"taxonomy":"product_brand","embeddable":true,"href":"https:\/\/www.hediyepazar.com\/index.php?rest_route=%2Fwp%2Fv2%2Fproduct_brand&post=128258"},{"taxonomy":"product_cat","embeddable":true,"href":"https:\/\/www.hediyepazar.com\/index.php?rest_route=%2Fwp%2Fv2%2Fproduct_cat&post=128258"},{"taxonomy":"product_tag","embeddable":true,"href":"https:\/\/www.hediyepazar.com\/index.php?rest_route=%2Fwp%2Fv2%2Fproduct_tag&post=128258"}],"curies":[{"name":"wp","href":"https:\/\/api.w.org\/{rel}","templated":true}]}}