{"id":128260,"date":"2026-05-07T00:56:18","date_gmt":"2026-05-07T03:56:18","guid":{"rendered":"https:\/\/www.hediyepazar.com\/?product=3-axis-telefon-gimbal-stabilizer-video-cekim-sabitleyici"},"modified":"2026-05-07T00:56:18","modified_gmt":"2026-05-07T03:56:18","slug":"3-axis-telefon-gimbal-stabilizer-video-cekim-sabitleyici","status":"publish","type":"product","link":"https:\/\/www.hediyepazar.com\/?product=3-axis-telefon-gimbal-stabilizer-video-cekim-sabitleyici","title":{"rendered":"3 Axis Telefon Gimbal Stabilizer Video \u00c7ekim Sabitleyici"},"content":{"rendered":"<p>Telefon gimbal stabilizer, mobil cihazlarla yap\u0131lan video \u00e7ekimlerinde profesyonel sonu\u00e7lar elde etmek isteyen kullan\u0131c\u0131lar i\u00e7in geli\u015ftirilmi\u015f pratik bir video sabitleme cihaz\u0131d\u0131r.3 eksenli stabilizasyon teknolojisi sayesinde titre\u015fimleri minimuma indirerek daha ak\u0131c\u0131 ve stabil g\u00f6r\u00fcnt\u00fcler elde edilmesini sa\u011flar.Telefon tutucu mekanizmas\u0131 ayarlanabilir yap\u0131dad\u0131r ve farkl\u0131 telefon boyutlar\u0131na uyum sa\u011flar.Ergonomik tasar\u0131m\u0131 sayesinde uzun s\u00fcreli kullan\u0131mda bile rahat tutu\u015f sa\u011flar.<\/p>\n","protected":false},"excerpt":{"rendered":"<p>Telefon gimbal stabilizer, mobil cihazlarla yap\u0131lan video \u00e7ekimlerinde profesyonel sonu\u00e7lar elde etmek isteyen kullan\u0131c\u0131lar i\u00e7in geli\u015ftirilmi\u015f pratik bir video sabitleme cihaz\u0131d\u0131r.3 eksenli stabilizasyon teknolojisi sayesinde titre\u015fimleri minimuma indirerek daha ak\u0131c\u0131 ve stabil g\u00f6r\u00fcnt\u00fcler elde edilmesini sa\u011flar.Telefon tutucu mekanizmas\u0131 ayarlanabilir yap\u0131dad\u0131r ve farkl\u0131 telefon boyutlar\u0131na uyum sa\u011flar.Ergonomik tasar\u0131m\u0131 sayesinde uzun s\u00fcreli kullan\u0131mda bile rahat tutu\u015f sa\u011flar.<\/p>\n","protected":false},"featured_media":128259,"comment_status":"open","ping_status":"closed","template":"","meta":{"_kad_post_transparent":"","_kad_post_title":"","_kad_post_layout":"","_kad_post_sidebar_id":"","_kad_post_content_style":"","_kad_post_vertical_padding":"","_kad_post_feature":"","_kad_post_feature_position":"","_kad_post_header":false,"_kad_post_footer":false,"_kad_post_classname":""},"product_brand":[],"product_cat":[15025],"product_tag":[],"class_list":{"0":"post-128260","1":"product","2":"type-product","3":"status-publish","4":"has-post-thumbnail","6":"product_cat-foto-ve-kamera-aksesuari-foto-ve-kamera-aksesuari","8":"first","9":"instock","10":"purchasable","11":"product-type-simple","12":"entry","13":"content-bg","14":"loop-entry"},"_links":{"self":[{"href":"https:\/\/www.hediyepazar.com\/index.php?rest_route=\/wp\/v2\/product\/128260","targetHints":{"allow":["GET"]}}],"collection":[{"href":"https:\/\/www.hediyepazar.com\/index.php?rest_route=\/wp\/v2\/product"}],"about":[{"href":"https:\/\/www.hediyepazar.com\/index.php?rest_route=\/wp\/v2\/types\/product"}],"replies":[{"embeddable":true,"href":"https:\/\/www.hediyepazar.com\/index.php?rest_route=%2Fwp%2Fv2%2Fcomments&post=128260"}],"wp:featuredmedia":[{"embeddable":true,"href":"https:\/\/www.hediyepazar.com\/index.php?rest_route=\/wp\/v2\/media\/128259"}],"wp:attachment":[{"href":"https:\/\/www.hediyepazar.com\/index.php?rest_route=%2Fwp%2Fv2%2Fmedia&parent=128260"}],"wp:term":[{"taxonomy":"product_brand","embeddable":true,"href":"https:\/\/www.hediyepazar.com\/index.php?rest_route=%2Fwp%2Fv2%2Fproduct_brand&post=128260"},{"taxonomy":"product_cat","embeddable":true,"href":"https:\/\/www.hediyepazar.com\/index.php?rest_route=%2Fwp%2Fv2%2Fproduct_cat&post=128260"},{"taxonomy":"product_tag","embeddable":true,"href":"https:\/\/www.hediyepazar.com\/index.php?rest_route=%2Fwp%2Fv2%2Fproduct_tag&post=128260"}],"curies":[{"name":"wp","href":"https:\/\/api.w.org\/{rel}","templated":true}]}}