{"id":128262,"date":"2026-05-07T00:57:02","date_gmt":"2026-05-07T03:57:02","guid":{"rendered":"https:\/\/www.hediyepazar.com\/?product=telefon-gimbal-stabilizer-video-sabitleyici-vlog-cekim-aparati"},"modified":"2026-05-07T00:57:02","modified_gmt":"2026-05-07T03:57:02","slug":"telefon-gimbal-stabilizer-video-sabitleyici-vlog-cekim-aparati","status":"publish","type":"product","link":"https:\/\/www.hediyepazar.com\/?product=telefon-gimbal-stabilizer-video-sabitleyici-vlog-cekim-aparati","title":{"rendered":"Telefon Gimbal Stabilizer Video Sabitleyici Vlog \u00c7ekim Aparat\u0131"},"content":{"rendered":"<p>3 eksenli telefon gimbal stabilizer, mobil video \u00e7ekimlerini daha profesyonel hale getirmek isteyen kullan\u0131c\u0131lar i\u00e7in tasarlanm\u0131\u015ft\u0131r. Stabilizasyon teknolojisi sayesinde \u00e7ekim s\u0131ras\u0131nda olu\u015fabilecek sars\u0131nt\u0131lar\u0131 azaltarak daha net g\u00f6r\u00fcnt\u00fcler elde edilmesine yard\u0131mc\u0131 olur.\u00d6zellikle vlog \u00e7ekimleri, seyahat videolar\u0131, sosyal medya i\u00e7erikleri ve g\u00fcnl\u00fck video kay\u0131tlar\u0131 i\u00e7in olduk\u00e7a kullan\u0131\u015fl\u0131d\u0131r. Hareketli \u00e7ekimlerde bile g\u00f6r\u00fcnt\u00fcn\u00fcn sabit kalmas\u0131n\u0131 sa\u011flayarak daha kaliteli videolar elde edilmesini sa\u011flar.Ayarlanabilir telefon tutucu k\u0131sm\u0131 farkl\u0131 telefon boyutlar\u0131yla uyumlu olacak \u015fekilde tasarlanm\u0131\u015ft\u0131r. Telefonun g\u00fcvenli \u015fekilde sabitlenmesini sa\u011flayan g\u00fc\u00e7l\u00fc klips mekanizmas\u0131 bulunmaktad\u0131r.Ergonomik tutma kolu sayesinde uzun s\u00fcreli \u00e7ekimlerde bile konforlu kullan\u0131m sunar.<\/p>\n","protected":false},"excerpt":{"rendered":"<p>3 eksenli telefon gimbal stabilizer, mobil video \u00e7ekimlerini daha profesyonel hale getirmek isteyen kullan\u0131c\u0131lar i\u00e7in tasarlanm\u0131\u015ft\u0131r. Stabilizasyon teknolojisi sayesinde \u00e7ekim s\u0131ras\u0131nda olu\u015fabilecek sars\u0131nt\u0131lar\u0131 azaltarak daha net g\u00f6r\u00fcnt\u00fcler elde edilmesine yard\u0131mc\u0131 olur.\u00d6zellikle vlog \u00e7ekimleri, seyahat videolar\u0131, sosyal medya i\u00e7erikleri ve g\u00fcnl\u00fck video kay\u0131tlar\u0131 i\u00e7in olduk\u00e7a kullan\u0131\u015fl\u0131d\u0131r. Hareketli \u00e7ekimlerde bile g\u00f6r\u00fcnt\u00fcn\u00fcn sabit kalmas\u0131n\u0131 sa\u011flayarak daha kaliteli videolar&#8230;<\/p>\n","protected":false},"featured_media":128261,"comment_status":"open","ping_status":"closed","template":"","meta":{"_kad_post_transparent":"","_kad_post_title":"","_kad_post_layout":"","_kad_post_sidebar_id":"","_kad_post_content_style":"","_kad_post_vertical_padding":"","_kad_post_feature":"","_kad_post_feature_position":"","_kad_post_header":false,"_kad_post_footer":false,"_kad_post_classname":""},"product_brand":[],"product_cat":[15025],"product_tag":[],"class_list":{"0":"post-128262","1":"product","2":"type-product","3":"status-publish","4":"has-post-thumbnail","6":"product_cat-foto-ve-kamera-aksesuari-foto-ve-kamera-aksesuari","8":"first","9":"instock","10":"purchasable","11":"product-type-simple","12":"entry","13":"content-bg","14":"loop-entry"},"_links":{"self":[{"href":"https:\/\/www.hediyepazar.com\/index.php?rest_route=\/wp\/v2\/product\/128262","targetHints":{"allow":["GET"]}}],"collection":[{"href":"https:\/\/www.hediyepazar.com\/index.php?rest_route=\/wp\/v2\/product"}],"about":[{"href":"https:\/\/www.hediyepazar.com\/index.php?rest_route=\/wp\/v2\/types\/product"}],"replies":[{"embeddable":true,"href":"https:\/\/www.hediyepazar.com\/index.php?rest_route=%2Fwp%2Fv2%2Fcomments&post=128262"}],"wp:featuredmedia":[{"embeddable":true,"href":"https:\/\/www.hediyepazar.com\/index.php?rest_route=\/wp\/v2\/media\/128261"}],"wp:attachment":[{"href":"https:\/\/www.hediyepazar.com\/index.php?rest_route=%2Fwp%2Fv2%2Fmedia&parent=128262"}],"wp:term":[{"taxonomy":"product_brand","embeddable":true,"href":"https:\/\/www.hediyepazar.com\/index.php?rest_route=%2Fwp%2Fv2%2Fproduct_brand&post=128262"},{"taxonomy":"product_cat","embeddable":true,"href":"https:\/\/www.hediyepazar.com\/index.php?rest_route=%2Fwp%2Fv2%2Fproduct_cat&post=128262"},{"taxonomy":"product_tag","embeddable":true,"href":"https:\/\/www.hediyepazar.com\/index.php?rest_route=%2Fwp%2Fv2%2Fproduct_tag&post=128262"}],"curies":[{"name":"wp","href":"https:\/\/api.w.org\/{rel}","templated":true}]}}