{"id":128264,"date":"2026-05-07T00:57:11","date_gmt":"2026-05-07T03:57:11","guid":{"rendered":"https:\/\/www.hediyepazar.com\/?product=profesyonel-telefon-gimbal-stabilizer-3-axis-video-sabitleyici-vlog-tripod"},"modified":"2026-05-07T00:57:11","modified_gmt":"2026-05-07T03:57:11","slug":"profesyonel-telefon-gimbal-stabilizer-3-axis-video-sabitleyici-vlog-tripod","status":"publish","type":"product","link":"https:\/\/www.hediyepazar.com\/?product=profesyonel-telefon-gimbal-stabilizer-3-axis-video-sabitleyici-vlog-tripod","title":{"rendered":"Profesyonel Telefon Gimbal Stabilizer 3 Axis Video Sabitleyici Vlog Tripod"},"content":{"rendered":"<p>Telefon gimbal stabilizer, mobil cihazlarla yap\u0131lan video \u00e7ekimlerini daha stabil ve profesyonel hale getirmek i\u00e7in tasarlanm\u0131\u015f geli\u015fmi\u015f bir video sabitleme cihaz\u0131d\u0131r. G\u00fcn\u00fcm\u00fczde sosyal medya i\u00e7erik \u00fcretimi, vlog \u00e7ekimi ve video blog haz\u0131rlama gibi alanlarda olduk\u00e7a pop\u00fcler bir ekipman haline gelmi\u015ftir.3 eksenli stabilizasyon sistemi sayesinde \u00e7ekim s\u0131ras\u0131nda olu\u015fan titre\u015fimleri minimum seviyeye indirir. Bu \u00f6zellik sayesinde y\u00fcr\u00fcrken veya hareketli sahnelerde \u00e7ekilen videolar bile daha ak\u0131c\u0131 ve sinematik bir g\u00f6r\u00fcn\u00fcme sahip olur.Telefon tutucu k\u0131sm\u0131 ayarlanabilir yap\u0131dad\u0131r ve farkl\u0131 telefon modelleri ile uyumlu \u015fekilde kullan\u0131labilir. G\u00fc\u00e7l\u00fc sabitleme mekanizmas\u0131 sayesinde telefon g\u00fcvenli bir \u015fekilde tutulur.Ergonomik tasar\u0131m\u0131 sayesinde tek elle rahat kullan\u0131m imkan\u0131 sunar. \u00dczerinde bulunan kontrol tu\u015flar\u0131 sayesinde \u00e7ekim s\u0131ras\u0131nda kolay kontrol sa\u011flanabilir.Ta\u015f\u0131nabilir ve kompakt yap\u0131s\u0131 sayesinde seyahatlerde veya d\u0131\u015f mekan \u00e7ekimlerinde kolay kullan\u0131m sunar.<\/p>\n","protected":false},"excerpt":{"rendered":"<p>Telefon gimbal stabilizer, mobil cihazlarla yap\u0131lan video \u00e7ekimlerini daha stabil ve profesyonel hale getirmek i\u00e7in tasarlanm\u0131\u015f geli\u015fmi\u015f bir video sabitleme cihaz\u0131d\u0131r. G\u00fcn\u00fcm\u00fczde sosyal medya i\u00e7erik \u00fcretimi, vlog \u00e7ekimi ve video blog haz\u0131rlama gibi alanlarda olduk\u00e7a pop\u00fcler bir ekipman haline gelmi\u015ftir.3 eksenli stabilizasyon sistemi sayesinde \u00e7ekim s\u0131ras\u0131nda olu\u015fan titre\u015fimleri minimum seviyeye indirir. Bu \u00f6zellik sayesinde y\u00fcr\u00fcrken&#8230;<\/p>\n","protected":false},"featured_media":128263,"comment_status":"open","ping_status":"closed","template":"","meta":{"_kad_post_transparent":"","_kad_post_title":"","_kad_post_layout":"","_kad_post_sidebar_id":"","_kad_post_content_style":"","_kad_post_vertical_padding":"","_kad_post_feature":"","_kad_post_feature_position":"","_kad_post_header":false,"_kad_post_footer":false,"_kad_post_classname":""},"product_brand":[],"product_cat":[15025],"product_tag":[],"class_list":{"0":"post-128264","1":"product","2":"type-product","3":"status-publish","4":"has-post-thumbnail","6":"product_cat-foto-ve-kamera-aksesuari-foto-ve-kamera-aksesuari","8":"first","9":"instock","10":"purchasable","11":"product-type-simple","12":"entry","13":"content-bg","14":"loop-entry"},"_links":{"self":[{"href":"https:\/\/www.hediyepazar.com\/index.php?rest_route=\/wp\/v2\/product\/128264","targetHints":{"allow":["GET"]}}],"collection":[{"href":"https:\/\/www.hediyepazar.com\/index.php?rest_route=\/wp\/v2\/product"}],"about":[{"href":"https:\/\/www.hediyepazar.com\/index.php?rest_route=\/wp\/v2\/types\/product"}],"replies":[{"embeddable":true,"href":"https:\/\/www.hediyepazar.com\/index.php?rest_route=%2Fwp%2Fv2%2Fcomments&post=128264"}],"wp:featuredmedia":[{"embeddable":true,"href":"https:\/\/www.hediyepazar.com\/index.php?rest_route=\/wp\/v2\/media\/128263"}],"wp:attachment":[{"href":"https:\/\/www.hediyepazar.com\/index.php?rest_route=%2Fwp%2Fv2%2Fmedia&parent=128264"}],"wp:term":[{"taxonomy":"product_brand","embeddable":true,"href":"https:\/\/www.hediyepazar.com\/index.php?rest_route=%2Fwp%2Fv2%2Fproduct_brand&post=128264"},{"taxonomy":"product_cat","embeddable":true,"href":"https:\/\/www.hediyepazar.com\/index.php?rest_route=%2Fwp%2Fv2%2Fproduct_cat&post=128264"},{"taxonomy":"product_tag","embeddable":true,"href":"https:\/\/www.hediyepazar.com\/index.php?rest_route=%2Fwp%2Fv2%2Fproduct_tag&post=128264"}],"curies":[{"name":"wp","href":"https:\/\/api.w.org\/{rel}","templated":true}]}}