{"id":128268,"date":"2026-05-07T00:58:04","date_gmt":"2026-05-07T03:58:04","guid":{"rendered":"https:\/\/www.hediyepazar.com\/?product=telefon-tripodu-masaustu-stand-360-derece-donebilen-telefon-tutucu"},"modified":"2026-05-07T00:58:04","modified_gmt":"2026-05-07T03:58:04","slug":"telefon-tripodu-masaustu-stand-360-derece-donebilen-telefon-tutucu","status":"publish","type":"product","link":"https:\/\/www.hediyepazar.com\/?product=telefon-tripodu-masaustu-stand-360-derece-donebilen-telefon-tutucu","title":{"rendered":"Telefon Tripodu Masa\u00fcst\u00fc Stand 360 Derece D\u00f6nebilen Telefon Tutucu"},"content":{"rendered":"<p>Mini telefon tripod stand\u0131, i\u00e7erik \u00fcreticileri ve g\u00fcnl\u00fck kullan\u0131c\u0131lar i\u00e7in pratik bir \u00e7ekim \u00e7\u00f6z\u00fcm\u00fc sunar. Katlanabilir yap\u0131s\u0131 sayesinde kolay ta\u015f\u0131nabilir ve farkl\u0131 ortamlarda kullan\u0131labilir.Ayarlanabilir telefon tutucu mekanizmas\u0131 sayesinde farkl\u0131 telefon boyutlar\u0131na uyum sa\u011flar. G\u00fc\u00e7l\u00fc tutu\u015f sa\u011flayan klips sistemi telefonun g\u00fcvenli \u015fekilde sabitlenmesini sa\u011flar.360 derece d\u00f6nebilen ba\u015fl\u0131k yap\u0131s\u0131 sayesinde farkl\u0131 a\u00e7\u0131lardan \u00e7ekim yap\u0131labilir. Bu sayede foto\u011fraf ve video \u00e7ekimleri daha kolay hale gelir.Tripod ayaklar\u0131 masa \u00fczerinde stabil duracak \u015fekilde tasarlanm\u0131\u015ft\u0131r.<\/p>\n","protected":false},"excerpt":{"rendered":"<p>Mini telefon tripod stand\u0131, i\u00e7erik \u00fcreticileri ve g\u00fcnl\u00fck kullan\u0131c\u0131lar i\u00e7in pratik bir \u00e7ekim \u00e7\u00f6z\u00fcm\u00fc sunar. Katlanabilir yap\u0131s\u0131 sayesinde kolay ta\u015f\u0131nabilir ve farkl\u0131 ortamlarda kullan\u0131labilir.Ayarlanabilir telefon tutucu mekanizmas\u0131 sayesinde farkl\u0131 telefon boyutlar\u0131na uyum sa\u011flar. G\u00fc\u00e7l\u00fc tutu\u015f sa\u011flayan klips sistemi telefonun g\u00fcvenli \u015fekilde sabitlenmesini sa\u011flar.360 derece d\u00f6nebilen ba\u015fl\u0131k yap\u0131s\u0131 sayesinde farkl\u0131 a\u00e7\u0131lardan \u00e7ekim yap\u0131labilir. Bu sayede foto\u011fraf&#8230;<\/p>\n","protected":false},"featured_media":128267,"comment_status":"open","ping_status":"closed","template":"","meta":{"_kad_post_transparent":"","_kad_post_title":"","_kad_post_layout":"","_kad_post_sidebar_id":"","_kad_post_content_style":"","_kad_post_vertical_padding":"","_kad_post_feature":"","_kad_post_feature_position":"","_kad_post_header":false,"_kad_post_footer":false,"_kad_post_classname":""},"product_brand":[],"product_cat":[15025],"product_tag":[],"class_list":{"0":"post-128268","1":"product","2":"type-product","3":"status-publish","4":"has-post-thumbnail","6":"product_cat-foto-ve-kamera-aksesuari-foto-ve-kamera-aksesuari","8":"first","9":"instock","10":"purchasable","11":"product-type-simple","12":"entry","13":"content-bg","14":"loop-entry"},"_links":{"self":[{"href":"https:\/\/www.hediyepazar.com\/index.php?rest_route=\/wp\/v2\/product\/128268","targetHints":{"allow":["GET"]}}],"collection":[{"href":"https:\/\/www.hediyepazar.com\/index.php?rest_route=\/wp\/v2\/product"}],"about":[{"href":"https:\/\/www.hediyepazar.com\/index.php?rest_route=\/wp\/v2\/types\/product"}],"replies":[{"embeddable":true,"href":"https:\/\/www.hediyepazar.com\/index.php?rest_route=%2Fwp%2Fv2%2Fcomments&post=128268"}],"wp:featuredmedia":[{"embeddable":true,"href":"https:\/\/www.hediyepazar.com\/index.php?rest_route=\/wp\/v2\/media\/128267"}],"wp:attachment":[{"href":"https:\/\/www.hediyepazar.com\/index.php?rest_route=%2Fwp%2Fv2%2Fmedia&parent=128268"}],"wp:term":[{"taxonomy":"product_brand","embeddable":true,"href":"https:\/\/www.hediyepazar.com\/index.php?rest_route=%2Fwp%2Fv2%2Fproduct_brand&post=128268"},{"taxonomy":"product_cat","embeddable":true,"href":"https:\/\/www.hediyepazar.com\/index.php?rest_route=%2Fwp%2Fv2%2Fproduct_cat&post=128268"},{"taxonomy":"product_tag","embeddable":true,"href":"https:\/\/www.hediyepazar.com\/index.php?rest_route=%2Fwp%2Fv2%2Fproduct_tag&post=128268"}],"curies":[{"name":"wp","href":"https:\/\/api.w.org\/{rel}","templated":true}]}}