{"id":128288,"date":"2026-05-07T01:01:17","date_gmt":"2026-05-07T04:01:17","guid":{"rendered":"https:\/\/www.hediyepazar.com\/?product=tasinabilir-somine-efektli-bluetooth-hoparlor-led-isikli-radyo"},"modified":"2026-05-07T01:01:17","modified_gmt":"2026-05-07T04:01:17","slug":"tasinabilir-somine-efektli-bluetooth-hoparlor-led-isikli-radyo","status":"publish","type":"product","link":"https:\/\/www.hediyepazar.com\/?product=tasinabilir-somine-efektli-bluetooth-hoparlor-led-isikli-radyo","title":{"rendered":"Ta\u015f\u0131nabilir \u015e\u00f6mine Efektli Bluetooth Hoparl\u00f6r LED I\u015f\u0131kl\u0131 Radyo"},"content":{"rendered":"<p>Ta\u015f\u0131nabilir \u015f\u00f6mine efektli bluetooth hoparl\u00f6r, dekoratif tasar\u0131m\u0131 ve \u00e7oklu m\u00fczik \u00f6zellikleri ile hem \u015f\u0131k bir dekor \u00fcr\u00fcn\u00fc hem de pratik bir m\u00fczik cihaz\u0131d\u0131r. LED alev efekti sayesinde ortam\u0131n\u0131za s\u0131cak ve estetik bir atmosfer katar.Bluetooth ba\u011flant\u0131s\u0131 sayesinde telefon ve tablet ile kolayca e\u015fle\u015fir. USB ve TF kart giri\u015fleri sayesinde m\u00fcziklerinizi farkl\u0131 kaynaklardan oynatabilirsiniz.FM radyo \u00f6zelli\u011fi sayesinde radyo kanallar\u0131n\u0131 dinleyebilir ve g\u00fc\u00e7l\u00fc hoparl\u00f6r sistemi ile kaliteli ses deneyimi ya\u015fayabilirsiniz.<\/p>\n","protected":false},"excerpt":{"rendered":"<p>Ta\u015f\u0131nabilir \u015f\u00f6mine efektli bluetooth hoparl\u00f6r, dekoratif tasar\u0131m\u0131 ve \u00e7oklu m\u00fczik \u00f6zellikleri ile hem \u015f\u0131k bir dekor \u00fcr\u00fcn\u00fc hem de pratik bir m\u00fczik cihaz\u0131d\u0131r. LED alev efekti sayesinde ortam\u0131n\u0131za s\u0131cak ve estetik bir atmosfer katar.Bluetooth ba\u011flant\u0131s\u0131 sayesinde telefon ve tablet ile kolayca e\u015fle\u015fir. USB ve TF kart giri\u015fleri sayesinde m\u00fcziklerinizi farkl\u0131 kaynaklardan oynatabilirsiniz.FM radyo \u00f6zelli\u011fi sayesinde&#8230;<\/p>\n","protected":false},"featured_media":128287,"comment_status":"open","ping_status":"closed","template":"","meta":{"_kad_post_transparent":"","_kad_post_title":"","_kad_post_layout":"","_kad_post_sidebar_id":"","_kad_post_content_style":"","_kad_post_vertical_padding":"","_kad_post_feature":"","_kad_post_feature_position":"","_kad_post_header":false,"_kad_post_footer":false,"_kad_post_classname":""},"product_brand":[],"product_cat":[14911],"product_tag":[],"class_list":{"0":"post-128288","1":"product","2":"type-product","3":"status-publish","4":"has-post-thumbnail","6":"product_cat-kablosuz-hoparlor-kablosuz-hoparlor","8":"first","9":"instock","10":"purchasable","11":"product-type-simple","12":"entry","13":"content-bg","14":"loop-entry"},"_links":{"self":[{"href":"https:\/\/www.hediyepazar.com\/index.php?rest_route=\/wp\/v2\/product\/128288","targetHints":{"allow":["GET"]}}],"collection":[{"href":"https:\/\/www.hediyepazar.com\/index.php?rest_route=\/wp\/v2\/product"}],"about":[{"href":"https:\/\/www.hediyepazar.com\/index.php?rest_route=\/wp\/v2\/types\/product"}],"replies":[{"embeddable":true,"href":"https:\/\/www.hediyepazar.com\/index.php?rest_route=%2Fwp%2Fv2%2Fcomments&post=128288"}],"wp:featuredmedia":[{"embeddable":true,"href":"https:\/\/www.hediyepazar.com\/index.php?rest_route=\/wp\/v2\/media\/128287"}],"wp:attachment":[{"href":"https:\/\/www.hediyepazar.com\/index.php?rest_route=%2Fwp%2Fv2%2Fmedia&parent=128288"}],"wp:term":[{"taxonomy":"product_brand","embeddable":true,"href":"https:\/\/www.hediyepazar.com\/index.php?rest_route=%2Fwp%2Fv2%2Fproduct_brand&post=128288"},{"taxonomy":"product_cat","embeddable":true,"href":"https:\/\/www.hediyepazar.com\/index.php?rest_route=%2Fwp%2Fv2%2Fproduct_cat&post=128288"},{"taxonomy":"product_tag","embeddable":true,"href":"https:\/\/www.hediyepazar.com\/index.php?rest_route=%2Fwp%2Fv2%2Fproduct_tag&post=128288"}],"curies":[{"name":"wp","href":"https:\/\/api.w.org\/{rel}","templated":true}]}}