{"id":128290,"date":"2026-05-07T01:03:04","date_gmt":"2026-05-07T04:03:04","guid":{"rendered":"https:\/\/www.hediyepazar.com\/?product=somine-tasarimli-bluetooth-hoparlor-usb-tf-kart-radyo-destekli"},"modified":"2026-05-07T01:03:04","modified_gmt":"2026-05-07T04:03:04","slug":"somine-tasarimli-bluetooth-hoparlor-usb-tf-kart-radyo-destekli","status":"publish","type":"product","link":"https:\/\/www.hediyepazar.com\/?product=somine-tasarimli-bluetooth-hoparlor-usb-tf-kart-radyo-destekli","title":{"rendered":"\u015e\u00f6mine Tasar\u0131ml\u0131 Bluetooth Hoparl\u00f6r USB TF Kart Radyo Destekli"},"content":{"rendered":"<p>\u015e\u00f6mine tasar\u0131ml\u0131 bluetooth hoparl\u00f6r, hem dekoratif hem de fonksiyonel \u00f6zellikleri ile dikkat \u00e7eken bir m\u00fczik cihaz\u0131d\u0131r. LED alev efekti sayesinde ger\u00e7ek \u015f\u00f6mine g\u00f6r\u00fcn\u00fcm\u00fc sunarak bulundu\u011fu ortama s\u0131cak bir atmosfer kazand\u0131r\u0131r.Bluetooth ba\u011flant\u0131s\u0131 sayesinde mobil cihazlardan kablosuz m\u00fczik dinleyebilirsiniz. USB ve TF kart deste\u011fi ile m\u00fcziklerinizi kolayca oynatabilirsiniz.FM radyo \u00f6zelli\u011fi sayesinde radyo yay\u0131nlar\u0131n\u0131 dinleyebilir ve g\u00fc\u00e7l\u00fc hoparl\u00f6r sistemi sayesinde net ses performans\u0131 elde edebilirsiniz.<\/p>\n","protected":false},"excerpt":{"rendered":"<p>\u015e\u00f6mine tasar\u0131ml\u0131 bluetooth hoparl\u00f6r, hem dekoratif hem de fonksiyonel \u00f6zellikleri ile dikkat \u00e7eken bir m\u00fczik cihaz\u0131d\u0131r. LED alev efekti sayesinde ger\u00e7ek \u015f\u00f6mine g\u00f6r\u00fcn\u00fcm\u00fc sunarak bulundu\u011fu ortama s\u0131cak bir atmosfer kazand\u0131r\u0131r.Bluetooth ba\u011flant\u0131s\u0131 sayesinde mobil cihazlardan kablosuz m\u00fczik dinleyebilirsiniz. USB ve TF kart deste\u011fi ile m\u00fcziklerinizi kolayca oynatabilirsiniz.FM radyo \u00f6zelli\u011fi sayesinde radyo yay\u0131nlar\u0131n\u0131 dinleyebilir ve g\u00fc\u00e7l\u00fc hoparl\u00f6r&#8230;<\/p>\n","protected":false},"featured_media":128289,"comment_status":"open","ping_status":"closed","template":"","meta":{"_kad_post_transparent":"","_kad_post_title":"","_kad_post_layout":"","_kad_post_sidebar_id":"","_kad_post_content_style":"","_kad_post_vertical_padding":"","_kad_post_feature":"","_kad_post_feature_position":"","_kad_post_header":false,"_kad_post_footer":false,"_kad_post_classname":""},"product_brand":[],"product_cat":[14911],"product_tag":[],"class_list":{"0":"post-128290","1":"product","2":"type-product","3":"status-publish","4":"has-post-thumbnail","6":"product_cat-kablosuz-hoparlor-kablosuz-hoparlor","8":"first","9":"instock","10":"purchasable","11":"product-type-simple","12":"entry","13":"content-bg","14":"loop-entry"},"_links":{"self":[{"href":"https:\/\/www.hediyepazar.com\/index.php?rest_route=\/wp\/v2\/product\/128290","targetHints":{"allow":["GET"]}}],"collection":[{"href":"https:\/\/www.hediyepazar.com\/index.php?rest_route=\/wp\/v2\/product"}],"about":[{"href":"https:\/\/www.hediyepazar.com\/index.php?rest_route=\/wp\/v2\/types\/product"}],"replies":[{"embeddable":true,"href":"https:\/\/www.hediyepazar.com\/index.php?rest_route=%2Fwp%2Fv2%2Fcomments&post=128290"}],"wp:featuredmedia":[{"embeddable":true,"href":"https:\/\/www.hediyepazar.com\/index.php?rest_route=\/wp\/v2\/media\/128289"}],"wp:attachment":[{"href":"https:\/\/www.hediyepazar.com\/index.php?rest_route=%2Fwp%2Fv2%2Fmedia&parent=128290"}],"wp:term":[{"taxonomy":"product_brand","embeddable":true,"href":"https:\/\/www.hediyepazar.com\/index.php?rest_route=%2Fwp%2Fv2%2Fproduct_brand&post=128290"},{"taxonomy":"product_cat","embeddable":true,"href":"https:\/\/www.hediyepazar.com\/index.php?rest_route=%2Fwp%2Fv2%2Fproduct_cat&post=128290"},{"taxonomy":"product_tag","embeddable":true,"href":"https:\/\/www.hediyepazar.com\/index.php?rest_route=%2Fwp%2Fv2%2Fproduct_tag&post=128290"}],"curies":[{"name":"wp","href":"https:\/\/api.w.org\/{rel}","templated":true}]}}