{"id":128292,"date":"2026-05-07T01:03:10","date_gmt":"2026-05-07T04:03:10","guid":{"rendered":"https:\/\/www.hediyepazar.com\/?product=led-somine-efektli-kablosuz-hoparlor-fm-radyo-muzik-calar"},"modified":"2026-05-07T01:03:10","modified_gmt":"2026-05-07T04:03:10","slug":"led-somine-efektli-kablosuz-hoparlor-fm-radyo-muzik-calar","status":"publish","type":"product","link":"https:\/\/www.hediyepazar.com\/?product=led-somine-efektli-kablosuz-hoparlor-fm-radyo-muzik-calar","title":{"rendered":"LED \u015e\u00f6mine Efektli Kablosuz Hoparl\u00f6r FM Radyo M\u00fczik \u00c7alar"},"content":{"rendered":"<p>LED \u015f\u00f6mine efektli bluetooth hoparl\u00f6r, dekoratif tasar\u0131m\u0131 ile ev veya ofis ortam\u0131nda \u015f\u0131k bir g\u00f6r\u00fcn\u00fcm sunar. Alev efektli LED \u0131\u015f\u0131k sistemi sayesinde bulundu\u011fu ortama s\u0131cak ve rahatlat\u0131c\u0131 bir atmosfer kazand\u0131r\u0131r.Bluetooth \u00f6zelli\u011fi sayesinde telefon veya tablet ile kablosuz ba\u011flant\u0131 kurarak m\u00fczik dinleyebilirsiniz. USB ve TF kart giri\u015fleri sayesinde farkl\u0131 m\u00fczik kaynaklar\u0131n\u0131 kullanabilirsiniz.FM radyo \u00f6zelli\u011fi ile favori radyo kanallar\u0131n\u0131z\u0131 dinleyebilir ve g\u00fc\u00e7l\u00fc hoparl\u00f6r\u00fc sayesinde kaliteli ses deneyimi ya\u015fayabilirsiniz.<\/p>\n","protected":false},"excerpt":{"rendered":"<p>LED \u015f\u00f6mine efektli bluetooth hoparl\u00f6r, dekoratif tasar\u0131m\u0131 ile ev veya ofis ortam\u0131nda \u015f\u0131k bir g\u00f6r\u00fcn\u00fcm sunar. Alev efektli LED \u0131\u015f\u0131k sistemi sayesinde bulundu\u011fu ortama s\u0131cak ve rahatlat\u0131c\u0131 bir atmosfer kazand\u0131r\u0131r.Bluetooth \u00f6zelli\u011fi sayesinde telefon veya tablet ile kablosuz ba\u011flant\u0131 kurarak m\u00fczik dinleyebilirsiniz. USB ve TF kart giri\u015fleri sayesinde farkl\u0131 m\u00fczik kaynaklar\u0131n\u0131 kullanabilirsiniz.FM radyo \u00f6zelli\u011fi ile favori&#8230;<\/p>\n","protected":false},"featured_media":128291,"comment_status":"open","ping_status":"closed","template":"","meta":{"_kad_post_transparent":"","_kad_post_title":"","_kad_post_layout":"","_kad_post_sidebar_id":"","_kad_post_content_style":"","_kad_post_vertical_padding":"","_kad_post_feature":"","_kad_post_feature_position":"","_kad_post_header":false,"_kad_post_footer":false,"_kad_post_classname":""},"product_brand":[],"product_cat":[14911],"product_tag":[],"class_list":{"0":"post-128292","1":"product","2":"type-product","3":"status-publish","4":"has-post-thumbnail","6":"product_cat-kablosuz-hoparlor-kablosuz-hoparlor","8":"first","9":"instock","10":"purchasable","11":"product-type-simple","12":"entry","13":"content-bg","14":"loop-entry"},"_links":{"self":[{"href":"https:\/\/www.hediyepazar.com\/index.php?rest_route=\/wp\/v2\/product\/128292","targetHints":{"allow":["GET"]}}],"collection":[{"href":"https:\/\/www.hediyepazar.com\/index.php?rest_route=\/wp\/v2\/product"}],"about":[{"href":"https:\/\/www.hediyepazar.com\/index.php?rest_route=\/wp\/v2\/types\/product"}],"replies":[{"embeddable":true,"href":"https:\/\/www.hediyepazar.com\/index.php?rest_route=%2Fwp%2Fv2%2Fcomments&post=128292"}],"wp:featuredmedia":[{"embeddable":true,"href":"https:\/\/www.hediyepazar.com\/index.php?rest_route=\/wp\/v2\/media\/128291"}],"wp:attachment":[{"href":"https:\/\/www.hediyepazar.com\/index.php?rest_route=%2Fwp%2Fv2%2Fmedia&parent=128292"}],"wp:term":[{"taxonomy":"product_brand","embeddable":true,"href":"https:\/\/www.hediyepazar.com\/index.php?rest_route=%2Fwp%2Fv2%2Fproduct_brand&post=128292"},{"taxonomy":"product_cat","embeddable":true,"href":"https:\/\/www.hediyepazar.com\/index.php?rest_route=%2Fwp%2Fv2%2Fproduct_cat&post=128292"},{"taxonomy":"product_tag","embeddable":true,"href":"https:\/\/www.hediyepazar.com\/index.php?rest_route=%2Fwp%2Fv2%2Fproduct_tag&post=128292"}],"curies":[{"name":"wp","href":"https:\/\/api.w.org\/{rel}","templated":true}]}}