{"id":128302,"date":"2026-05-07T01:04:24","date_gmt":"2026-05-07T04:04:24","guid":{"rendered":"https:\/\/www.hediyepazar.com\/?product=tasinabilir-bluetooth-hoparlor-rgb-isik-efektli-stereo-ses"},"modified":"2026-05-07T01:04:24","modified_gmt":"2026-05-07T04:04:24","slug":"tasinabilir-bluetooth-hoparlor-rgb-isik-efektli-stereo-ses","status":"publish","type":"product","link":"https:\/\/www.hediyepazar.com\/?product=tasinabilir-bluetooth-hoparlor-rgb-isik-efektli-stereo-ses","title":{"rendered":"Ta\u015f\u0131nabilir Bluetooth Hoparl\u00f6r RGB I\u015f\u0131k Efektli Stereo Ses"},"content":{"rendered":"<p>RGB \u0131\u015f\u0131kl\u0131 bluetooth hoparl\u00f6r, stereo ses \u00e7\u0131k\u0131\u015f\u0131 ve modern tasar\u0131m\u0131 ile m\u00fczik keyfinizi art\u0131r\u0131r. Kablosuz ba\u011flant\u0131 \u00f6zelli\u011fi sayesinde mobil cihazlarla kolay \u015fekilde e\u015fle\u015fir.LED \u0131\u015f\u0131k efektleri sayesinde m\u00fczik dinlerken g\u00f6rsel bir atmosfer olu\u015fturur. USB ve haf\u0131za kart\u0131 deste\u011fi ile farkl\u0131 m\u00fczik kaynaklar\u0131n\u0131 kullanabilirsiniz.Kompakt yap\u0131s\u0131 sayesinde kolay ta\u015f\u0131nabilir ve her ortamda kullan\u0131m imkan\u0131 sunar.<\/p>\n","protected":false},"excerpt":{"rendered":"<p>RGB \u0131\u015f\u0131kl\u0131 bluetooth hoparl\u00f6r, stereo ses \u00e7\u0131k\u0131\u015f\u0131 ve modern tasar\u0131m\u0131 ile m\u00fczik keyfinizi art\u0131r\u0131r. Kablosuz ba\u011flant\u0131 \u00f6zelli\u011fi sayesinde mobil cihazlarla kolay \u015fekilde e\u015fle\u015fir.LED \u0131\u015f\u0131k efektleri sayesinde m\u00fczik dinlerken g\u00f6rsel bir atmosfer olu\u015fturur. USB ve haf\u0131za kart\u0131 deste\u011fi ile farkl\u0131 m\u00fczik kaynaklar\u0131n\u0131 kullanabilirsiniz.Kompakt yap\u0131s\u0131 sayesinde kolay ta\u015f\u0131nabilir ve her ortamda kullan\u0131m imkan\u0131 sunar.<\/p>\n","protected":false},"featured_media":128301,"comment_status":"open","ping_status":"closed","template":"","meta":{"_kad_post_transparent":"","_kad_post_title":"","_kad_post_layout":"","_kad_post_sidebar_id":"","_kad_post_content_style":"","_kad_post_vertical_padding":"","_kad_post_feature":"","_kad_post_feature_position":"","_kad_post_header":false,"_kad_post_footer":false,"_kad_post_classname":""},"product_brand":[],"product_cat":[14911],"product_tag":[],"class_list":{"0":"post-128302","1":"product","2":"type-product","3":"status-publish","4":"has-post-thumbnail","6":"product_cat-kablosuz-hoparlor-kablosuz-hoparlor","8":"first","9":"instock","10":"purchasable","11":"product-type-simple","12":"entry","13":"content-bg","14":"loop-entry"},"_links":{"self":[{"href":"https:\/\/www.hediyepazar.com\/index.php?rest_route=\/wp\/v2\/product\/128302","targetHints":{"allow":["GET"]}}],"collection":[{"href":"https:\/\/www.hediyepazar.com\/index.php?rest_route=\/wp\/v2\/product"}],"about":[{"href":"https:\/\/www.hediyepazar.com\/index.php?rest_route=\/wp\/v2\/types\/product"}],"replies":[{"embeddable":true,"href":"https:\/\/www.hediyepazar.com\/index.php?rest_route=%2Fwp%2Fv2%2Fcomments&post=128302"}],"wp:featuredmedia":[{"embeddable":true,"href":"https:\/\/www.hediyepazar.com\/index.php?rest_route=\/wp\/v2\/media\/128301"}],"wp:attachment":[{"href":"https:\/\/www.hediyepazar.com\/index.php?rest_route=%2Fwp%2Fv2%2Fmedia&parent=128302"}],"wp:term":[{"taxonomy":"product_brand","embeddable":true,"href":"https:\/\/www.hediyepazar.com\/index.php?rest_route=%2Fwp%2Fv2%2Fproduct_brand&post=128302"},{"taxonomy":"product_cat","embeddable":true,"href":"https:\/\/www.hediyepazar.com\/index.php?rest_route=%2Fwp%2Fv2%2Fproduct_cat&post=128302"},{"taxonomy":"product_tag","embeddable":true,"href":"https:\/\/www.hediyepazar.com\/index.php?rest_route=%2Fwp%2Fv2%2Fproduct_tag&post=128302"}],"curies":[{"name":"wp","href":"https:\/\/api.w.org\/{rel}","templated":true}]}}