{"id":128304,"date":"2026-05-07T01:06:07","date_gmt":"2026-05-07T04:06:07","guid":{"rendered":"https:\/\/www.hediyepazar.com\/?product=led-isikli-kablosuz-bluetooth-hoparlor-usb-tf-kart-destekli"},"modified":"2026-05-07T01:06:07","modified_gmt":"2026-05-07T04:06:07","slug":"led-isikli-kablosuz-bluetooth-hoparlor-usb-tf-kart-destekli","status":"publish","type":"product","link":"https:\/\/www.hediyepazar.com\/?product=led-isikli-kablosuz-bluetooth-hoparlor-usb-tf-kart-destekli","title":{"rendered":"LED I\u015f\u0131kl\u0131 Kablosuz Bluetooth Hoparl\u00f6r USB TF Kart Destekli"},"content":{"rendered":"<p>Kablosuz bluetooth hoparl\u00f6r, y\u00fcksek ses performans\u0131 ve LED \u0131\u015f\u0131k efekti ile m\u00fczik deneyiminizi zenginle\u015ftirir. Bluetooth ba\u011flant\u0131s\u0131 sayesinde kablo kullanmadan cihazlar\u0131n\u0131za h\u0131zl\u0131 \u015fekilde ba\u011flanabilirsiniz.USB ve TF kart giri\u015fleri sayesinde farkl\u0131 m\u00fczik kaynaklar\u0131n\u0131 destekler. Bu sayede telefon, haf\u0131za kart\u0131 veya USB bellek \u00fczerinden m\u00fczik dinleyebilirsiniz.Ta\u015f\u0131nabilir yap\u0131s\u0131 sayesinde piknik, ev partisi veya g\u00fcnl\u00fck kullan\u0131m i\u00e7in idealdir.<\/p>\n","protected":false},"excerpt":{"rendered":"<p>Kablosuz bluetooth hoparl\u00f6r, y\u00fcksek ses performans\u0131 ve LED \u0131\u015f\u0131k efekti ile m\u00fczik deneyiminizi zenginle\u015ftirir. Bluetooth ba\u011flant\u0131s\u0131 sayesinde kablo kullanmadan cihazlar\u0131n\u0131za h\u0131zl\u0131 \u015fekilde ba\u011flanabilirsiniz.USB ve TF kart giri\u015fleri sayesinde farkl\u0131 m\u00fczik kaynaklar\u0131n\u0131 destekler. Bu sayede telefon, haf\u0131za kart\u0131 veya USB bellek \u00fczerinden m\u00fczik dinleyebilirsiniz.Ta\u015f\u0131nabilir yap\u0131s\u0131 sayesinde piknik, ev partisi veya g\u00fcnl\u00fck kullan\u0131m i\u00e7in idealdir.<\/p>\n","protected":false},"featured_media":128303,"comment_status":"open","ping_status":"closed","template":"","meta":{"_kad_post_transparent":"","_kad_post_title":"","_kad_post_layout":"","_kad_post_sidebar_id":"","_kad_post_content_style":"","_kad_post_vertical_padding":"","_kad_post_feature":"","_kad_post_feature_position":"","_kad_post_header":false,"_kad_post_footer":false,"_kad_post_classname":""},"product_brand":[],"product_cat":[14911],"product_tag":[],"class_list":{"0":"post-128304","1":"product","2":"type-product","3":"status-publish","4":"has-post-thumbnail","6":"product_cat-kablosuz-hoparlor-kablosuz-hoparlor","8":"first","9":"instock","10":"purchasable","11":"product-type-simple","12":"entry","13":"content-bg","14":"loop-entry"},"_links":{"self":[{"href":"https:\/\/www.hediyepazar.com\/index.php?rest_route=\/wp\/v2\/product\/128304","targetHints":{"allow":["GET"]}}],"collection":[{"href":"https:\/\/www.hediyepazar.com\/index.php?rest_route=\/wp\/v2\/product"}],"about":[{"href":"https:\/\/www.hediyepazar.com\/index.php?rest_route=\/wp\/v2\/types\/product"}],"replies":[{"embeddable":true,"href":"https:\/\/www.hediyepazar.com\/index.php?rest_route=%2Fwp%2Fv2%2Fcomments&post=128304"}],"wp:featuredmedia":[{"embeddable":true,"href":"https:\/\/www.hediyepazar.com\/index.php?rest_route=\/wp\/v2\/media\/128303"}],"wp:attachment":[{"href":"https:\/\/www.hediyepazar.com\/index.php?rest_route=%2Fwp%2Fv2%2Fmedia&parent=128304"}],"wp:term":[{"taxonomy":"product_brand","embeddable":true,"href":"https:\/\/www.hediyepazar.com\/index.php?rest_route=%2Fwp%2Fv2%2Fproduct_brand&post=128304"},{"taxonomy":"product_cat","embeddable":true,"href":"https:\/\/www.hediyepazar.com\/index.php?rest_route=%2Fwp%2Fv2%2Fproduct_cat&post=128304"},{"taxonomy":"product_tag","embeddable":true,"href":"https:\/\/www.hediyepazar.com\/index.php?rest_route=%2Fwp%2Fv2%2Fproduct_tag&post=128304"}],"curies":[{"name":"wp","href":"https:\/\/api.w.org\/{rel}","templated":true}]}}