{"id":128318,"date":"2026-05-07T01:08:39","date_gmt":"2026-05-07T04:08:39","guid":{"rendered":"https:\/\/www.hediyepazar.com\/?product=mini-kablosuz-bluetooth-klavye-usb-sarjli-tasinabilir-klavye"},"modified":"2026-05-07T01:08:39","modified_gmt":"2026-05-07T04:08:39","slug":"mini-kablosuz-bluetooth-klavye-usb-sarjli-tasinabilir-klavye","status":"publish","type":"product","link":"https:\/\/www.hediyepazar.com\/?product=mini-kablosuz-bluetooth-klavye-usb-sarjli-tasinabilir-klavye","title":{"rendered":"Mini Kablosuz Bluetooth Klavye USB \u015earjl\u0131 Ta\u015f\u0131nabilir Klavye"},"content":{"rendered":"<p>Mini bluetooth klavye, mobil cihazlarla yaz\u0131 yazmak i\u00e7in geli\u015ftirilmi\u015f ta\u015f\u0131nabilir bir kablosuz klavyedir. Bluetooth teknolojisi sayesinde telefon, tablet ve bilgisayarlarla kablosuz ba\u011flant\u0131 kurarak kolay kullan\u0131m sa\u011flar.K\u00fc\u00e7\u00fck ve hafif yap\u0131s\u0131 sayesinde ta\u015f\u0131nabilir ve farkl\u0131 ortamlarda kullan\u0131labilir.10 metreye kadar ba\u011flant\u0131 mesafesi sayesinde uzaktan kullan\u0131m imkan\u0131 sunar.USB kablo ile \u015farj edilebilen dahili bataryas\u0131 sayesinde uzun s\u00fcreli kullan\u0131m sa\u011flar.<\/p>\n","protected":false},"excerpt":{"rendered":"<p>Mini bluetooth klavye, mobil cihazlarla yaz\u0131 yazmak i\u00e7in geli\u015ftirilmi\u015f ta\u015f\u0131nabilir bir kablosuz klavyedir. Bluetooth teknolojisi sayesinde telefon, tablet ve bilgisayarlarla kablosuz ba\u011flant\u0131 kurarak kolay kullan\u0131m sa\u011flar.K\u00fc\u00e7\u00fck ve hafif yap\u0131s\u0131 sayesinde ta\u015f\u0131nabilir ve farkl\u0131 ortamlarda kullan\u0131labilir.10 metreye kadar ba\u011flant\u0131 mesafesi sayesinde uzaktan kullan\u0131m imkan\u0131 sunar.USB kablo ile \u015farj edilebilen dahili bataryas\u0131 sayesinde uzun s\u00fcreli kullan\u0131m sa\u011flar.<\/p>\n","protected":false},"featured_media":128317,"comment_status":"open","ping_status":"closed","template":"","meta":{"_kad_post_transparent":"","_kad_post_title":"","_kad_post_layout":"","_kad_post_sidebar_id":"","_kad_post_content_style":"","_kad_post_vertical_padding":"","_kad_post_feature":"","_kad_post_feature_position":"","_kad_post_header":false,"_kad_post_footer":false,"_kad_post_classname":""},"product_brand":[],"product_cat":[14913],"product_tag":[],"class_list":{"0":"post-128318","1":"product","2":"type-product","3":"status-publish","4":"has-post-thumbnail","6":"product_cat-klavye-klavye-2","8":"first","9":"instock","10":"purchasable","11":"product-type-simple","12":"entry","13":"content-bg","14":"loop-entry"},"_links":{"self":[{"href":"https:\/\/www.hediyepazar.com\/index.php?rest_route=\/wp\/v2\/product\/128318","targetHints":{"allow":["GET"]}}],"collection":[{"href":"https:\/\/www.hediyepazar.com\/index.php?rest_route=\/wp\/v2\/product"}],"about":[{"href":"https:\/\/www.hediyepazar.com\/index.php?rest_route=\/wp\/v2\/types\/product"}],"replies":[{"embeddable":true,"href":"https:\/\/www.hediyepazar.com\/index.php?rest_route=%2Fwp%2Fv2%2Fcomments&post=128318"}],"wp:featuredmedia":[{"embeddable":true,"href":"https:\/\/www.hediyepazar.com\/index.php?rest_route=\/wp\/v2\/media\/128317"}],"wp:attachment":[{"href":"https:\/\/www.hediyepazar.com\/index.php?rest_route=%2Fwp%2Fv2%2Fmedia&parent=128318"}],"wp:term":[{"taxonomy":"product_brand","embeddable":true,"href":"https:\/\/www.hediyepazar.com\/index.php?rest_route=%2Fwp%2Fv2%2Fproduct_brand&post=128318"},{"taxonomy":"product_cat","embeddable":true,"href":"https:\/\/www.hediyepazar.com\/index.php?rest_route=%2Fwp%2Fv2%2Fproduct_cat&post=128318"},{"taxonomy":"product_tag","embeddable":true,"href":"https:\/\/www.hediyepazar.com\/index.php?rest_route=%2Fwp%2Fv2%2Fproduct_tag&post=128318"}],"curies":[{"name":"wp","href":"https:\/\/api.w.org\/{rel}","templated":true}]}}