{"id":128320,"date":"2026-05-07T01:08:48","date_gmt":"2026-05-07T04:08:48","guid":{"rendered":"https:\/\/www.hediyepazar.com\/?product=cep-boyutu-kablosuz-bluetooth-klavye-telefon-ve-tablet-uyumlu"},"modified":"2026-05-07T01:08:48","modified_gmt":"2026-05-07T04:08:48","slug":"cep-boyutu-kablosuz-bluetooth-klavye-telefon-ve-tablet-uyumlu","status":"publish","type":"product","link":"https:\/\/www.hediyepazar.com\/?product=cep-boyutu-kablosuz-bluetooth-klavye-telefon-ve-tablet-uyumlu","title":{"rendered":"Cep Boyutu Kablosuz Bluetooth Klavye Telefon ve Tablet Uyumlu"},"content":{"rendered":"<p>Kablosuz mini bluetooth klavye, telefon ve tabletlerle yaz\u0131 yazmay\u0131 daha kolay ve h\u0131zl\u0131 hale getiren pratik bir cihazd\u0131r. Bluetooth ba\u011flant\u0131 \u00f6zelli\u011fi sayesinde cihaz\u0131n\u0131za h\u0131zl\u0131 \u015fekilde ba\u011flanarak kablosuz kullan\u0131m sa\u011flar.Kompakt tasar\u0131m\u0131 sayesinde \u00e7antan\u0131zda kolayca ta\u015f\u0131nabilir ve istedi\u011finiz yerde kullanabilirsiniz.10 metreye kadar kablosuz ba\u011flant\u0131 mesafesi sayesinde cihaz\u0131n\u0131z\u0131 uzaktan kontrol edebilir ve konforlu kullan\u0131m elde edebilirsiniz.USB kablo ile \u015farj edilebilen bataryas\u0131 sayesinde tekrar tekrar kullan\u0131labilir.<\/p>\n","protected":false},"excerpt":{"rendered":"<p>Kablosuz mini bluetooth klavye, telefon ve tabletlerle yaz\u0131 yazmay\u0131 daha kolay ve h\u0131zl\u0131 hale getiren pratik bir cihazd\u0131r. Bluetooth ba\u011flant\u0131 \u00f6zelli\u011fi sayesinde cihaz\u0131n\u0131za h\u0131zl\u0131 \u015fekilde ba\u011flanarak kablosuz kullan\u0131m sa\u011flar.Kompakt tasar\u0131m\u0131 sayesinde \u00e7antan\u0131zda kolayca ta\u015f\u0131nabilir ve istedi\u011finiz yerde kullanabilirsiniz.10 metreye kadar kablosuz ba\u011flant\u0131 mesafesi sayesinde cihaz\u0131n\u0131z\u0131 uzaktan kontrol edebilir ve konforlu kullan\u0131m elde edebilirsiniz.USB kablo ile&#8230;<\/p>\n","protected":false},"featured_media":128319,"comment_status":"open","ping_status":"closed","template":"","meta":{"_kad_post_transparent":"","_kad_post_title":"","_kad_post_layout":"","_kad_post_sidebar_id":"","_kad_post_content_style":"","_kad_post_vertical_padding":"","_kad_post_feature":"","_kad_post_feature_position":"","_kad_post_header":false,"_kad_post_footer":false,"_kad_post_classname":""},"product_brand":[],"product_cat":[14913],"product_tag":[],"class_list":{"0":"post-128320","1":"product","2":"type-product","3":"status-publish","4":"has-post-thumbnail","6":"product_cat-klavye-klavye-2","8":"first","9":"instock","10":"purchasable","11":"product-type-simple","12":"entry","13":"content-bg","14":"loop-entry"},"_links":{"self":[{"href":"https:\/\/www.hediyepazar.com\/index.php?rest_route=\/wp\/v2\/product\/128320","targetHints":{"allow":["GET"]}}],"collection":[{"href":"https:\/\/www.hediyepazar.com\/index.php?rest_route=\/wp\/v2\/product"}],"about":[{"href":"https:\/\/www.hediyepazar.com\/index.php?rest_route=\/wp\/v2\/types\/product"}],"replies":[{"embeddable":true,"href":"https:\/\/www.hediyepazar.com\/index.php?rest_route=%2Fwp%2Fv2%2Fcomments&post=128320"}],"wp:featuredmedia":[{"embeddable":true,"href":"https:\/\/www.hediyepazar.com\/index.php?rest_route=\/wp\/v2\/media\/128319"}],"wp:attachment":[{"href":"https:\/\/www.hediyepazar.com\/index.php?rest_route=%2Fwp%2Fv2%2Fmedia&parent=128320"}],"wp:term":[{"taxonomy":"product_brand","embeddable":true,"href":"https:\/\/www.hediyepazar.com\/index.php?rest_route=%2Fwp%2Fv2%2Fproduct_brand&post=128320"},{"taxonomy":"product_cat","embeddable":true,"href":"https:\/\/www.hediyepazar.com\/index.php?rest_route=%2Fwp%2Fv2%2Fproduct_cat&post=128320"},{"taxonomy":"product_tag","embeddable":true,"href":"https:\/\/www.hediyepazar.com\/index.php?rest_route=%2Fwp%2Fv2%2Fproduct_tag&post=128320"}],"curies":[{"name":"wp","href":"https:\/\/api.w.org\/{rel}","templated":true}]}}