{"id":128322,"date":"2026-05-07T01:10:08","date_gmt":"2026-05-07T04:10:08","guid":{"rendered":"https:\/\/www.hediyepazar.com\/?product=tasinabilir-mini-bluetooth-klavye-sarjli-kablosuz-klavye"},"modified":"2026-05-07T01:10:08","modified_gmt":"2026-05-07T04:10:08","slug":"tasinabilir-mini-bluetooth-klavye-sarjli-kablosuz-klavye","status":"publish","type":"product","link":"https:\/\/www.hediyepazar.com\/?product=tasinabilir-mini-bluetooth-klavye-sarjli-kablosuz-klavye","title":{"rendered":"Ta\u015f\u0131nabilir Mini Bluetooth Klavye \u015earjl\u0131 Kablosuz Klavye"},"content":{"rendered":"<p>Mini bluetooth klavye, kablosuz ba\u011flant\u0131 \u00f6zelli\u011fi sayesinde telefon, tablet ve bilgisayarlarla uyumlu \u015fekilde kullan\u0131labilen kullan\u0131\u015fl\u0131 bir aksesuard\u0131r. Bluetooth teknolojisi sayesinde kablosuz ve pratik kullan\u0131m sa\u011flar.Ta\u015f\u0131nabilir ve kompakt tasar\u0131m\u0131 sayesinde \u00e7antada kolayca ta\u015f\u0131nabilir ve mobil kullan\u0131m i\u00e7in idealdir.10 metreye kadar ba\u011flant\u0131 mesafesi sayesinde uzaktan kullan\u0131m imkan\u0131 sunar.USB kablo ile \u015farj edilebilen dahili bataryas\u0131 sayesinde uzun s\u00fcreli kullan\u0131m sa\u011flar ve tekrar \u015farj edilerek kullan\u0131labilir.<\/p>\n","protected":false},"excerpt":{"rendered":"<p>Mini bluetooth klavye, kablosuz ba\u011flant\u0131 \u00f6zelli\u011fi sayesinde telefon, tablet ve bilgisayarlarla uyumlu \u015fekilde kullan\u0131labilen kullan\u0131\u015fl\u0131 bir aksesuard\u0131r. Bluetooth teknolojisi sayesinde kablosuz ve pratik kullan\u0131m sa\u011flar.Ta\u015f\u0131nabilir ve kompakt tasar\u0131m\u0131 sayesinde \u00e7antada kolayca ta\u015f\u0131nabilir ve mobil kullan\u0131m i\u00e7in idealdir.10 metreye kadar ba\u011flant\u0131 mesafesi sayesinde uzaktan kullan\u0131m imkan\u0131 sunar.USB kablo ile \u015farj edilebilen dahili bataryas\u0131 sayesinde uzun s\u00fcreli&#8230;<\/p>\n","protected":false},"featured_media":128321,"comment_status":"open","ping_status":"closed","template":"","meta":{"_kad_post_transparent":"","_kad_post_title":"","_kad_post_layout":"","_kad_post_sidebar_id":"","_kad_post_content_style":"","_kad_post_vertical_padding":"","_kad_post_feature":"","_kad_post_feature_position":"","_kad_post_header":false,"_kad_post_footer":false,"_kad_post_classname":""},"product_brand":[],"product_cat":[14913],"product_tag":[],"class_list":{"0":"post-128322","1":"product","2":"type-product","3":"status-publish","4":"has-post-thumbnail","6":"product_cat-klavye-klavye-2","8":"first","9":"instock","10":"purchasable","11":"product-type-simple","12":"entry","13":"content-bg","14":"loop-entry"},"_links":{"self":[{"href":"https:\/\/www.hediyepazar.com\/index.php?rest_route=\/wp\/v2\/product\/128322","targetHints":{"allow":["GET"]}}],"collection":[{"href":"https:\/\/www.hediyepazar.com\/index.php?rest_route=\/wp\/v2\/product"}],"about":[{"href":"https:\/\/www.hediyepazar.com\/index.php?rest_route=\/wp\/v2\/types\/product"}],"replies":[{"embeddable":true,"href":"https:\/\/www.hediyepazar.com\/index.php?rest_route=%2Fwp%2Fv2%2Fcomments&post=128322"}],"wp:featuredmedia":[{"embeddable":true,"href":"https:\/\/www.hediyepazar.com\/index.php?rest_route=\/wp\/v2\/media\/128321"}],"wp:attachment":[{"href":"https:\/\/www.hediyepazar.com\/index.php?rest_route=%2Fwp%2Fv2%2Fmedia&parent=128322"}],"wp:term":[{"taxonomy":"product_brand","embeddable":true,"href":"https:\/\/www.hediyepazar.com\/index.php?rest_route=%2Fwp%2Fv2%2Fproduct_brand&post=128322"},{"taxonomy":"product_cat","embeddable":true,"href":"https:\/\/www.hediyepazar.com\/index.php?rest_route=%2Fwp%2Fv2%2Fproduct_cat&post=128322"},{"taxonomy":"product_tag","embeddable":true,"href":"https:\/\/www.hediyepazar.com\/index.php?rest_route=%2Fwp%2Fv2%2Fproduct_tag&post=128322"}],"curies":[{"name":"wp","href":"https:\/\/api.w.org\/{rel}","templated":true}]}}