{"id":128324,"date":"2026-05-07T01:10:15","date_gmt":"2026-05-07T04:10:15","guid":{"rendered":"https:\/\/www.hediyepazar.com\/?product=kablosuz-mini-bluetooth-klavye-telefon-tablet-pc-uyumlu"},"modified":"2026-05-07T01:10:15","modified_gmt":"2026-05-07T04:10:15","slug":"kablosuz-mini-bluetooth-klavye-telefon-tablet-pc-uyumlu","status":"publish","type":"product","link":"https:\/\/www.hediyepazar.com\/?product=kablosuz-mini-bluetooth-klavye-telefon-tablet-pc-uyumlu","title":{"rendered":"Kablosuz Mini Bluetooth Klavye Telefon Tablet PC Uyumlu"},"content":{"rendered":"<p>Kablosuz mini bluetooth klavye, telefon ve tablet kullan\u0131m\u0131n\u0131 daha pratik hale getiren ta\u015f\u0131nabilir bir yaz\u0131 yazma \u00e7\u00f6z\u00fcm\u00fcd\u00fcr. Bluetooth ba\u011flant\u0131 \u00f6zelli\u011fi sayesinde kablo kullanmadan h\u0131zl\u0131 \u015fekilde cihaz\u0131n\u0131za ba\u011flan\u0131r.Kompakt ve hafif tasar\u0131m\u0131 sayesinde kolay ta\u015f\u0131nabilir ve farkl\u0131 ortamlarda kullan\u0131m sa\u011flar. \u00d6zellikle mobil cihazlarla yaz\u0131 yazarken b\u00fcy\u00fck kolayl\u0131k sunar.10 metreye kadar ba\u011flant\u0131 mesafesi sayesinde cihaz\u0131n\u0131z\u0131 uzaktan kontrol edebilir ve rahat kullan\u0131m elde edebilirsiniz.USB kablo ile \u015farj edilebilen dahili batarya sayesinde tekrar tekrar kullan\u0131labilir.<\/p>\n","protected":false},"excerpt":{"rendered":"<p>Kablosuz mini bluetooth klavye, telefon ve tablet kullan\u0131m\u0131n\u0131 daha pratik hale getiren ta\u015f\u0131nabilir bir yaz\u0131 yazma \u00e7\u00f6z\u00fcm\u00fcd\u00fcr. Bluetooth ba\u011flant\u0131 \u00f6zelli\u011fi sayesinde kablo kullanmadan h\u0131zl\u0131 \u015fekilde cihaz\u0131n\u0131za ba\u011flan\u0131r.Kompakt ve hafif tasar\u0131m\u0131 sayesinde kolay ta\u015f\u0131nabilir ve farkl\u0131 ortamlarda kullan\u0131m sa\u011flar. \u00d6zellikle mobil cihazlarla yaz\u0131 yazarken b\u00fcy\u00fck kolayl\u0131k sunar.10 metreye kadar ba\u011flant\u0131 mesafesi sayesinde cihaz\u0131n\u0131z\u0131 uzaktan kontrol edebilir&#8230;<\/p>\n","protected":false},"featured_media":128323,"comment_status":"open","ping_status":"closed","template":"","meta":{"_kad_post_transparent":"","_kad_post_title":"","_kad_post_layout":"","_kad_post_sidebar_id":"","_kad_post_content_style":"","_kad_post_vertical_padding":"","_kad_post_feature":"","_kad_post_feature_position":"","_kad_post_header":false,"_kad_post_footer":false,"_kad_post_classname":""},"product_brand":[],"product_cat":[14913],"product_tag":[],"class_list":{"0":"post-128324","1":"product","2":"type-product","3":"status-publish","4":"has-post-thumbnail","6":"product_cat-klavye-klavye-2","8":"first","9":"instock","10":"purchasable","11":"product-type-simple","12":"entry","13":"content-bg","14":"loop-entry"},"_links":{"self":[{"href":"https:\/\/www.hediyepazar.com\/index.php?rest_route=\/wp\/v2\/product\/128324","targetHints":{"allow":["GET"]}}],"collection":[{"href":"https:\/\/www.hediyepazar.com\/index.php?rest_route=\/wp\/v2\/product"}],"about":[{"href":"https:\/\/www.hediyepazar.com\/index.php?rest_route=\/wp\/v2\/types\/product"}],"replies":[{"embeddable":true,"href":"https:\/\/www.hediyepazar.com\/index.php?rest_route=%2Fwp%2Fv2%2Fcomments&post=128324"}],"wp:featuredmedia":[{"embeddable":true,"href":"https:\/\/www.hediyepazar.com\/index.php?rest_route=\/wp\/v2\/media\/128323"}],"wp:attachment":[{"href":"https:\/\/www.hediyepazar.com\/index.php?rest_route=%2Fwp%2Fv2%2Fmedia&parent=128324"}],"wp:term":[{"taxonomy":"product_brand","embeddable":true,"href":"https:\/\/www.hediyepazar.com\/index.php?rest_route=%2Fwp%2Fv2%2Fproduct_brand&post=128324"},{"taxonomy":"product_cat","embeddable":true,"href":"https:\/\/www.hediyepazar.com\/index.php?rest_route=%2Fwp%2Fv2%2Fproduct_cat&post=128324"},{"taxonomy":"product_tag","embeddable":true,"href":"https:\/\/www.hediyepazar.com\/index.php?rest_route=%2Fwp%2Fv2%2Fproduct_tag&post=128324"}],"curies":[{"name":"wp","href":"https:\/\/api.w.org\/{rel}","templated":true}]}}