{"id":128326,"date":"2026-05-07T01:10:22","date_gmt":"2026-05-07T04:10:22","guid":{"rendered":"https:\/\/www.hediyepazar.com\/?product=mini-bluetooth-klavye-kablosuz-tasinabilir-cep-boyutu-klavye"},"modified":"2026-05-07T01:10:22","modified_gmt":"2026-05-07T04:10:22","slug":"mini-bluetooth-klavye-kablosuz-tasinabilir-cep-boyutu-klavye","status":"publish","type":"product","link":"https:\/\/www.hediyepazar.com\/?product=mini-bluetooth-klavye-kablosuz-tasinabilir-cep-boyutu-klavye","title":{"rendered":"Mini Bluetooth Klavye Kablosuz Ta\u015f\u0131nabilir Cep Boyutu Klavye"},"content":{"rendered":"<p>Mini bluetooth klavye, kompakt ve ta\u015f\u0131nabilir yap\u0131s\u0131 sayesinde telefon, tablet ve bilgisayarlarla kolayca kullan\u0131labilen pratik bir kablosuz klavyedir. Bluetooth ba\u011flant\u0131 \u00f6zelli\u011fi sayesinde cihaz\u0131n\u0131za h\u0131zl\u0131 \u015fekilde ba\u011flanarak kablo gerektirmeden kullan\u0131m sa\u011flar.K\u00fc\u00e7\u00fck ve hafif tasar\u0131m\u0131 sayesinde \u00e7antan\u0131zda veya cebinizde kolayca ta\u015f\u0131nabilir. Bu sayede evde, ofiste veya seyahatlerde rahatl\u0131kla kullan\u0131labilir.Yakla\u015f\u0131k 10 metreye kadar kablosuz ba\u011flant\u0131 mesafesi sunan bluetooth teknolojisi sayesinde cihaz\u0131n\u0131z\u0131 uzaktan kontrol edebilir, mesaj yazabilir, internet gezintisi yapabilir veya video izleyebilirsiniz.USB kablo ile \u015farj edilebilen dahili bataryas\u0131 sayesinde uzun s\u00fcreli kullan\u0131m sunar ve tekrar \u015farj edilerek kullan\u0131labilir.<\/p>\n","protected":false},"excerpt":{"rendered":"<p>Mini bluetooth klavye, kompakt ve ta\u015f\u0131nabilir yap\u0131s\u0131 sayesinde telefon, tablet ve bilgisayarlarla kolayca kullan\u0131labilen pratik bir kablosuz klavyedir. Bluetooth ba\u011flant\u0131 \u00f6zelli\u011fi sayesinde cihaz\u0131n\u0131za h\u0131zl\u0131 \u015fekilde ba\u011flanarak kablo gerektirmeden kullan\u0131m sa\u011flar.K\u00fc\u00e7\u00fck ve hafif tasar\u0131m\u0131 sayesinde \u00e7antan\u0131zda veya cebinizde kolayca ta\u015f\u0131nabilir. Bu sayede evde, ofiste veya seyahatlerde rahatl\u0131kla kullan\u0131labilir.Yakla\u015f\u0131k 10 metreye kadar kablosuz ba\u011flant\u0131 mesafesi sunan bluetooth&#8230;<\/p>\n","protected":false},"featured_media":128325,"comment_status":"open","ping_status":"closed","template":"","meta":{"_kad_post_transparent":"","_kad_post_title":"","_kad_post_layout":"","_kad_post_sidebar_id":"","_kad_post_content_style":"","_kad_post_vertical_padding":"","_kad_post_feature":"","_kad_post_feature_position":"","_kad_post_header":false,"_kad_post_footer":false,"_kad_post_classname":""},"product_brand":[],"product_cat":[14913],"product_tag":[],"class_list":{"0":"post-128326","1":"product","2":"type-product","3":"status-publish","4":"has-post-thumbnail","6":"product_cat-klavye-klavye-2","8":"first","9":"instock","10":"purchasable","11":"product-type-simple","12":"entry","13":"content-bg","14":"loop-entry"},"_links":{"self":[{"href":"https:\/\/www.hediyepazar.com\/index.php?rest_route=\/wp\/v2\/product\/128326","targetHints":{"allow":["GET"]}}],"collection":[{"href":"https:\/\/www.hediyepazar.com\/index.php?rest_route=\/wp\/v2\/product"}],"about":[{"href":"https:\/\/www.hediyepazar.com\/index.php?rest_route=\/wp\/v2\/types\/product"}],"replies":[{"embeddable":true,"href":"https:\/\/www.hediyepazar.com\/index.php?rest_route=%2Fwp%2Fv2%2Fcomments&post=128326"}],"wp:featuredmedia":[{"embeddable":true,"href":"https:\/\/www.hediyepazar.com\/index.php?rest_route=\/wp\/v2\/media\/128325"}],"wp:attachment":[{"href":"https:\/\/www.hediyepazar.com\/index.php?rest_route=%2Fwp%2Fv2%2Fmedia&parent=128326"}],"wp:term":[{"taxonomy":"product_brand","embeddable":true,"href":"https:\/\/www.hediyepazar.com\/index.php?rest_route=%2Fwp%2Fv2%2Fproduct_brand&post=128326"},{"taxonomy":"product_cat","embeddable":true,"href":"https:\/\/www.hediyepazar.com\/index.php?rest_route=%2Fwp%2Fv2%2Fproduct_cat&post=128326"},{"taxonomy":"product_tag","embeddable":true,"href":"https:\/\/www.hediyepazar.com\/index.php?rest_route=%2Fwp%2Fv2%2Fproduct_tag&post=128326"}],"curies":[{"name":"wp","href":"https:\/\/api.w.org\/{rel}","templated":true}]}}