{"id":128330,"date":"2026-05-07T01:11:05","date_gmt":"2026-05-07T04:11:05","guid":{"rendered":"https:\/\/www.hediyepazar.com\/?product=arac-konsol-telefon-tutucu-360-doner-katlanabilir-stand"},"modified":"2026-05-07T01:11:05","modified_gmt":"2026-05-07T04:11:05","slug":"arac-konsol-telefon-tutucu-360-doner-katlanabilir-stand","status":"publish","type":"product","link":"https:\/\/www.hediyepazar.com\/?product=arac-konsol-telefon-tutucu-360-doner-katlanabilir-stand","title":{"rendered":"Ara\u00e7 Konsol Telefon Tutucu 360\u00b0 D\u00f6ner Katlanabilir Stand"},"content":{"rendered":"<p>Ara\u00e7 telefon tutucu, telefonunuzu ara\u00e7 i\u00e7inde sabitleyerek s\u00fcr\u00fc\u015f s\u0131ras\u0131nda daha g\u00fcvenli kullan\u0131m sa\u011flayan kullan\u0131\u015fl\u0131 bir \u00fcr\u00fcnd\u00fcr. Manyetik tasar\u0131m\u0131 sayesinde telefonunuzu h\u0131zl\u0131 ve kolay \u015fekilde yerle\u015ftirebilirsiniz.360 derece d\u00f6nebilen ba\u015fl\u0131k mekanizmas\u0131 sayesinde telefonunuzu istedi\u011finiz a\u00e7\u0131ya ayarlayabilirsiniz. Bu \u00f6zellik navigasyon kullan\u0131m\u0131n\u0131 daha rahat hale getirir.Katlanabilir tasar\u0131m\u0131 sayesinde \u00fcr\u00fcn farkl\u0131 a\u00e7\u0131larda kullan\u0131labilir ve gerekti\u011finde kompakt hale getirilebilir.Modern ve sade tasar\u0131m\u0131 sayesinde ara\u00e7 i\u00e7i kullan\u0131m i\u00e7in ideal bir \u00e7\u00f6z\u00fcmd\u00fcr.<\/p>\n","protected":false},"excerpt":{"rendered":"<p>Ara\u00e7 telefon tutucu, telefonunuzu ara\u00e7 i\u00e7inde sabitleyerek s\u00fcr\u00fc\u015f s\u0131ras\u0131nda daha g\u00fcvenli kullan\u0131m sa\u011flayan kullan\u0131\u015fl\u0131 bir \u00fcr\u00fcnd\u00fcr. Manyetik tasar\u0131m\u0131 sayesinde telefonunuzu h\u0131zl\u0131 ve kolay \u015fekilde yerle\u015ftirebilirsiniz.360 derece d\u00f6nebilen ba\u015fl\u0131k mekanizmas\u0131 sayesinde telefonunuzu istedi\u011finiz a\u00e7\u0131ya ayarlayabilirsiniz. Bu \u00f6zellik navigasyon kullan\u0131m\u0131n\u0131 daha rahat hale getirir.Katlanabilir tasar\u0131m\u0131 sayesinde \u00fcr\u00fcn farkl\u0131 a\u00e7\u0131larda kullan\u0131labilir ve gerekti\u011finde kompakt hale getirilebilir.Modern ve sade&#8230;<\/p>\n","protected":false},"featured_media":128329,"comment_status":"open","ping_status":"closed","template":"","meta":{"_kad_post_transparent":"","_kad_post_title":"","_kad_post_layout":"","_kad_post_sidebar_id":"","_kad_post_content_style":"","_kad_post_vertical_padding":"","_kad_post_feature":"","_kad_post_feature_position":"","_kad_post_header":false,"_kad_post_footer":false,"_kad_post_classname":""},"product_brand":[],"product_cat":[14983],"product_tag":[],"class_list":{"0":"post-128330","1":"product","2":"type-product","3":"status-publish","4":"has-post-thumbnail","6":"product_cat-telefon-tutucu-telefon-tutucu","8":"first","9":"instock","10":"purchasable","11":"product-type-simple","12":"entry","13":"content-bg","14":"loop-entry"},"_links":{"self":[{"href":"https:\/\/www.hediyepazar.com\/index.php?rest_route=\/wp\/v2\/product\/128330","targetHints":{"allow":["GET"]}}],"collection":[{"href":"https:\/\/www.hediyepazar.com\/index.php?rest_route=\/wp\/v2\/product"}],"about":[{"href":"https:\/\/www.hediyepazar.com\/index.php?rest_route=\/wp\/v2\/types\/product"}],"replies":[{"embeddable":true,"href":"https:\/\/www.hediyepazar.com\/index.php?rest_route=%2Fwp%2Fv2%2Fcomments&post=128330"}],"wp:featuredmedia":[{"embeddable":true,"href":"https:\/\/www.hediyepazar.com\/index.php?rest_route=\/wp\/v2\/media\/128329"}],"wp:attachment":[{"href":"https:\/\/www.hediyepazar.com\/index.php?rest_route=%2Fwp%2Fv2%2Fmedia&parent=128330"}],"wp:term":[{"taxonomy":"product_brand","embeddable":true,"href":"https:\/\/www.hediyepazar.com\/index.php?rest_route=%2Fwp%2Fv2%2Fproduct_brand&post=128330"},{"taxonomy":"product_cat","embeddable":true,"href":"https:\/\/www.hediyepazar.com\/index.php?rest_route=%2Fwp%2Fv2%2Fproduct_cat&post=128330"},{"taxonomy":"product_tag","embeddable":true,"href":"https:\/\/www.hediyepazar.com\/index.php?rest_route=%2Fwp%2Fv2%2Fproduct_tag&post=128330"}],"curies":[{"name":"wp","href":"https:\/\/api.w.org\/{rel}","templated":true}]}}