{"id":128332,"date":"2026-05-07T01:11:12","date_gmt":"2026-05-07T04:11:12","guid":{"rendered":"https:\/\/www.hediyepazar.com\/?product=dashboard-manyetik-telefon-tutucu-ayarlanabilir-telefon-standi"},"modified":"2026-05-07T01:11:12","modified_gmt":"2026-05-07T04:11:12","slug":"dashboard-manyetik-telefon-tutucu-ayarlanabilir-telefon-standi","status":"publish","type":"product","link":"https:\/\/www.hediyepazar.com\/?product=dashboard-manyetik-telefon-tutucu-ayarlanabilir-telefon-standi","title":{"rendered":"Dashboard Manyetik Telefon Tutucu Ayarlanabilir Telefon Stand\u0131"},"content":{"rendered":"<p>Katlanabilir manyetik ara\u00e7 telefon tutucu, telefonunuzu ara\u00e7 i\u00e7erisinde sabitleyerek navigasyon kullan\u0131m\u0131n\u0131 daha g\u00fcvenli ve pratik hale getirir. G\u00fc\u00e7l\u00fc m\u0131knat\u0131s sistemi sayesinde telefonunuzu sa\u011flam \u015fekilde tutar.360 derece d\u00f6nebilen ba\u015fl\u0131k sayesinde telefonunuzu yatay veya dikey \u015fekilde kullanabilirsiniz. Bu \u00f6zellik farkl\u0131 kullan\u0131m ihtiya\u00e7lar\u0131na uygun bir g\u00f6r\u00fc\u015f a\u00e7\u0131s\u0131 sunar.Katlanabilir tasar\u0131m\u0131 sayesinde \u00fcr\u00fcn kolayca ayarlanabilir ve kullan\u0131lmad\u0131\u011f\u0131nda kompakt hale getirilebilir.Dayan\u0131kl\u0131 malzemeden \u00fcretilmi\u015f yap\u0131s\u0131 sayesinde uzun s\u00fcreli kullan\u0131m i\u00e7in ideal bir ara\u00e7 aksesuar\u0131d\u0131r.<\/p>\n","protected":false},"excerpt":{"rendered":"<p>Katlanabilir manyetik ara\u00e7 telefon tutucu, telefonunuzu ara\u00e7 i\u00e7erisinde sabitleyerek navigasyon kullan\u0131m\u0131n\u0131 daha g\u00fcvenli ve pratik hale getirir. G\u00fc\u00e7l\u00fc m\u0131knat\u0131s sistemi sayesinde telefonunuzu sa\u011flam \u015fekilde tutar.360 derece d\u00f6nebilen ba\u015fl\u0131k sayesinde telefonunuzu yatay veya dikey \u015fekilde kullanabilirsiniz. Bu \u00f6zellik farkl\u0131 kullan\u0131m ihtiya\u00e7lar\u0131na uygun bir g\u00f6r\u00fc\u015f a\u00e7\u0131s\u0131 sunar.Katlanabilir tasar\u0131m\u0131 sayesinde \u00fcr\u00fcn kolayca ayarlanabilir ve kullan\u0131lmad\u0131\u011f\u0131nda kompakt hale getirilebilir.Dayan\u0131kl\u0131&#8230;<\/p>\n","protected":false},"featured_media":128331,"comment_status":"open","ping_status":"closed","template":"","meta":{"_kad_post_transparent":"","_kad_post_title":"","_kad_post_layout":"","_kad_post_sidebar_id":"","_kad_post_content_style":"","_kad_post_vertical_padding":"","_kad_post_feature":"","_kad_post_feature_position":"","_kad_post_header":false,"_kad_post_footer":false,"_kad_post_classname":""},"product_brand":[],"product_cat":[14983],"product_tag":[],"class_list":{"0":"post-128332","1":"product","2":"type-product","3":"status-publish","4":"has-post-thumbnail","6":"product_cat-telefon-tutucu-telefon-tutucu","8":"first","9":"instock","10":"purchasable","11":"product-type-simple","12":"entry","13":"content-bg","14":"loop-entry"},"_links":{"self":[{"href":"https:\/\/www.hediyepazar.com\/index.php?rest_route=\/wp\/v2\/product\/128332","targetHints":{"allow":["GET"]}}],"collection":[{"href":"https:\/\/www.hediyepazar.com\/index.php?rest_route=\/wp\/v2\/product"}],"about":[{"href":"https:\/\/www.hediyepazar.com\/index.php?rest_route=\/wp\/v2\/types\/product"}],"replies":[{"embeddable":true,"href":"https:\/\/www.hediyepazar.com\/index.php?rest_route=%2Fwp%2Fv2%2Fcomments&post=128332"}],"wp:featuredmedia":[{"embeddable":true,"href":"https:\/\/www.hediyepazar.com\/index.php?rest_route=\/wp\/v2\/media\/128331"}],"wp:attachment":[{"href":"https:\/\/www.hediyepazar.com\/index.php?rest_route=%2Fwp%2Fv2%2Fmedia&parent=128332"}],"wp:term":[{"taxonomy":"product_brand","embeddable":true,"href":"https:\/\/www.hediyepazar.com\/index.php?rest_route=%2Fwp%2Fv2%2Fproduct_brand&post=128332"},{"taxonomy":"product_cat","embeddable":true,"href":"https:\/\/www.hediyepazar.com\/index.php?rest_route=%2Fwp%2Fv2%2Fproduct_cat&post=128332"},{"taxonomy":"product_tag","embeddable":true,"href":"https:\/\/www.hediyepazar.com\/index.php?rest_route=%2Fwp%2Fv2%2Fproduct_tag&post=128332"}],"curies":[{"name":"wp","href":"https:\/\/api.w.org\/{rel}","templated":true}]}}