{"id":128334,"date":"2026-05-07T01:11:19","date_gmt":"2026-05-07T04:11:19","guid":{"rendered":"https:\/\/www.hediyepazar.com\/?product=arac-ici-manyetik-telefon-tutucu-katlanabilir-navigasyon-standi"},"modified":"2026-05-07T01:11:19","modified_gmt":"2026-05-07T04:11:19","slug":"arac-ici-manyetik-telefon-tutucu-katlanabilir-navigasyon-standi","status":"publish","type":"product","link":"https:\/\/www.hediyepazar.com\/?product=arac-ici-manyetik-telefon-tutucu-katlanabilir-navigasyon-standi","title":{"rendered":"Ara\u00e7 \u0130\u00e7i Manyetik Telefon Tutucu Katlanabilir Navigasyon Stand\u0131"},"content":{"rendered":"<p>Ara\u00e7 i\u00e7i manyetik telefon tutucu, telefonunuzu ara\u00e7 i\u00e7erisinde sabitleyerek s\u00fcr\u00fc\u015f s\u0131ras\u0131nda g\u00fcvenli kullan\u0131m sunan pratik bir aksesuard\u0131r. Dayan\u0131kl\u0131 malzemeden \u00fcretilmi\u015f g\u00f6vdesi sayesinde uzun s\u00fcreli kullan\u0131m i\u00e7in uygundur.Manyetik tutu\u015f \u00f6zelli\u011fi sayesinde telefonunuzu h\u0131zl\u0131 ve kolay \u015fekilde yerle\u015ftirebilir ve sabit \u015fekilde kullanabilirsiniz.360 derece d\u00f6nebilen mekanizmas\u0131 sayesinde telefonun a\u00e7\u0131s\u0131n\u0131 istedi\u011finiz \u015fekilde ayarlayabilirsiniz. Bu \u00f6zellik navigasyon ve telefon g\u00f6r\u00fc\u015fmelerinde daha rahat kullan\u0131m sa\u011flar.Katlanabilir yap\u0131s\u0131 sayesinde \u00fcr\u00fcn kullan\u0131lmad\u0131\u011f\u0131nda kolayca katlanarak ara\u00e7 i\u00e7inde yer tasarrufu sa\u011flar.<\/p>\n","protected":false},"excerpt":{"rendered":"<p>Ara\u00e7 i\u00e7i manyetik telefon tutucu, telefonunuzu ara\u00e7 i\u00e7erisinde sabitleyerek s\u00fcr\u00fc\u015f s\u0131ras\u0131nda g\u00fcvenli kullan\u0131m sunan pratik bir aksesuard\u0131r. Dayan\u0131kl\u0131 malzemeden \u00fcretilmi\u015f g\u00f6vdesi sayesinde uzun s\u00fcreli kullan\u0131m i\u00e7in uygundur.Manyetik tutu\u015f \u00f6zelli\u011fi sayesinde telefonunuzu h\u0131zl\u0131 ve kolay \u015fekilde yerle\u015ftirebilir ve sabit \u015fekilde kullanabilirsiniz.360 derece d\u00f6nebilen mekanizmas\u0131 sayesinde telefonun a\u00e7\u0131s\u0131n\u0131 istedi\u011finiz \u015fekilde ayarlayabilirsiniz. Bu \u00f6zellik navigasyon ve telefon g\u00f6r\u00fc\u015fmelerinde&#8230;<\/p>\n","protected":false},"featured_media":128333,"comment_status":"open","ping_status":"closed","template":"","meta":{"_kad_post_transparent":"","_kad_post_title":"","_kad_post_layout":"","_kad_post_sidebar_id":"","_kad_post_content_style":"","_kad_post_vertical_padding":"","_kad_post_feature":"","_kad_post_feature_position":"","_kad_post_header":false,"_kad_post_footer":false,"_kad_post_classname":""},"product_brand":[],"product_cat":[14983],"product_tag":[],"class_list":{"0":"post-128334","1":"product","2":"type-product","3":"status-publish","4":"has-post-thumbnail","6":"product_cat-telefon-tutucu-telefon-tutucu","8":"first","9":"instock","10":"purchasable","11":"product-type-simple","12":"entry","13":"content-bg","14":"loop-entry"},"_links":{"self":[{"href":"https:\/\/www.hediyepazar.com\/index.php?rest_route=\/wp\/v2\/product\/128334","targetHints":{"allow":["GET"]}}],"collection":[{"href":"https:\/\/www.hediyepazar.com\/index.php?rest_route=\/wp\/v2\/product"}],"about":[{"href":"https:\/\/www.hediyepazar.com\/index.php?rest_route=\/wp\/v2\/types\/product"}],"replies":[{"embeddable":true,"href":"https:\/\/www.hediyepazar.com\/index.php?rest_route=%2Fwp%2Fv2%2Fcomments&post=128334"}],"wp:featuredmedia":[{"embeddable":true,"href":"https:\/\/www.hediyepazar.com\/index.php?rest_route=\/wp\/v2\/media\/128333"}],"wp:attachment":[{"href":"https:\/\/www.hediyepazar.com\/index.php?rest_route=%2Fwp%2Fv2%2Fmedia&parent=128334"}],"wp:term":[{"taxonomy":"product_brand","embeddable":true,"href":"https:\/\/www.hediyepazar.com\/index.php?rest_route=%2Fwp%2Fv2%2Fproduct_brand&post=128334"},{"taxonomy":"product_cat","embeddable":true,"href":"https:\/\/www.hediyepazar.com\/index.php?rest_route=%2Fwp%2Fv2%2Fproduct_cat&post=128334"},{"taxonomy":"product_tag","embeddable":true,"href":"https:\/\/www.hediyepazar.com\/index.php?rest_route=%2Fwp%2Fv2%2Fproduct_tag&post=128334"}],"curies":[{"name":"wp","href":"https:\/\/api.w.org\/{rel}","templated":true}]}}